{"id":107,"date":"2011-05-08T15:01:37","date_gmt":"2011-05-08T13:01:37","guid":{"rendered":"http:\/\/s141058958.onlinehome.fr\/wp\/?page_id=107"},"modified":"2025-11-29T16:16:53","modified_gmt":"2025-11-29T15:16:53","slug":"lufa-du-bts-hotellerie","status":"publish","type":"page","link":"https:\/\/lyceedechamalieres.fr\/?page_id=107","title":{"rendered":"la formation par Apprentissage du BTS Management en HR"},"content":{"rendered":"<p><img loading=\"lazy\" decoding=\"async\" class=\"alignnone size-large wp-image-15055\" src=\"https:\/\/lyceedechamalieres.fr\/wp-content\/uploads\/2025\/11\/bts-mhr-1-1024x256.jpg\" alt=\"\" width=\"860\" height=\"215\" srcset=\"https:\/\/lyceedechamalieres.fr\/wp-content\/uploads\/2025\/11\/bts-mhr-1-1024x256.jpg 1024w, https:\/\/lyceedechamalieres.fr\/wp-content\/uploads\/2025\/11\/bts-mhr-1-300x75.jpg 300w, https:\/\/lyceedechamalieres.fr\/wp-content\/uploads\/2025\/11\/bts-mhr-1-768x192.jpg 768w, https:\/\/lyceedechamalieres.fr\/wp-content\/uploads\/2025\/11\/bts-mhr-1-1536x384.jpg 1536w, https:\/\/lyceedechamalieres.fr\/wp-content\/uploads\/2025\/11\/bts-mhr-1-1320x330.jpg 1320w, https:\/\/lyceedechamalieres.fr\/wp-content\/uploads\/2025\/11\/bts-mhr-1.jpg 1600w\" sizes=\"auto, (max-width: 860px) 100vw, 860px\" \/><br \/>\n<img loading=\"lazy\" decoding=\"async\" class=\"alignleft wp-image-9404\" src=\"http:\/\/www.lyceedechamalieres.fr\/wp-content\/uploads\/2019\/09\/DL_02_BTS-260x300.png\" alt=\"\" width=\"140\" height=\"162\" srcset=\"https:\/\/lyceedechamalieres.fr\/wp-content\/uploads\/2019\/09\/DL_02_BTS-260x300.png 260w, https:\/\/lyceedechamalieres.fr\/wp-content\/uploads\/2019\/09\/DL_02_BTS.png 600w\" sizes=\"auto, (max-width: 140px) 100vw, 140px\" \/><\/p>\n<p>Le secteur de l\u2019h\u00f4tellerie et de la restauration rassemble une tr\u00e8s grande diversit\u00e9 d\u2019activit\u00e9s, d\u2019entreprises (de l\u2019entreprise individuelle aux grands groupes internationaux, de l\u2019h\u00f4tellerie de luxe au caf\u00e9 restaurant en passant par les r\u00e9sidences de tourisme, l\u2019h\u00f4tellerie de plein air, mais \u00e9galement les \u00e9tablissements d\u2019h\u00e9bergement pour personnes \u00e2g\u00e9es d\u00e9pendantes \u2026) et d\u2019emplois.<\/p>\n<p>Le ou la titulaire d\u2019un Brevet de Technicien Sup\u00e9rieur \u00ab Management en h\u00f4tellerie et restauration (MHR) \u00bb intervient dans le secteur de l\u2019h\u00f4tellerie, de la restauration et des activit\u00e9s de loisirs pour produire des services et encadrer les \u00e9quipes. Selon l\u2019option du BTS, il r\u00e9alise des activit\u00e9s :<\/p>\n<ul>\n<li>Option A : dans les domaines de la restauration<\/li>\n<li>Option B : de la production culinaire<\/li>\n<li>Option C : de l\u2019h\u00e9bergement<\/li>\n<\/ul>\n<p>Apr\u00e8s une ou plusieurs exp\u00e9riences professionnelles, le titulaire du BTS Management en h\u00f4tellerie restauration pourra se voir proposer des postes de responsabilit\u00e9 tels que :<\/p>\n<p style=\"padding-left: 40px;\"><strong>Management des unit\u00e9s de restauration (option A)<\/strong><br \/>\nMa\u00eetre d\u2019h\u00f4tel (MH)<br \/>\nAssistant de direction de restauration<br \/>\nSommelier<br \/>\nDirecteur adjoint<br \/>\nChef barman<br \/>\nDirecteur<\/p>\n<p style=\"padding-left: 40px;\"><strong>Management des unit\u00e9s de production culinaire (option B)<\/strong><br \/>\nDemi-chef de partie<br \/>\nChef de cuisine<br \/>\nChef de partie<br \/>\nResponsable de production<br \/>\nSecond de cuisine<br \/>\nDirecteur adjoint<br \/>\nDirecteur<\/p>\n<p style=\"padding-left: 40px;\"><strong>Management des unit\u00e9s d&rsquo;h\u00e9bergement (option C)<\/strong><br \/>\nAssistant(e) gouvernant(e)<br \/>\nResponsable de l&rsquo;accueil<br \/>\nRevenue ou yield manager<br \/>\nGouvernant(e) g\u00e9n\u00e9ral(e)<br \/>\nCommunity manager<br \/>\nChef de r\u00e9ception<br \/>\nAssistant(e) chef de r\u00e9ception<br \/>\nDirecteur de l&rsquo;h\u00e9bergement<\/p>\n<h5>Alternance<\/h5>\n<p>\u2022 4 semaines \/4 semaines (environ d\u00e9pend des vacances scolaires et des dates d\u2019examen)<br \/>\n\u2022 20 semaines de 35h au lyc\u00e9e par ann\u00e9e<br \/>\n\u2022 trois visites par an : 1er entretien au lyc\u00e9e entre le tuteur, l\u2019apprenti et la coordinatrice dans les deux premiers mois, les autres visites ont lieu en entreprise.<br \/>\n\u2022 Pas de vacances scolaires pour l\u2019apprenti, gain de cong\u00e9s pay\u00e9s comme tout salari\u00e9 (du 1er juin au 31 mai)<br \/>\n\u2022 Contrat de 24 mois (possibilit\u00e9 d\u2019aide \u00e0 la recherche d\u2019entreprise)<br \/>\n\u2022 Poste : avec responsabilit\u00e9s au fur et \u00e0 mesure de l\u2019apprentissage si possible (encadrement stagiaire, tenue poste seul, aide \u00e0 la r\u00e9alisation du planning personnel\u2026)<\/p>\n<h5>R\u00e9mun\u00e9ration<\/h5>\n<p>Voir ce lien : <a href=\"https:\/\/www.lapprenti.com\/html\/apprenti\/salaire.asp\" target=\"_blank\" rel=\"noopener\">https:\/\/www.lapprenti.com\/html\/apprenti\/salaire.asp<\/a><\/p>\n<h5>Condition d&rsquo;acc\u00e8s<\/h5>\n<p>Tout candidat doit suivre obligatoirement la proc\u00e9dure d\u2019inscription dans l\u2019enseignement sup\u00e9rieur sur le site parcoursup.fr en postulant sur l&rsquo;une des formations en apprentissage suivantes (\u00e0 pr\u00e9ciser sur le CV),<br \/>\n\u2022 BTS MHR option A : Management d&rsquo;Unit\u00e9 de Restauration<br \/>\n\u2022 BTS MHR option B : Management d&rsquo;Unit\u00e9 de Production Culinaire<br \/>\n\u2022 BTS MHR option C : Management d&rsquo;Unit\u00e9 d&rsquo;H\u00e9bergement<\/p>\n<p>Le choix de l&rsquo;option est indispensable d\u00e8s le d\u00e9but en apprentissage afin de pouvoir faire valider le contrat d&rsquo;apprentissage qui comporte obligatoirement le code du dipl\u00f4me. Celle-ci doit \u00e9galement \u00eatre en lien avec le poste occup\u00e9 en entreprise.<\/p>\n<p>Des entretiens de recrutement, en plus de l\u2019\u00e9tude des dossiers, auront lieu courant mai dans le but d&rsquo;affiner la s\u00e9lection. Les convocations seront envoy\u00e9es par mail.<br \/>\nIl n\u2019est pas n\u00e9cessaire d\u2019avoir d\u00e9j\u00e0 une entreprise pour postuler.<\/p>\n<h5>R\u00e9partition de l&rsquo;enseignement<\/h5>\n<p>35h de cours par semaine (consid\u00e9r\u00e9es comme du temps de travail donc soumises aux r\u00e8gles du code du travail pour les absences) r\u00e9partis entre les mati\u00e8res suivantes :<\/p>\n<p>\u2022 Culture g\u00e9n\u00e9rale et expression<br \/>\n\u2022 2 langues vivantes (LV1 Anglais et LV2 Allemand, Espagnol ou Italien)<br \/>\n\u2022 EPEH (Gestion et \u00c9conomie-Droit)<br \/>\n\u2022 MEHMS (Management et Mercatique)<br \/>\n\u2022 Sciences en HR<br \/>\n\u2022 Ing\u00e9nierie en HR<br \/>\n\u2022 Mati\u00e8res Professionnelles : Cuisine, H\u00e9bergement et Restaurant pour tous en 1\u00e8re ann\u00e9e puis seulement la mati\u00e8re professionnelle correspondant \u00e0 l&rsquo;option en 2\u00e8me ann\u00e9e.<\/p>\n<h5>R\u00e9sultats<\/h5>\n<p>Taux d\u2019insertion professionnelle\u00a0: 80%<br \/>\nTaux en poursuites d\u2019\u00e9tudes\u00a0: 20%<\/p>\n<p><img loading=\"lazy\" decoding=\"async\" class=\"alignnone size-large wp-image-14979\" src=\"https:\/\/lyceedechamalieres.fr\/wp-content\/uploads\/2025\/11\/ppage-1024x173.png\" alt=\"\" width=\"860\" height=\"145\" srcset=\"https:\/\/lyceedechamalieres.fr\/wp-content\/uploads\/2025\/11\/ppage-1024x173.png 1024w, https:\/\/lyceedechamalieres.fr\/wp-content\/uploads\/2025\/11\/ppage-300x51.png 300w, https:\/\/lyceedechamalieres.fr\/wp-content\/uploads\/2025\/11\/ppage-768x130.png 768w, https:\/\/lyceedechamalieres.fr\/wp-content\/uploads\/2025\/11\/ppage-1320x223.png 1320w, https:\/\/lyceedechamalieres.fr\/wp-content\/uploads\/2025\/11\/ppage.png 1467w\" sizes=\"auto, (max-width: 860px) 100vw, 860px\" \/><\/p>\n<hr \/>\n<p>&nbsp;<\/p>\n<p><center><img loading=\"lazy\" decoding=\"async\" class=\"\" src=\"http:\/\/www.lyceedechamalieres.fr\/picto.gif\" alt=\"\" width=\"41\" height=\"41\" \/><br \/>\n<div class=\"pdfprnt-buttons\"><a href=\"https:\/\/lyceedechamalieres.fr\/index.php?rest_route=wpv2pages107&print=print\" class=\"pdfprnt-button pdfprnt-button-print\" target=\"_blank\" ><span class=\"pdfprnt-button-title pdfprnt-button-print-title\">T\u00e9l\u00e9charger un PDF avec le contenu de cette page<\/span><\/a><\/div><\/center>&nbsp;<\/p>\n","protected":false},"excerpt":{"rendered":"<p>Le secteur de l\u2019h\u00f4tellerie et de la restauration rassemble une tr\u00e8s grande diversit\u00e9 d\u2019activit\u00e9s, d\u2019entreprises (de l\u2019entreprise individuelle aux grands groupes internationaux, de l\u2019h\u00f4tellerie de [&#8230;]<\/p>\n","protected":false},"author":1,"featured_media":0,"parent":98,"menu_order":45,"comment_status":"closed","ping_status":"open","template":"","meta":{"footnotes":""},"class_list":["post-107","page","type-page","status-publish","hentry"],"_links":{"self":[{"href":"https:\/\/lyceedechamalieres.fr\/index.php?rest_route=\/wp\/v2\/pages\/107","targetHints":{"allow":["GET"]}}],"collection":[{"href":"https:\/\/lyceedechamalieres.fr\/index.php?rest_route=\/wp\/v2\/pages"}],"about":[{"href":"https:\/\/lyceedechamalieres.fr\/index.php?rest_route=\/wp\/v2\/types\/page"}],"author":[{"embeddable":true,"href":"https:\/\/lyceedechamalieres.fr\/index.php?rest_route=\/wp\/v2\/users\/1"}],"replies":[{"embeddable":true,"href":"https:\/\/lyceedechamalieres.fr\/index.php?rest_route=%2Fwp%2Fv2%2Fcomments&post=107"}],"version-history":[{"count":31,"href":"https:\/\/lyceedechamalieres.fr\/index.php?rest_route=\/wp\/v2\/pages\/107\/revisions"}],"predecessor-version":[{"id":15056,"href":"https:\/\/lyceedechamalieres.fr\/index.php?rest_route=\/wp\/v2\/pages\/107\/revisions\/15056"}],"up":[{"embeddable":true,"href":"https:\/\/lyceedechamalieres.fr\/index.php?rest_route=\/wp\/v2\/pages\/98"}],"wp:attachment":[{"href":"https:\/\/lyceedechamalieres.fr\/index.php?rest_route=%2Fwp%2Fv2%2Fmedia&parent=107"}],"curies":[{"name":"wp","href":"https:\/\/api.w.org\/{rel}","templated":true}]}}