{"id":115,"date":"2011-05-08T15:07:57","date_gmt":"2011-05-08T13:07:57","guid":{"rendered":"http:\/\/s141058958.onlinehome.fr\/wp\/?page_id=115"},"modified":"2025-11-29T08:44:33","modified_gmt":"2025-11-29T07:44:33","slug":"la-mention-complementaire-sommellerie","status":"publish","type":"page","link":"https:\/\/lyceedechamalieres.fr\/?page_id=115","title":{"rendered":"le Certificat de Sp\u00e9cialisation Sommellerie"},"content":{"rendered":"<p><img loading=\"lazy\" decoding=\"async\" class=\"alignnone size-large wp-image-15012\" src=\"https:\/\/lyceedechamalieres.fr\/wp-content\/uploads\/2025\/11\/cs-som-1024x256.jpg\" alt=\"\" width=\"860\" height=\"215\" srcset=\"https:\/\/lyceedechamalieres.fr\/wp-content\/uploads\/2025\/11\/cs-som-1024x256.jpg 1024w, https:\/\/lyceedechamalieres.fr\/wp-content\/uploads\/2025\/11\/cs-som-300x75.jpg 300w, https:\/\/lyceedechamalieres.fr\/wp-content\/uploads\/2025\/11\/cs-som-768x192.jpg 768w, https:\/\/lyceedechamalieres.fr\/wp-content\/uploads\/2025\/11\/cs-som-1536x384.jpg 1536w, https:\/\/lyceedechamalieres.fr\/wp-content\/uploads\/2025\/11\/cs-som-1320x330.jpg 1320w, https:\/\/lyceedechamalieres.fr\/wp-content\/uploads\/2025\/11\/cs-som.jpg 1600w\" sizes=\"auto, (max-width: 860px) 100vw, 860px\" \/><\/p>\n<p>Cette formation dipl\u00f4mante est une qualification compl\u00e9mentaire aux m\u00e9tiers de la restauration. Elle est extr\u00eamement valorisante sur le march\u00e9 du travail. Les programmes, l\u2019organisation et les \u00e9valuations de l\u2019examen sont r\u00e9alis\u00e9s en partenariat et avec le soutien de l&rsquo;Union de la Sommellerie Fran\u00e7aise.<\/p>\n<h5>D\u00e9bouch\u00e9s et insertion professionnelle<\/h5>\n<p>Le titulaire de ce certificat participe \u00e0 la s\u00e9lection, la vente et au service des vins et des alcools sous le contr\u00f4le d\u2019un chef sommelier. Il conna\u00eet les vins, leur conditionnement, la localisation des vignobles et la l\u00e9gislation sur la commercialisation des boissons.<\/p>\n<p>Le sommelier participe \u00e0 l\u2019achat, \u00e0 la r\u00e9ception et \u00e0 la v\u00e9rification des livraisons. Il range les bouteilles et surveille les vins. Il pr\u00e9pare le service en mettant en place la cave du jour.<br \/>\nPar ailleurs, il participe \u00e0 la promotion des ventes et au service. Il sait marier les mets et les vins, ce qui lui permet de conseiller les clients avant de prendre les commandes.<\/p>\n<p>Le dipl\u00f4m\u00e9 d\u00e9bute comme commis sommelier dans un h\u00f4tel, un restaurant \u00e9toil\u00e9 ou non ou un bar \u00e0 vins. Il peut aussi rejoindre \u00e0 terme la grande distribution ou les magasins sp\u00e9cialis\u00e9s.<\/p>\n<p>Les professionnels de la restauration sont tr\u00e8s sensibles au fait que leurs employ\u00e9s connaissent et sachent vendre les produits (vins, spiritueux\u2026) propos\u00e9s \u00e0 la client\u00e8le. Cette formation apporte une qualification compl\u00e9mentaire au service de restaurant.<\/p>\n<p>Le titulaire du dipl\u00f4me a sa place aux postes suivants :<\/p>\n<ul>\n<li>Sommelier,<\/li>\n<li>Caviste,<\/li>\n<li>Responsable rayon vins et spiritueux,<\/li>\n<li>Commercialisation des vins\u2026<\/li>\n<\/ul>\n<h5>Qualit\u00e9s requises<\/h5>\n<p>L\u2019Employ\u00e9 Sommelier doit avoir des connaissances techniques sp\u00e9cifiques \u00e0 la restauration et des qualit\u00e9s commerciales, une excellente m\u00e9moire, des connaissances en g\u00e9ographie et de bonnes bases en langues \u00e9trang\u00e8res (anglais notamment), ainsi que le go\u00fbt pour les arts de la table. Le sommelier se doit d&rsquo;\u00eatre rigoureux dans son travail et curieux de son m\u00e9tier et de son environnement.<\/p>\n<h5>Admission<\/h5>\n<p>Tout candidat doit suivre obligatoirement la proc\u00e9dure d\u2019inscription dans l\u2019enseignement sup\u00e9rieur sur le site www.parcoursup.fr \u00e0 partir de janvier.<\/p>\n<h5>Scolarit\u00e9<\/h5>\n<p>Les \u00e9l\u00e8ves inscrits sous statut scolaire en CS Sommellerie sont lyc\u00e9ens. A ce titre, ils peuvent \u00eatre boursiers du secondaire sous r\u00e9serve de n\u2019avoir jamais \u00e9t\u00e9 boursiers de l\u2019enseignement sup\u00e9rieur (CROUS). Ils peuvent \u00e9galement, en cas de besoin, recourir au fonds social lyc\u00e9en.<\/p>\n<h5>Trousseau<\/h5>\n<p>La base de la tenue vestimentaire de restaurant (pantalon noir ou jupe noire, chemise ou chemisier blanc, chaussures noires et cravate noire) devra \u00eatre compl\u00e9t\u00e9e d\u2019un TABLIER NOIR, d\u2019un RONDIN de sommelier et d&rsquo;un insigne argent\u00e9. (Co\u00fbt environ : 110 \u20ac. Les manuels scolaires sont \u00e0 la charge des familles).<\/p>\n<h5>R\u00e9partition de l&rsquo;enseignement<\/h5>\n<h6>Domaine Professionnel<\/h6>\n<ul>\n<li>Connaissance des Vignobles<\/li>\n<li>Travaux pratiques de cave et de sommellerie<\/li>\n<li>\u0152nologie<\/li>\n<li>Technologie et l\u00e9gislation des boissons<\/li>\n<li>Analyse sensorielle des vins<\/li>\n<\/ul>\n<p>Cette formation propose d\u2019accentuer les connaissances sur les vins bio, biodynamiques et natures.<\/p>\n<h6>Enseignement G\u00e9n\u00e9ral<\/h6>\n<ul>\n<li>Langue vivante (anglais)<\/li>\n<\/ul>\n<h5>Stages en entreprise<\/h5>\n<p>Les \u00e9l\u00e8ves effectuent 2 p\u00e9riodes de formation en entreprise, prises en compte pour l\u2019obtention de l\u2019examen :<\/p>\n<ul>\n<li>4 \u00e0 5 semaines en exploitation viticole,<\/li>\n<li>8 semaines de sommellerie en restauration gastronomique dont 15 jours pris sur les vacances scolaires.<\/li>\n<\/ul>\n<p>Les terrains de stage sont d\u00e9termin\u00e9s par l\u2019\u00e9quipe p\u00e9dagogique.<\/p>\n<p>Depuis septembre 2023, les \u00e9l\u00e8ves per\u00e7oivent une allocation de l\u2019\u00e9tat pour chaque semaine de formation en entreprise (d\u00e9cret 2023-765 du 11\/08\/2023).<\/p>\n<p><img loading=\"lazy\" decoding=\"async\" class=\"alignnone size-large wp-image-14979\" src=\"https:\/\/lyceedechamalieres.fr\/wp-content\/uploads\/2025\/11\/ppage-1024x173.png\" alt=\"\" width=\"860\" height=\"145\" srcset=\"https:\/\/lyceedechamalieres.fr\/wp-content\/uploads\/2025\/11\/ppage-1024x173.png 1024w, https:\/\/lyceedechamalieres.fr\/wp-content\/uploads\/2025\/11\/ppage-300x51.png 300w, https:\/\/lyceedechamalieres.fr\/wp-content\/uploads\/2025\/11\/ppage-768x130.png 768w, https:\/\/lyceedechamalieres.fr\/wp-content\/uploads\/2025\/11\/ppage-1320x223.png 1320w, https:\/\/lyceedechamalieres.fr\/wp-content\/uploads\/2025\/11\/ppage.png 1467w\" sizes=\"auto, (max-width: 860px) 100vw, 860px\" \/><\/p>\n<hr \/>\n<p>&nbsp;<\/p>\n<p><center><br \/>\n<img loading=\"lazy\" decoding=\"async\" class=\"\" src=\"http:\/\/www.lyceedechamalieres.fr\/picto.gif\" alt=\"\" width=\"41\" height=\"41\" \/><br \/>\n<div class=\"pdfprnt-buttons\"><a href=\"https:\/\/lyceedechamalieres.fr\/index.php?rest_route=wpv2pages115&print=print\" class=\"pdfprnt-button pdfprnt-button-print\" target=\"_blank\" ><span class=\"pdfprnt-button-title pdfprnt-button-print-title\">T\u00e9l\u00e9charger un PDF avec le contenu de cette page<\/span><\/a><\/div><\/center>&nbsp;<\/p>\n","protected":false},"excerpt":{"rendered":"<p>Cette formation dipl\u00f4mante est une qualification compl\u00e9mentaire aux m\u00e9tiers de la restauration. Elle est extr\u00eamement valorisante sur le march\u00e9 du travail. Les programmes, l\u2019organisation et [&#8230;]<\/p>\n","protected":false},"author":1,"featured_media":0,"parent":71,"menu_order":0,"comment_status":"closed","ping_status":"open","template":"","meta":{"footnotes":""},"class_list":["post-115","page","type-page","status-publish","hentry"],"_links":{"self":[{"href":"https:\/\/lyceedechamalieres.fr\/index.php?rest_route=\/wp\/v2\/pages\/115","targetHints":{"allow":["GET"]}}],"collection":[{"href":"https:\/\/lyceedechamalieres.fr\/index.php?rest_route=\/wp\/v2\/pages"}],"about":[{"href":"https:\/\/lyceedechamalieres.fr\/index.php?rest_route=\/wp\/v2\/types\/page"}],"author":[{"embeddable":true,"href":"https:\/\/lyceedechamalieres.fr\/index.php?rest_route=\/wp\/v2\/users\/1"}],"replies":[{"embeddable":true,"href":"https:\/\/lyceedechamalieres.fr\/index.php?rest_route=%2Fwp%2Fv2%2Fcomments&post=115"}],"version-history":[{"count":31,"href":"https:\/\/lyceedechamalieres.fr\/index.php?rest_route=\/wp\/v2\/pages\/115\/revisions"}],"predecessor-version":[{"id":15041,"href":"https:\/\/lyceedechamalieres.fr\/index.php?rest_route=\/wp\/v2\/pages\/115\/revisions\/15041"}],"up":[{"embeddable":true,"href":"https:\/\/lyceedechamalieres.fr\/index.php?rest_route=\/wp\/v2\/pages\/71"}],"wp:attachment":[{"href":"https:\/\/lyceedechamalieres.fr\/index.php?rest_route=%2Fwp%2Fv2%2Fmedia&parent=115"}],"curies":[{"name":"wp","href":"https:\/\/api.w.org\/{rel}","templated":true}]}}