{"id":1152,"date":"2011-06-06T08:41:42","date_gmt":"2011-06-06T06:41:42","guid":{"rendered":"http:\/\/www.lyceedechamalieres.fr\/?page_id=1152"},"modified":"2020-09-17T09:38:08","modified_gmt":"2020-09-17T07:38:08","slug":"documents-a-telecharger-2","status":"publish","type":"page","link":"https:\/\/lyceedechamalieres.fr\/?page_id=1152","title":{"rendered":"Documents BTS MHR"},"content":{"rendered":"<a href=\"\/_pdf\/annexes_circulaire_nationale_bts_mhr_2020.pdf\" class=\"pdfemb-viewer\" style=\"\" data-width=\"max\" data-height=\"max\" data-mobile-width=\"500\"  data-scrollbar=\"none\" data-download=\"on\" data-tracking=\"on\" data-newwindow=\"on\" data-pagetextbox=\"off\" data-scrolltotop=\"off\" data-startzoom=\"100\" data-startfpzoom=\"100\" data-toolbar=\"both\" data-toolbar-fixed=\"off\">annexes_circulaire_nationale_bts_mhr_2020<br\/><\/a>\n<p>En cas de difficult\u00e9 d&rsquo;affichage, vous pouvez \u00e9galement t\u00e9l\u00e9charger <a href=\"http:\/\/www.lyceedechamalieres.fr\/_pdf\/annexes_circulaire_nationale_bts_mhr_2020.pdf\" target=\"_blank\" rel=\"noopener noreferrer\">le fichier .pdf directement sur ce lien<\/a>.<\/p>\n","protected":false},"excerpt":{"rendered":"<p>En cas de difficult\u00e9 d&rsquo;affichage, vous pouvez \u00e9galement t\u00e9l\u00e9charger le fichier .pdf directement sur ce lien.<\/p>\n","protected":false},"author":1,"featured_media":0,"parent":391,"menu_order":53,"comment_status":"closed","ping_status":"open","template":"","meta":{"footnotes":""},"class_list":["post-1152","page","type-page","status-publish","hentry"],"_links":{"self":[{"href":"https:\/\/lyceedechamalieres.fr\/index.php?rest_route=\/wp\/v2\/pages\/1152","targetHints":{"allow":["GET"]}}],"collection":[{"href":"https:\/\/lyceedechamalieres.fr\/index.php?rest_route=\/wp\/v2\/pages"}],"about":[{"href":"https:\/\/lyceedechamalieres.fr\/index.php?rest_route=\/wp\/v2\/types\/page"}],"author":[{"embeddable":true,"href":"https:\/\/lyceedechamalieres.fr\/index.php?rest_route=\/wp\/v2\/users\/1"}],"replies":[{"embeddable":true,"href":"https:\/\/lyceedechamalieres.fr\/index.php?rest_route=%2Fwp%2Fv2%2Fcomments&post=1152"}],"version-history":[{"count":8,"href":"https:\/\/lyceedechamalieres.fr\/index.php?rest_route=\/wp\/v2\/pages\/1152\/revisions"}],"predecessor-version":[{"id":10206,"href":"https:\/\/lyceedechamalieres.fr\/index.php?rest_route=\/wp\/v2\/pages\/1152\/revisions\/10206"}],"up":[{"embeddable":true,"href":"https:\/\/lyceedechamalieres.fr\/index.php?rest_route=\/wp\/v2\/pages\/391"}],"wp:attachment":[{"href":"https:\/\/lyceedechamalieres.fr\/index.php?rest_route=%2Fwp%2Fv2%2Fmedia&parent=1152"}],"curies":[{"name":"wp","href":"https:\/\/api.w.org\/{rel}","templated":true}]}}