{"id":117,"date":"2011-05-08T15:10:21","date_gmt":"2011-05-08T13:10:21","guid":{"rendered":"http:\/\/s141058958.onlinehome.fr\/wp\/?page_id=117"},"modified":"2026-03-18T06:34:57","modified_gmt":"2026-03-18T05:34:57","slug":"la-mention-complementaire-cuisinier-en-desserts-de-restaurant","status":"publish","type":"page","link":"https:\/\/lyceedechamalieres.fr\/?page_id=117","title":{"rendered":"le Certificat de Sp\u00e9cialisation Desserts de Restaurant"},"content":{"rendered":"<p><img loading=\"lazy\" decoding=\"async\" class=\"alignnone size-large wp-image-15005\" src=\"https:\/\/lyceedechamalieres.fr\/wp-content\/uploads\/2025\/11\/cs-dessert-1024x256.jpg\" alt=\"\" width=\"860\" height=\"215\" srcset=\"https:\/\/lyceedechamalieres.fr\/wp-content\/uploads\/2025\/11\/cs-dessert-1024x256.jpg 1024w, https:\/\/lyceedechamalieres.fr\/wp-content\/uploads\/2025\/11\/cs-dessert-300x75.jpg 300w, https:\/\/lyceedechamalieres.fr\/wp-content\/uploads\/2025\/11\/cs-dessert-768x192.jpg 768w, https:\/\/lyceedechamalieres.fr\/wp-content\/uploads\/2025\/11\/cs-dessert-1536x384.jpg 1536w, https:\/\/lyceedechamalieres.fr\/wp-content\/uploads\/2025\/11\/cs-dessert-1320x330.jpg 1320w, https:\/\/lyceedechamalieres.fr\/wp-content\/uploads\/2025\/11\/cs-dessert.jpg 1600w\" sizes=\"auto, (max-width: 860px) 100vw, 860px\" \/><br \/>\nLe CS de Cuisinier en Desserts de Restaurant forme des cuisiniers sp\u00e9cialis\u00e9s dans la conception et la r\u00e9alisation de desserts \u00e0 l\u2019assiette.<\/p>\n<p>Le cuisinier en desserts de restaurant travaille au sein d\u2019une brigade de cuisine.<br \/>\nIl con\u00e7oit, r\u00e9alise et sert des entremets sal\u00e9s et sucr\u00e9s ainsi que des desserts de restaurant. Il veille \u00e0 l\u2019entretien et \u00e0 la mise en place du mat\u00e9riel n\u00e9cessaire \u00e0 la production (locaux, ustensiles).<br \/>\nIl assure le suivi des commandes et l\u2019approvisionnement de son poste de travail (achat, r\u00e9ception et stockage des denr\u00e9es), et effectue un contr\u00f4le qualit\u00e9 de ses produits (conservation, temp\u00e9rature de stockage) et de ses productions (conditionnement). Pour mener \u00e0 bien toutes ces op\u00e9rations, il doit conna\u00eetre les produits nouveaux et les mat\u00e9riels utilis\u00e9s en atelier de p\u00e2tisserie et de cuisine.<\/p>\n<h5>Qualit\u00e9s requises<\/h5>\n<p>Le cuisinier en desserts de restaurant doit faire preuve d\u2019un grand respect des normes d\u2019hygi\u00e8ne et de propret\u00e9, normes HACCP, de vivacit\u00e9, de discipline et d\u2019organisation, de r\u00e9sistance physique, d\u2019un sens artistique d\u00e9velopp\u00e9 et d\u2019une bonne capacit\u00e9 d\u2019organisation.<\/p>\n<h5>Poursuite des \u00e9tudes et d\u00e9bouch\u00e9s professionnels<\/h5>\n<p>La pluricomp\u00e9tence sp\u00e9cialis\u00e9e acquise par l\u2019\u00e9l\u00e8ve doit lui permettre de s\u2019int\u00e9grer \u00e0 une brigade de cuisine de restauration gastronomique en participant de fa\u00e7on privil\u00e9gi\u00e9e \u00e0 la conception, la r\u00e9alisation et le service de prestations gastronomiques sal\u00e9es ou sucr\u00e9es de qualit\u00e9.<br \/>\nLe cuisinier en desserts de restaurant doit avoir une technique professionnelle rigoureuse, efficace et jouer un r\u00f4le pr\u00e9cis dans l\u2019organisation de l\u2019entreprise.<br \/>\nEn fonction de ses comp\u00e9tences personnelles et apr\u00e8s une p\u00e9riode d\u2019adaptation, l\u2019apprenant pourra pr\u00e9tendre \u00e0 un poste de chef de partie.<br \/>\nLes besoins de la profession en la mati\u00e8re sont importants et le partenariat que l\u2019\u00e9tablissement a d\u00e9velopp\u00e9 avec la profession permettra aux apprenants de disposer d\u2019un circuit d\u2019embauche privil\u00e9gi\u00e9 au sein du secteur de la restauration gastronomique.<\/p>\n<h5>Conditions d&rsquo;acc\u00e8s<\/h5>\n<p>Certificat d\u2019aptitude professionnelle (cuisine), Baccalaur\u00e9at professionnel (cuisine),<br \/>\nBrevet de technicien sup\u00e9rieur h\u00f4tellerie \u2013 restauration (option B).<\/p>\n<h5>Recrutement et inscription<\/h5>\n<p>Un dossier de candidature est \u00e0 t\u00e9l\u00e9charger sur notre site internet ou \u00e0 demander par courrier au lyc\u00e9e \u00e0 partir du mois de f\u00e9vrier (joindre une enveloppe format A4 timbr\u00e9e au tarif 50 grammes).<br \/>\nLe dossier sera examin\u00e9 en commission d\u00e9but mai en prenant en compte la s\u00e9lection des notes et aussi des appr\u00e9ciations des enseignants sur les bulletins.<br \/>\nChaque \u00e9l\u00e8ve admis recevra, fin mai, un dossier d\u2019inscription. Les \u00e9l\u00e8ves inscrits sous statut scolaire en CS Cuisinier en Dessert de Restaurant sont lyc\u00e9ens. \u00c0 ce titre, ils peuvent \u00eatre boursiers du secondaire sous r\u00e9serve de n\u2019avoir jamais \u00e9t\u00e9 boursiers de l\u2019enseignement sup\u00e9rieur (CROUS). Ils peuvent \u00e9galement, en cas de besoin, recourir au fonds social lyc\u00e9en.<\/p>\n<p><strong>Trousseau<\/strong><\/p>\n<ul>\n<li>Une balance \u00e9lectronique (au gramme pr\u00e8s),<\/li>\n<li>Une sonde de cuisson,<\/li>\n<li>Une tenue de cuisine (mod\u00e8le obligatoire valid\u00e9 par le lyc\u00e9e),<\/li>\n<li>Une mallette (mod\u00e8le obligatoire valid\u00e9 par le lyc\u00e9e).<\/li>\n<\/ul>\n<h5>R\u00e9partition de l&rsquo;enseignement<\/h5>\n<h6>Domaine professionnel<\/h6>\n<ul>\n<li>Atelier<\/li>\n<li>Technologie<\/li>\n<li>Sciences appliqu\u00e9es<\/li>\n<li>Gestion appliqu\u00e9e<\/li>\n<li>Arts appliqu\u00e9s<\/li>\n<\/ul>\n<h6>Enseignement g\u00e9n\u00e9ral<\/h6>\n<ul>\n<li>Fran\u00e7ais<\/li>\n<li>Langue vivante (Anglais)<\/li>\n<\/ul>\n<p>Depuis septembre 2023, les \u00e9l\u00e8ves per\u00e7oivent une allocation de l\u2019\u00e9tat de 100 \u20ac pour chaque semaine de formation en entreprise (d\u00e9cret 2023-765 du 11\/08\/2023).<\/p>\n<p><img loading=\"lazy\" decoding=\"async\" class=\"alignnone size-large wp-image-14979\" src=\"https:\/\/lyceedechamalieres.fr\/wp-content\/uploads\/2025\/11\/ppage-1024x173.png\" alt=\"\" width=\"860\" height=\"145\" srcset=\"https:\/\/lyceedechamalieres.fr\/wp-content\/uploads\/2025\/11\/ppage-1024x173.png 1024w, https:\/\/lyceedechamalieres.fr\/wp-content\/uploads\/2025\/11\/ppage-300x51.png 300w, https:\/\/lyceedechamalieres.fr\/wp-content\/uploads\/2025\/11\/ppage-768x130.png 768w, https:\/\/lyceedechamalieres.fr\/wp-content\/uploads\/2025\/11\/ppage-1320x223.png 1320w, https:\/\/lyceedechamalieres.fr\/wp-content\/uploads\/2025\/11\/ppage.png 1467w\" sizes=\"auto, (max-width: 860px) 100vw, 860px\" \/><\/p>\n<hr \/>\n<p>&nbsp;<\/p>\n<p><center><br \/>\n<img loading=\"lazy\" decoding=\"async\" class=\"\" src=\"http:\/\/www.lyceedechamalieres.fr\/picto.gif\" alt=\"\" width=\"41\" height=\"41\" \/><br \/>\n<div class=\"pdfprnt-buttons\"><a href=\"https:\/\/lyceedechamalieres.fr\/index.php?rest_route=wpv2pages117&print=print\" class=\"pdfprnt-button pdfprnt-button-print\" target=\"_blank\" ><span class=\"pdfprnt-button-title pdfprnt-button-print-title\">T\u00e9l\u00e9charger un PDF avec le contenu de cette page<\/span><\/a><\/div><\/center>&nbsp;<\/p>\n<h5>T\u00e9l\u00e9charger le dossier d&rsquo;inscription voie scolaire<\/h5>\n<a href=\"\/_pdf\/fiche-mcdr.pdf\" class=\"pdfemb-viewer\" style=\"\" data-width=\"max\" data-height=\"max\" data-mobile-width=\"500\"  data-scrollbar=\"none\" data-download=\"on\" data-tracking=\"on\" data-newwindow=\"on\" data-pagetextbox=\"off\" data-scrolltotop=\"off\" data-startzoom=\"100\" data-startfpzoom=\"100\" data-toolbar=\"both\" data-toolbar-fixed=\"off\">fiche-mcdr<br\/><\/a>\n<h5>T\u00e9l\u00e9charger le dossier d&rsquo;inscription alternance<\/h5>\n<a href=\"\/_pdf\/fiche-mcdr-alt.pdf\" class=\"pdfemb-viewer\" style=\"\" data-width=\"max\" data-height=\"max\" data-mobile-width=\"500\"  data-scrollbar=\"none\" data-download=\"on\" data-tracking=\"on\" data-newwindow=\"on\" data-pagetextbox=\"off\" data-scrolltotop=\"off\" data-startzoom=\"100\" data-startfpzoom=\"100\" data-toolbar=\"both\" data-toolbar-fixed=\"off\">fiche-mcdr-alt<br\/><\/a>\n","protected":false},"excerpt":{"rendered":"<p>Le CS de Cuisinier en Desserts de Restaurant forme des cuisiniers sp\u00e9cialis\u00e9s dans la conception et la r\u00e9alisation de desserts \u00e0 l\u2019assiette. Le cuisinier en [&#8230;]<\/p>\n","protected":false},"author":1,"featured_media":0,"parent":62,"menu_order":35,"comment_status":"closed","ping_status":"open","template":"","meta":{"footnotes":""},"class_list":["post-117","page","type-page","status-publish","hentry"],"_links":{"self":[{"href":"https:\/\/lyceedechamalieres.fr\/index.php?rest_route=\/wp\/v2\/pages\/117","targetHints":{"allow":["GET"]}}],"collection":[{"href":"https:\/\/lyceedechamalieres.fr\/index.php?rest_route=\/wp\/v2\/pages"}],"about":[{"href":"https:\/\/lyceedechamalieres.fr\/index.php?rest_route=\/wp\/v2\/types\/page"}],"author":[{"embeddable":true,"href":"https:\/\/lyceedechamalieres.fr\/index.php?rest_route=\/wp\/v2\/users\/1"}],"replies":[{"embeddable":true,"href":"https:\/\/lyceedechamalieres.fr\/index.php?rest_route=%2Fwp%2Fv2%2Fcomments&post=117"}],"version-history":[{"count":32,"href":"https:\/\/lyceedechamalieres.fr\/index.php?rest_route=\/wp\/v2\/pages\/117\/revisions"}],"predecessor-version":[{"id":15306,"href":"https:\/\/lyceedechamalieres.fr\/index.php?rest_route=\/wp\/v2\/pages\/117\/revisions\/15306"}],"up":[{"embeddable":true,"href":"https:\/\/lyceedechamalieres.fr\/index.php?rest_route=\/wp\/v2\/pages\/62"}],"wp:attachment":[{"href":"https:\/\/lyceedechamalieres.fr\/index.php?rest_route=%2Fwp%2Fv2%2Fmedia&parent=117"}],"curies":[{"name":"wp","href":"https:\/\/api.w.org\/{rel}","templated":true}]}}