{"id":119,"date":"2011-05-08T15:11:23","date_gmt":"2011-05-08T13:11:23","guid":{"rendered":"http:\/\/s141058958.onlinehome.fr\/wp\/?page_id=119"},"modified":"2025-12-12T09:13:18","modified_gmt":"2025-12-12T08:13:18","slug":"la-formation-continue-des-adultes-avec-le-greta","status":"publish","type":"page","link":"https:\/\/lyceedechamalieres.fr\/?page_id=119","title":{"rendered":"la Formation Continue avec le GRETA Auvergne"},"content":{"rendered":"<p><img loading=\"lazy\" decoding=\"async\" class=\"alignleft wp-image-14569\" src=\"https:\/\/lyceedechamalieres.fr\/wp-content\/uploads\/2025\/06\/logo-greta.png\" alt=\"\" width=\"290\" height=\"104\" srcset=\"https:\/\/lyceedechamalieres.fr\/wp-content\/uploads\/2025\/06\/logo-greta.png 390w, https:\/\/lyceedechamalieres.fr\/wp-content\/uploads\/2025\/06\/logo-greta-300x108.png 300w\" sizes=\"auto, (max-width: 290px) 100vw, 290px\" \/>Op\u00e9rateur de formation public reconnu sur le territoire auvergnat depuis plus de 50 ans, le Greta Auvergne apporte des r\u00e9ponses formations de proximit\u00e9 \u00e0 tous types de publics\u202f: jeunes et adultes, salari\u00e9s et demandeurs d\u2019emploi et \u00e0 toute personne d\u00e9sireuse de se former \u00e0 titre individuel.<br \/>\n<strong>Nos domaines de formation\u202f:<\/strong> b\u00e2timent, industrie, h\u00f4tellerie-restauration, secr\u00e9tariat, comptabilit\u00e9, gestion, commerce, sanitaire et social, transport-logistique, m\u00e9tiers d\u2019art et de la mode, multim\u00e9dia\u2026<br \/>\n<strong>Notre force\u202f:<\/strong> un r\u00e9seau de 72 \u00e9tablissements adh\u00e9rents, des plateaux techniques innovants et performants, l\u2019expertise p\u00e9dagogique de nos intervenants, les modalit\u00e9s d\u2019apprentissage et l\u2019utilisation des nouveaux outils num\u00e9riques.<\/p>\n<p><img loading=\"lazy\" decoding=\"async\" class=\" wp-image-14560 aligncenter\" src=\"https:\/\/lyceedechamalieres.fr\/wp-content\/uploads\/2025\/06\/greta-1024x350.jpg\" alt=\"\" width=\"622\" height=\"213\" srcset=\"https:\/\/lyceedechamalieres.fr\/wp-content\/uploads\/2025\/06\/greta-1024x350.jpg 1024w, https:\/\/lyceedechamalieres.fr\/wp-content\/uploads\/2025\/06\/greta-300x103.jpg 300w, https:\/\/lyceedechamalieres.fr\/wp-content\/uploads\/2025\/06\/greta-768x263.jpg 768w, https:\/\/lyceedechamalieres.fr\/wp-content\/uploads\/2025\/06\/greta.jpg 1090w\" sizes=\"auto, (max-width: 622px) 100vw, 622px\" \/><\/p>\n<h4>La formation continue au lyc\u00e9e VGE<\/h4>\n<p>Le lyc\u00e9e Val\u00e9ry Giscard d\u2019Estaing, affili\u00e9 au r\u00e9seau des GRETA d&rsquo;Auvergne, s&rsquo;appuie sur une \u00e9quipe d\u2019intervenants (enseignants, formateurs et professionnels) exp\u00e9riment\u00e9s dans le domaine de l\u2019H\u00f4tellerie Restauration\u202f:<\/p>\n<p>\u25ba des formations collectives\u202f:<\/p>\n<ul>\n<li>CAP Cuisine<\/li>\n<li>Titre professionnel Employ\u00e9 Polyvalent en Restauration<\/li>\n<li>D\u00e9couverte des m\u00e9tiers de l&rsquo;h\u00f4tellerie-restauration<\/li>\n<li>Certificat de sp\u00e9cialisation Accueil R\u00e9ception (Niveau 4)<\/li>\n<li>Certificat de sp\u00e9cialisation Sommellerie (Niveau 3)<\/li>\n<li>Certificat de sp\u00e9cialisation Cuisinier en dessert de restaurant (Niveau 3)<\/li>\n<li>Brevet Professionnel Sommellerie (Niveau 4)<\/li>\n<li>Formation R\u00e9glementaire Hygi\u00e8ne Alimentaire (14 heures)<\/li>\n<\/ul>\n<p>\u25ba des formations individualis\u00e9es et modulaires, selon les besoins et les financements de chacun, par des int\u00e9grations individuelles dans les sections de la formation initiale.<\/p>\n<p><img loading=\"lazy\" decoding=\"async\" class=\"alignnone size-large wp-image-14572\" src=\"https:\/\/lyceedechamalieres.fr\/wp-content\/uploads\/2025\/06\/greta-diapo-1024x193.jpg\" alt=\"\" width=\"860\" height=\"162\" srcset=\"https:\/\/lyceedechamalieres.fr\/wp-content\/uploads\/2025\/06\/greta-diapo-1024x193.jpg 1024w, https:\/\/lyceedechamalieres.fr\/wp-content\/uploads\/2025\/06\/greta-diapo-300x57.jpg 300w, https:\/\/lyceedechamalieres.fr\/wp-content\/uploads\/2025\/06\/greta-diapo-768x145.jpg 768w, https:\/\/lyceedechamalieres.fr\/wp-content\/uploads\/2025\/06\/greta-diapo-1320x249.jpg 1320w, https:\/\/lyceedechamalieres.fr\/wp-content\/uploads\/2025\/06\/greta-diapo.jpg 1519w\" sizes=\"auto, (max-width: 860px) 100vw, 860px\" \/><\/p>\n<h4>Nos r\u00e9sultats<\/h4>\n<p><strong>CAP Cuisine<\/strong><\/p>\n<ul>\n<li>2023 : 100 % de r\u00e9ussite<\/li>\n<li>2024 : 100 % de r\u00e9ussite<\/li>\n<li>2025 : 100 % de r\u00e9ussite<\/li>\n<li>60 stagiaires form\u00e9s (entre 2021 et 2025)<\/li>\n<li>100 % de taux d\u2019insertion professionnelle (session 2025)<\/li>\n<li>100 % des stagiaires recommandent la formation (taux de satisfaction stagiaires &#8211; session 2025)<\/li>\n<\/ul>\n<p><strong>Titre professionnel Employ\u00e9 Polyvalent en Restauration<\/strong><\/p>\n<ul>\n<li>en 2022 : 90 % de r\u00e9ussite \u00e0 la certification<\/li>\n<li>en 2025 : 95 % de r\u00e9ussite \u00e0 la certification<\/li>\n<\/ul>\n<h5><\/h5>\n<h4>Contact<\/h4>\n<p>Pour toute demande de renseignement, merci de contacter :<\/p>\n<p>Mme TAILLEFUMIER C\u00e9line (Conseill\u00e8re en Formation Professionnelle)<br \/>\n<img loading=\"lazy\" decoding=\"async\" class=\"alignnone size-full wp-image-14565\" src=\"https:\/\/lyceedechamalieres.fr\/wp-content\/uploads\/2025\/06\/mel.jpg\" alt=\"\" width=\"14\" height=\"10\" \/> &#x63;&#101;l&#x69;&#110;&#101;&#x2e;&#x74;&#97;i&#x6c;&#108;e&#x66;&#x75;&#109;i&#x65;&#114;&#64;&#x61;&#x63;&#45;c&#x6c;&#101;r&#x6d;&#x6f;&#110;t&#x2e;&#102;r<\/p>\n<p>Mme ROUMAUD Karine (Charg\u00e9e de Mission)<br \/>\n<img loading=\"lazy\" decoding=\"async\" class=\"alignnone size-full wp-image-14565\" src=\"https:\/\/lyceedechamalieres.fr\/wp-content\/uploads\/2025\/06\/mel.jpg\" alt=\"\" width=\"14\" height=\"10\" \/> &#x6b;&#x61;&#x72;&#x69;&#x6e;&#x65;&#x2e;&#x72;&#x6f;&#x75;&#x6d;&#x61;&#x75;&#x64;&#64;&#97;&#99;&#45;&#99;&#108;&#101;&#114;&#109;&#111;&#110;t&#46;fr<\/p>\n<p>GRETA Auvergne &#8211; Lyc\u00e9e Lafayette<br \/>\n21 Bd Robert Schuman \u2013 BP 90053<br \/>\n63064 Clermont-Ferrand Cedex 1<br \/>\nT\u00e9l\u00e9phone\u202f: 04 73 26 35 06<\/p>\n<p><img loading=\"lazy\" decoding=\"async\" class=\"size-full wp-image-14566 alignnone\" src=\"https:\/\/lyceedechamalieres.fr\/wp-content\/uploads\/2025\/06\/logo2-greta.png\" alt=\"\" width=\"400\" height=\"289\" srcset=\"https:\/\/lyceedechamalieres.fr\/wp-content\/uploads\/2025\/06\/logo2-greta.png 400w, https:\/\/lyceedechamalieres.fr\/wp-content\/uploads\/2025\/06\/logo2-greta-300x217.png 300w\" sizes=\"auto, (max-width: 400px) 100vw, 400px\" \/><\/p>\n<p>Lien vers le <a href=\"https:\/\/greta.ac-clermont.fr\/\" target=\"_blank\" rel=\"noopener\">site Internet du GRETA d&rsquo;Auvergne<\/a><br \/>\nLien vers la <a href=\"https:\/\/www.facebook.com\/reseau.greta.auvergne\" target=\"_blank\" rel=\"noopener\">page Facebook du GRETA d&rsquo;Auvergne<\/a><\/p>\n","protected":false},"excerpt":{"rendered":"<p>Op\u00e9rateur de formation public reconnu sur le territoire auvergnat depuis plus de 50 ans, le Greta Auvergne apporte des r\u00e9ponses formations de proximit\u00e9 \u00e0 tous [&#8230;]<\/p>\n","protected":false},"author":1,"featured_media":0,"parent":62,"menu_order":97,"comment_status":"closed","ping_status":"closed","template":"","meta":{"footnotes":""},"class_list":["post-119","page","type-page","status-publish","hentry"],"_links":{"self":[{"href":"https:\/\/lyceedechamalieres.fr\/index.php?rest_route=\/wp\/v2\/pages\/119","targetHints":{"allow":["GET"]}}],"collection":[{"href":"https:\/\/lyceedechamalieres.fr\/index.php?rest_route=\/wp\/v2\/pages"}],"about":[{"href":"https:\/\/lyceedechamalieres.fr\/index.php?rest_route=\/wp\/v2\/types\/page"}],"author":[{"embeddable":true,"href":"https:\/\/lyceedechamalieres.fr\/index.php?rest_route=\/wp\/v2\/users\/1"}],"replies":[{"embeddable":true,"href":"https:\/\/lyceedechamalieres.fr\/index.php?rest_route=%2Fwp%2Fv2%2Fcomments&post=119"}],"version-history":[{"count":44,"href":"https:\/\/lyceedechamalieres.fr\/index.php?rest_route=\/wp\/v2\/pages\/119\/revisions"}],"predecessor-version":[{"id":15102,"href":"https:\/\/lyceedechamalieres.fr\/index.php?rest_route=\/wp\/v2\/pages\/119\/revisions\/15102"}],"up":[{"embeddable":true,"href":"https:\/\/lyceedechamalieres.fr\/index.php?rest_route=\/wp\/v2\/pages\/62"}],"wp:attachment":[{"href":"https:\/\/lyceedechamalieres.fr\/index.php?rest_route=%2Fwp%2Fv2%2Fmedia&parent=119"}],"curies":[{"name":"wp","href":"https:\/\/api.w.org\/{rel}","templated":true}]}}