{"id":14849,"date":"2025-11-20T06:36:23","date_gmt":"2025-11-20T05:36:23","guid":{"rendered":"https:\/\/lyceedechamalieres.fr\/?page_id=14849"},"modified":"2025-11-28T06:35:40","modified_gmt":"2025-11-28T05:35:40","slug":"les-mini-stages-dimmersion","status":"publish","type":"page","link":"https:\/\/lyceedechamalieres.fr\/?page_id=14849","title":{"rendered":"les mini-stages d&rsquo;immersion"},"content":{"rendered":"<p>Nos fili\u00e8res vous int\u00e9ressent ?<\/p>\n<p><img loading=\"lazy\" decoding=\"async\" class=\"alignnone size-full wp-image-14949\" src=\"https:\/\/lyceedechamalieres.fr\/wp-content\/uploads\/2025\/11\/metierslycee.jpg\" alt=\"\" width=\"1400\" height=\"187\" srcset=\"https:\/\/lyceedechamalieres.fr\/wp-content\/uploads\/2025\/11\/metierslycee.jpg 1400w, https:\/\/lyceedechamalieres.fr\/wp-content\/uploads\/2025\/11\/metierslycee-300x40.jpg 300w, https:\/\/lyceedechamalieres.fr\/wp-content\/uploads\/2025\/11\/metierslycee-1024x137.jpg 1024w, https:\/\/lyceedechamalieres.fr\/wp-content\/uploads\/2025\/11\/metierslycee-768x103.jpg 768w, https:\/\/lyceedechamalieres.fr\/wp-content\/uploads\/2025\/11\/metierslycee-1320x176.jpg 1320w\" sizes=\"auto, (max-width: 1400px) 100vw, 1400px\" \/><\/p>\n<p>Vous souhaitez d\u00e9couvrir nos ateliers, notre fonctionnement, en vous immergeant dans une s\u00e9ance professionnelle au milieu de nos \u00e9l\u00e8ves&#8230;<\/p>\n<h3><strong>D\u00e9couvrez nos mini-stages d&rsquo;immersion !<\/strong><\/h3>\n<p>Quatre types de stages sont propos\u00e9s :<\/p>\n<ul>\n<li><strong>mini-stage-Pro<\/strong> : d\u00e9couverte du <a href=\"https:\/\/lyceedechamalieres.fr\/?page_id=78\">bac professionnel<\/a>, du <a href=\"https:\/\/lyceedechamalieres.fr\/?page_id=73\">CAP<\/a> (pour les coll\u00e9giens)*, du <a href=\"https:\/\/lyceedechamalieres.fr\/?page_id=9837\">BP Sommellerie<\/a> et des certificats de sp\u00e9cialisation (ex MC) <a href=\"https:\/\/lyceedechamalieres.fr\/?page_id=112\">Accueil-R\u00e9ception<\/a>, <a href=\"https:\/\/lyceedechamalieres.fr\/?page_id=115\">Sommellerie<\/a> et <a href=\"https:\/\/lyceedechamalieres.fr\/?page_id=117\">Dessert de Restaurant<\/a> (pour les lyc\u00e9ens)<\/li>\n<li><strong>mini-stage-techno<\/strong> : d\u00e9couverte du <a href=\"https:\/\/lyceedechamalieres.fr\/?page_id=80\">bac technologique<\/a> pour les coll\u00e9giens<\/li>\n<li><strong>mini-stage-BTS<\/strong> : d\u00e9couverte de la <a href=\"https:\/\/lyceedechamalieres.fr\/?page_id=101\">mise \u00e0 niveau<\/a> (MAN) et des <a href=\"https:\/\/lyceedechamalieres.fr\/?page_id=11789\">BTS<\/a> (pour les lyc\u00e9ens)<\/li>\n<li><strong>passerelle<\/strong> : pour les changements d&rsquo;orientation (r\u00e9serv\u00e9 aux \u00e9tablissements scolaires)<\/li>\n<\/ul>\n<p><strong>*Important : Le CAP PSR<\/strong> est un CAP d&rsquo;insertion d\u00e9di\u00e9 aux \u00e9l\u00e8ves sortant de SEGPA ou d&rsquo;ULIS. En cas d&rsquo;accompagnement pr\u00e9visible par l&rsquo;ULIS, merci de contacter le lyc\u00e9e par mail : &#x75;&#108;&#x69;&#x73;&#46;&#x76;&#x67;&#101;&#x40;&#x61;&#99;&#x2d;&#x63;l&#x65;&#x72;m&#x6f;&#110;t&#x2e;&#102;r<\/p>\n<h3>Vous \u00eates parents, professeur principal, ou \u00e9l\u00e8ves en coll\u00e8ge ou en lyc\u00e9e<\/h3>\n<p><a href=\"https:\/\/portail.mini-stage.fr\/etablissement-chamalieres\/calendrier-public\/month\" target=\"_blank\" rel=\"noopener\"><img loading=\"lazy\" decoding=\"async\" class=\"alignnone wp-image-14875\" src=\"https:\/\/lyceedechamalieres.fr\/wp-content\/uploads\/2025\/11\/clic.png\" alt=\"\" width=\"17\" height=\"20\" \/><\/a><a href=\"https:\/\/portail.mini-stage.fr\/etablissement-chamalieres\/calendrier-public\/month\" target=\"_blank\" rel=\"noopener\"> Cliquer sur ce lien<\/a> pour d\u00e9couvrir la liste des stages propos\u00e9s.<\/p>\n<p><strong>Vous souhaitez inscrire une personne \u00e0 un stage ? <\/strong>Vous \u00eates <strong>un \u00e9tudiant ou un parent,<\/strong> veuillez communiquer \u00e0 votre \u00e9tablissement actuel les informations suivantes, afin que le personnel p\u00e9dagogique proc\u00e8de \u00e0 l&rsquo;inscription :<\/p>\n<ul>\n<li>Le num\u00e9ro de stage<\/li>\n<li>L&rsquo;adresse courte de la plateforme : <strong><strong>bit.ly\/stagecham<\/strong><\/strong><\/li>\n<\/ul>\n<h3>Vous \u00eates un coll\u00e8ge ou un lyc\u00e9e<\/h3>\n<p data-wp-editing=\"1\">Vous \u00eates un <strong>personnel p\u00e9dagogique ? <\/strong>Connectez-vous \u00e0 notre plateforme afin de r\u00e9aliser l&rsquo;inscription (cr\u00e9er un compte pour votre \u00e9tablissement si ce n&rsquo;est pas d\u00e9j\u00e0 fait en suivant les informations en page d&rsquo;accueil) : <a href=\"https:\/\/lyc-chamalieres.mini-stage.fr\/\" target=\"_blank\" rel=\"noopener\"><img loading=\"lazy\" decoding=\"async\" class=\"alignnone wp-image-14875\" src=\"https:\/\/lyceedechamalieres.fr\/wp-content\/uploads\/2025\/11\/clic.png\" alt=\"\" width=\"17\" height=\"20\" \/> https:\/\/lyc-chamalieres.mini-stage.fr\/<\/a><\/p>\n<p>Une convention de stage sera \u00e9dit\u00e9e automatiquement, il suffira de la faire signer par le participant et\/ou sa famille. Le stage d&rsquo;immersion sera automatiquement valid\u00e9.<\/p>\n<h3>Besoin d&rsquo;informations compl\u00e9mentaires ?<\/h3>\n<p>Utiliser le formulaire de contact ci-dessous et une r\u00e9ponse vous sera apport\u00e9e le plus rapidement possible.<\/p>\n\r\n        \r\n\r\n                <form class=\"wpuf-form-add weforms-14854  wpuf-style\" action=\"\" method=\"post\"   id=\"\">\r\n\r\n            <ul class=\"wpuf-form form-label-above\">\r\n\r\n                        <li class=\"wpuf-el nom_et_pr_nom field-size-large\" data-label=\"Nom et Pr\u00e9nom\">\r\n                    <div class=\"wpuf-label\">\r\n            <label for=\"nom_et_pr_nom_14854\">Nom et Pr\u00e9nom <span class=\"required\">*<\/span><\/label>\r\n        <\/div>\r\n        \r\n            <div class=\"wpuf-fields\">\r\n                <div class=\"wpuf-name-field-wrap format-first-last\" data-style=\"wpuf-style\">\r\n                    <div class=\"wpuf-name-field-first-name\">\r\n                        <input\r\n                            name=\"nom_et_pr_nom[first]\"\r\n                            type=\"text\"\r\n                            placeholder=\"\"\r\n                            value=\"\"\r\n                            size=\"40\"\r\n                            data-required=\"yes\"\r\n                            data-type=\"text\"\r\n                            data-style=\"wpuf-style\"\r\n                            class=\"textfield wpuf_nom_et_pr_nom_14854\"\r\n                            autocomplete=\"given-name\"\r\n                        >\r\n                                            <\/div>\r\n\r\n                                            <input type=\"hidden\" name=\"nom_et_pr_nom[middle]\" value=\"\">\r\n                    \r\n                    <div class=\"wpuf-name-field-last-name\">\r\n                        <input\r\n                            name=\"nom_et_pr_nom[last]\"\r\n                            type=\"text\" class=\"textfield\"\r\n                            placeholder=\"\"\r\n                            value=\"\"\r\n                            size=\"40\"\r\n                            autocomplete=\"family-name\"\r\n                            data-style=\"wpuf-style\"\r\n                        >\r\n                                            <\/div>\r\n                <\/div>\r\n                            <\/div>\r\n        <\/li>\r\n                <li class=\"wpuf-el email_ field-size-large\" data-label=\"Email \">\r\n                    <div class=\"wpuf-label\">\r\n            <label for=\"email__14854\">Email  <span class=\"required\">*<\/span><\/label>\r\n        <\/div>\r\n        \r\n            <div class=\"wpuf-fields\">\r\n                <input\r\n                    id=\"email__14854\"\r\n                    type=\"email\"\r\n                    class=\"email  wpuf_email__14854\"\r\n                    data-duplicate=\"\"\r\n                    data-required=\"yes\"\r\n                    data-type=\"email\"\r\n                    data-style=\"wpuf-style\"\r\n                    name=\"email_\"\r\n                    placeholder=\"\"\r\n                    value=\"\"\r\n                    size=\"40\"\r\n                    autocomplete=\"email\"\r\n                \/>\r\n                            <\/div>\r\n        <\/li>\r\n                <li class=\"wpuf-el information_sur_la_personne_concern_e__classe__fili_re_actuelle____ field-size-large\" data-label=\"information sur la personne concern\u00e9e (classe, fili\u00e8re actuelle...)\">\r\n                    <div class=\"wpuf-label\">\r\n            <label for=\"information_sur_la_personne_concern_e__classe__fili_re_actuelle_____14854\">information sur la personne concern\u00e9e (classe, fili\u00e8re actuelle...)<\/label>\r\n        <\/div>\r\n                                    <div class=\"wpuf-fields\">\r\n            \r\n                                    <textarea\r\n                        class=\"textareafield  wpuf_information_sur_la_personne_concern_e__classe__fili_re_actuelle_____14854\"\r\n                        id=\"information_sur_la_personne_concern_e__classe__fili_re_actuelle_____14854\"\r\n                        name=\"information_sur_la_personne_concern_e__classe__fili_re_actuelle____\"\r\n                        data-required=\"no\"\r\n                        data-type=\"textarea\"\r\n                        placeholder=\"\"\r\n                        rows=\"5\"\r\n                        cols=\"25\"\r\n                        data-style=\"wpuf-style\"\r\n                    ><\/textarea>\r\n                    <span class=\"wpuf-wordlimit-message wpuf-help\"><\/span>\r\n\r\n                \r\n                        <\/div><\/li>\r\n                <li class=\"wpuf-el votre_message field-size-large\" data-label=\"Votre message\">\r\n                    <div class=\"wpuf-label\">\r\n            <label for=\"votre_message_14854\">Votre message <span class=\"required\">*<\/span><\/label>\r\n        <\/div>\r\n                                    <div class=\"wpuf-fields\">\r\n            \r\n                                    <textarea\r\n                        class=\"textareafield  wpuf_votre_message_14854\"\r\n                        id=\"votre_message_14854\"\r\n                        name=\"votre_message\"\r\n                        data-required=\"yes\"\r\n                        data-type=\"textarea\"\r\n                        placeholder=\"\"\r\n                        rows=\"10\"\r\n                        cols=\"25\"\r\n                        data-style=\"wpuf-style\"\r\n                    ><\/textarea>\r\n                    <span class=\"wpuf-wordlimit-message wpuf-help\"><\/span>\r\n\r\n                \r\n                        <\/div><\/li>\r\n         <li class=\"wpuf-el recaptcha\" data-label=\"Anti-spam\">\r\n\r\n                    <div class=\"wpuf-label\">\r\n            <label for=\"recaptcha_0\">Anti-spam<\/label>\r\n        <\/div>\r\n        \r\n                <div class=\"wpuf-fields  wpuf_recaptcha_14854\">\r\n                    <script>\r\n                        function weformsRecaptchaCallback(token) {\r\n                            jQuery('[name=\"g-recaptcha-response\"]').val(token);\r\n                            jQuery('.weforms_submit_btn').attr('disabled',false).show();\r\n                            jQuery('.weforms_submit_btn_recaptcha').hide();\r\n                        }\r\n\r\n                        jQuery(document).ready( function($) {\r\n                            $('.weforms_submit_btn').attr('disabled',true);\r\n                        });\r\n                    <\/script>\r\n\r\n                    <input type=\"hidden\" name=\"g-recaptcha-response\">\r\n                \r\n                    <script src=\"https:\/\/www.google.com\/recaptcha\/api.js\"><\/script>\r\n                    <div id='recaptcha' data-theme=\"light\" class=\"g-recaptcha\" data-sitekey=\"6LeFGKEUAAAAAIjOCxo6i8K0UnRSvekph9J5VQTv\" data-callback=\"weformsRecaptchaCallback\"><\/div>\r\n                \r\n                <\/div>\r\n\r\n            \r\n        <\/li>\r\n                <li class=\"wpuf-submit\">\r\n            <div class=\"wpuf-label\">\r\n                &nbsp;\r\n            <\/div>\r\n\r\n            <input type=\"hidden\" id=\"_wpnonce\" name=\"_wpnonce\" value=\"a19f5b4767\" \/><input type=\"hidden\" name=\"_wp_http_referer\" value=\"\/index.php?rest_route=%2Fwp%2Fv2%2Fpages%2F14849\" \/>\r\n            <input type=\"hidden\" name=\"form_id\" value=\"14854\">\r\n            <input type=\"hidden\" name=\"page_id\" value=\"14849\">\r\n            <input type=\"hidden\" name=\"action\" value=\"weforms_frontend_submit\">\r\n\r\n                            <input type=\"hidden\" name=\"weforms-front-report\" value=\"no\">\r\n            \r\n            \r\n                            <input type=\"submit\" class=\"weforms_submit_btn wpuf_submit_14854\" name=\"submit\" value=\"Envoyer la demande\" \/>\r\n                    <\/li>\r\n                <\/ul>\r\n\r\n        <\/form>\r\n                \n<p>&nbsp;<\/p>\n<p>&nbsp;<\/p>\n<p>&nbsp;<\/p>\n<p>&nbsp;<\/p>\n","protected":false},"excerpt":{"rendered":"<p>Nos fili\u00e8res vous int\u00e9ressent ? Vous souhaitez d\u00e9couvrir nos ateliers, notre fonctionnement, en vous immergeant dans une s\u00e9ance professionnelle au milieu de nos \u00e9l\u00e8ves&#8230; D\u00e9couvrez [&#8230;]<\/p>\n","protected":false},"author":1,"featured_media":0,"parent":0,"menu_order":24,"comment_status":"closed","ping_status":"closed","template":"","meta":{"footnotes":""},"class_list":["post-14849","page","type-page","status-publish","hentry"],"_links":{"self":[{"href":"https:\/\/lyceedechamalieres.fr\/index.php?rest_route=\/wp\/v2\/pages\/14849","targetHints":{"allow":["GET"]}}],"collection":[{"href":"https:\/\/lyceedechamalieres.fr\/index.php?rest_route=\/wp\/v2\/pages"}],"about":[{"href":"https:\/\/lyceedechamalieres.fr\/index.php?rest_route=\/wp\/v2\/types\/page"}],"author":[{"embeddable":true,"href":"https:\/\/lyceedechamalieres.fr\/index.php?rest_route=\/wp\/v2\/users\/1"}],"replies":[{"embeddable":true,"href":"https:\/\/lyceedechamalieres.fr\/index.php?rest_route=%2Fwp%2Fv2%2Fcomments&post=14849"}],"version-history":[{"count":23,"href":"https:\/\/lyceedechamalieres.fr\/index.php?rest_route=\/wp\/v2\/pages\/14849\/revisions"}],"predecessor-version":[{"id":14950,"href":"https:\/\/lyceedechamalieres.fr\/index.php?rest_route=\/wp\/v2\/pages\/14849\/revisions\/14950"}],"wp:attachment":[{"href":"https:\/\/lyceedechamalieres.fr\/index.php?rest_route=%2Fwp%2Fv2%2Fmedia&parent=14849"}],"curies":[{"name":"wp","href":"https:\/\/api.w.org\/{rel}","templated":true}]}}