{"id":164,"date":"2011-05-08T16:27:33","date_gmt":"2011-05-08T14:27:33","guid":{"rendered":"http:\/\/s141058958.onlinehome.fr\/wp\/?page_id=164"},"modified":"2015-04-06T14:18:17","modified_gmt":"2015-04-06T12:18:17","slug":"la-vie-au-lycee","status":"publish","type":"page","link":"https:\/\/lyceedechamalieres.fr\/?page_id=164","title":{"rendered":"La vie au lyc\u00e9e"},"content":{"rendered":"<p>D\u00e9couvrez les diff\u00e9rentes rubriques en cliquant sur ces liens :<\/p>\n\n<!-- Page-list plugin v.5.9 wordpress.org\/plugins\/page-list\/ -->\n<ul class=\"page-list subpages-page-list \">\n<li class=\"page_item page-item-4397\"><a href=\"https:\/\/lyceedechamalieres.fr\/?page_id=4397\">Le lyc\u00e9e en images<\/a><\/li>\n<li class=\"page_item page-item-4394\"><a href=\"https:\/\/lyceedechamalieres.fr\/?page_id=4394\">La vie scolaire<\/a><\/li>\n<li class=\"page_item page-item-4396\"><a href=\"https:\/\/lyceedechamalieres.fr\/?page_id=4396\">Les services et informations utiles<\/a><\/li>\n<li class=\"page_item page-item-4395\"><a href=\"https:\/\/lyceedechamalieres.fr\/?page_id=4395\">Les documents intendance<\/a><\/li>\n<li class=\"page_item page-item-4398\"><a href=\"https:\/\/lyceedechamalieres.fr\/?page_id=4398\">C\u00f4t\u00e9 \u00e9tudiant<\/a><\/li>\n<li class=\"page_item page-item-4458\"><a href=\"https:\/\/lyceedechamalieres.fr\/?page_id=4458\">Les parents d&rsquo;\u00e9l\u00e8ves<\/a><\/li>\n\n<\/ul>\n","protected":false},"excerpt":{"rendered":"<p>D\u00e9couvrez les diff\u00e9rentes rubriques en cliquant sur ces liens :<\/p>\n","protected":false},"author":1,"featured_media":0,"parent":183,"menu_order":9,"comment_status":"closed","ping_status":"closed","template":"","meta":{"footnotes":""},"class_list":["post-164","page","type-page","status-publish","hentry"],"_links":{"self":[{"href":"https:\/\/lyceedechamalieres.fr\/index.php?rest_route=\/wp\/v2\/pages\/164","targetHints":{"allow":["GET"]}}],"collection":[{"href":"https:\/\/lyceedechamalieres.fr\/index.php?rest_route=\/wp\/v2\/pages"}],"about":[{"href":"https:\/\/lyceedechamalieres.fr\/index.php?rest_route=\/wp\/v2\/types\/page"}],"author":[{"embeddable":true,"href":"https:\/\/lyceedechamalieres.fr\/index.php?rest_route=\/wp\/v2\/users\/1"}],"replies":[{"embeddable":true,"href":"https:\/\/lyceedechamalieres.fr\/index.php?rest_route=%2Fwp%2Fv2%2Fcomments&post=164"}],"version-history":[{"count":88,"href":"https:\/\/lyceedechamalieres.fr\/index.php?rest_route=\/wp\/v2\/pages\/164\/revisions"}],"predecessor-version":[{"id":5118,"href":"https:\/\/lyceedechamalieres.fr\/index.php?rest_route=\/wp\/v2\/pages\/164\/revisions\/5118"}],"up":[{"embeddable":true,"href":"https:\/\/lyceedechamalieres.fr\/index.php?rest_route=\/wp\/v2\/pages\/183"}],"wp:attachment":[{"href":"https:\/\/lyceedechamalieres.fr\/index.php?rest_route=%2Fwp%2Fv2%2Fmedia&parent=164"}],"curies":[{"name":"wp","href":"https:\/\/api.w.org\/{rel}","templated":true}]}}