{"id":183,"date":"2011-05-08T16:59:06","date_gmt":"2011-05-08T14:59:06","guid":{"rendered":"http:\/\/s141058958.onlinehome.fr\/wp\/?page_id=183"},"modified":"2011-05-12T08:28:17","modified_gmt":"2011-05-12T06:28:17","slug":"le-lycee","status":"publish","type":"page","link":"https:\/\/lyceedechamalieres.fr\/?page_id=183","title":{"rendered":"Le lyc\u00e9e"},"content":{"rendered":"<div>\n<!-- Page-list plugin v.5.9 wordpress.org\/plugins\/page-list\/ -->\n<ul class=\"page-list subpages-page-list \">\n<li class=\"page_item page-item-136\"><a href=\"https:\/\/lyceedechamalieres.fr\/?page_id=136\">Edito du Proviseur<\/a><\/li>\n<li class=\"page_item page-item-164 page_item_has_children\"><a href=\"https:\/\/lyceedechamalieres.fr\/?page_id=164\">La vie au lyc\u00e9e<\/a>\n<ul class='children'>\n\t<li class=\"page_item page-item-4397\"><a href=\"https:\/\/lyceedechamalieres.fr\/?page_id=4397\">Le lyc\u00e9e en images<\/a><\/li>\n\t<li class=\"page_item page-item-4394\"><a href=\"https:\/\/lyceedechamalieres.fr\/?page_id=4394\">La vie scolaire<\/a><\/li>\n\t<li class=\"page_item page-item-4396\"><a href=\"https:\/\/lyceedechamalieres.fr\/?page_id=4396\">Les services et informations utiles<\/a><\/li>\n\t<li class=\"page_item page-item-4395\"><a href=\"https:\/\/lyceedechamalieres.fr\/?page_id=4395\">Les documents intendance<\/a><\/li>\n\t<li class=\"page_item page-item-4398\"><a href=\"https:\/\/lyceedechamalieres.fr\/?page_id=4398\">C\u00f4t\u00e9 \u00e9tudiant<\/a><\/li>\n\t<li class=\"page_item page-item-4458\"><a href=\"https:\/\/lyceedechamalieres.fr\/?page_id=4458\">Les parents d&rsquo;\u00e9l\u00e8ves<\/a><\/li>\n<\/ul>\n<\/li>\n<li class=\"page_item page-item-4411 page_item_has_children\"><a href=\"https:\/\/lyceedechamalieres.fr\/?page_id=4411\">Le lyc\u00e9e \u00e0 l&rsquo;international<\/a>\n<ul class='children'>\n\t<li class=\"page_item page-item-13532\"><a href=\"https:\/\/lyceedechamalieres.fr\/?page_id=13532\">L\u2019accr\u00e9ditation Erasmus +<\/a><\/li>\n\t<li class=\"page_item page-item-14509\"><a href=\"https:\/\/lyceedechamalieres.fr\/?page_id=14509\">Les exp\u00e9riences Erasmus<\/a><\/li>\n\t<li class=\"page_item page-item-2\"><a href=\"https:\/\/lyceedechamalieres.fr\/?page_id=2\">Nos \u00e9l\u00e8ves parcourent le monde<\/a><\/li>\n<\/ul>\n<\/li>\n<li class=\"page_item page-item-3740\"><a href=\"https:\/\/lyceedechamalieres.fr\/?page_id=3740\">Le r\u00e9seau des EHT de France<\/a><\/li>\n<li class=\"page_item page-item-395\"><a href=\"https:\/\/lyceedechamalieres.fr\/?page_id=395\">Contact &#038; Localisation<\/a><\/li>\n\n<\/ul><\/div>\n","protected":false},"excerpt":{"rendered":"","protected":false},"author":1,"featured_media":0,"parent":0,"menu_order":7,"comment_status":"closed","ping_status":"closed","template":"","meta":{"footnotes":""},"class_list":["post-183","page","type-page","status-publish","hentry"],"_links":{"self":[{"href":"https:\/\/lyceedechamalieres.fr\/index.php?rest_route=\/wp\/v2\/pages\/183","targetHints":{"allow":["GET"]}}],"collection":[{"href":"https:\/\/lyceedechamalieres.fr\/index.php?rest_route=\/wp\/v2\/pages"}],"about":[{"href":"https:\/\/lyceedechamalieres.fr\/index.php?rest_route=\/wp\/v2\/types\/page"}],"author":[{"embeddable":true,"href":"https:\/\/lyceedechamalieres.fr\/index.php?rest_route=\/wp\/v2\/users\/1"}],"replies":[{"embeddable":true,"href":"https:\/\/lyceedechamalieres.fr\/index.php?rest_route=%2Fwp%2Fv2%2Fcomments&post=183"}],"version-history":[{"count":6,"href":"https:\/\/lyceedechamalieres.fr\/index.php?rest_route=\/wp\/v2\/pages\/183\/revisions"}],"predecessor-version":[{"id":3653,"href":"https:\/\/lyceedechamalieres.fr\/index.php?rest_route=\/wp\/v2\/pages\/183\/revisions\/3653"}],"wp:attachment":[{"href":"https:\/\/lyceedechamalieres.fr\/index.php?rest_route=%2Fwp%2Fv2%2Fmedia&parent=183"}],"curies":[{"name":"wp","href":"https:\/\/api.w.org\/{rel}","templated":true}]}}