{"id":1900,"date":"2012-03-15T16:26:49","date_gmt":"2012-03-15T15:26:49","guid":{"rendered":"http:\/\/www.lyceedechamalieres.fr\/?page_id=1900"},"modified":"2026-03-17T06:35:29","modified_gmt":"2026-03-17T05:35:29","slug":"videos","status":"publish","type":"page","link":"https:\/\/lyceedechamalieres.fr\/?page_id=1900","title":{"rendered":"<img src=\"http:\/\/www.lyceedechamalieres.fr\/v.gif\">  Vid\u00e9os"},"content":{"rendered":"<h2>Vid\u00e9os de pr\u00e9sentation<\/h2>\n<p>Pr\u00e9sentation g\u00e9n\u00e9rale du lyc\u00e9e et des fili\u00e8res 2026 par M. le Proviseur<br \/>\n<iframe loading=\"lazy\" title=\"vimeo-player\" src=\"https:\/\/player.vimeo.com\/video\/1174062690?h=fa3c51162f\" width=\"640\" height=\"360\" frameborder=\"0\" allowfullscreen=\"allowfullscreen\"><\/iframe><\/p>\n<p>D\u00e9couvrir le lyc\u00e9e en deux minutes<br \/>\n<iframe loading=\"lazy\" title=\"vimeo-player\" src=\"https:\/\/player.vimeo.com\/video\/503382960?h=79788bf358\" width=\"640\" height=\"360\" frameborder=\"0\" allowfullscreen=\"allowfullscreen\"><\/iframe><\/p>\n<p>Les locaux de formation<br \/>\n<iframe loading=\"lazy\" title=\"vimeo-player\" src=\"https:\/\/player.vimeo.com\/video\/503384353?h=c9e7eedb69\" width=\"640\" height=\"360\" frameborder=\"0\" allowfullscreen=\"allowfullscreen\"><\/iframe><\/p>\n<div><\/div>\n<p>Retrouvez nos cha\u00eenes vid\u00e9o sur :<\/p>\n<ul>\n<li><a href=\"https:\/\/www.dailymotion.com\/lyceechamalieres\" target=\"_blank\" rel=\"noopener\">Dailymotion<\/a><\/li>\n<li><a href=\"https:\/\/www.youtube.com\/channel\/UC-TaAhLamyP_ap3LJMQxS4Q\" target=\"_blank\" rel=\"noopener\">Youtube<\/a><\/li>\n<\/ul>\n","protected":false},"excerpt":{"rendered":"<p>Vid\u00e9os de pr\u00e9sentation Pr\u00e9sentation g\u00e9n\u00e9rale du lyc\u00e9e et des fili\u00e8res 2026 par M. le Proviseur D\u00e9couvrir le lyc\u00e9e en deux minutes Les locaux de formation [&#8230;]<\/p>\n","protected":false},"author":1,"featured_media":0,"parent":0,"menu_order":55,"comment_status":"closed","ping_status":"open","template":"","meta":{"footnotes":""},"class_list":["post-1900","page","type-page","status-publish","hentry"],"_links":{"self":[{"href":"https:\/\/lyceedechamalieres.fr\/index.php?rest_route=\/wp\/v2\/pages\/1900","targetHints":{"allow":["GET"]}}],"collection":[{"href":"https:\/\/lyceedechamalieres.fr\/index.php?rest_route=\/wp\/v2\/pages"}],"about":[{"href":"https:\/\/lyceedechamalieres.fr\/index.php?rest_route=\/wp\/v2\/types\/page"}],"author":[{"embeddable":true,"href":"https:\/\/lyceedechamalieres.fr\/index.php?rest_route=\/wp\/v2\/users\/1"}],"replies":[{"embeddable":true,"href":"https:\/\/lyceedechamalieres.fr\/index.php?rest_route=%2Fwp%2Fv2%2Fcomments&post=1900"}],"version-history":[{"count":42,"href":"https:\/\/lyceedechamalieres.fr\/index.php?rest_route=\/wp\/v2\/pages\/1900\/revisions"}],"predecessor-version":[{"id":15296,"href":"https:\/\/lyceedechamalieres.fr\/index.php?rest_route=\/wp\/v2\/pages\/1900\/revisions\/15296"}],"wp:attachment":[{"href":"https:\/\/lyceedechamalieres.fr\/index.php?rest_route=%2Fwp%2Fv2%2Fmedia&parent=1900"}],"curies":[{"name":"wp","href":"https:\/\/api.w.org\/{rel}","templated":true}]}}