{"id":2341,"date":"2012-09-11T16:02:37","date_gmt":"2012-09-11T14:02:37","guid":{"rendered":"http:\/\/www.lyceedechamalieres.fr\/?page_id=2341"},"modified":"2026-04-01T17:03:20","modified_gmt":"2026-04-01T15:03:20","slug":"les-sections-europeennes-anglais","status":"publish","type":"page","link":"https:\/\/lyceedechamalieres.fr\/?page_id=2341","title":{"rendered":"Le programme Erasmus +"},"content":{"rendered":"<p><img loading=\"lazy\" decoding=\"async\" class=\"alignnone size-large wp-image-13519 aligncenter\" src=\"http:\/\/www.lyceedechamalieres.fr\/wp-content\/uploads\/2024\/01\/erasmus-logo-1024x292.jpg\" alt=\"\" width=\"860\" height=\"245\" srcset=\"https:\/\/lyceedechamalieres.fr\/wp-content\/uploads\/2024\/01\/erasmus-logo-1024x292.jpg 1024w, https:\/\/lyceedechamalieres.fr\/wp-content\/uploads\/2024\/01\/erasmus-logo-300x86.jpg 300w, https:\/\/lyceedechamalieres.fr\/wp-content\/uploads\/2024\/01\/erasmus-logo-768x219.jpg 768w, https:\/\/lyceedechamalieres.fr\/wp-content\/uploads\/2024\/01\/erasmus-logo-1536x439.jpg 1536w, https:\/\/lyceedechamalieres.fr\/wp-content\/uploads\/2024\/01\/erasmus-logo-2048x585.jpg 2048w, https:\/\/lyceedechamalieres.fr\/wp-content\/uploads\/2024\/01\/erasmus-logo-1320x377.jpg 1320w\" sizes=\"auto, (max-width: 860px) 100vw, 860px\" \/><\/p>\n<p><strong>2024, ann\u00e9e de l\u2019ouverture internationale renforc\u00e9e pour le lyc\u00e9e VGE !<\/strong><\/p>\n<p>Erasmus+ soutient financi\u00e8rement une large gamme d\u2019actions et d\u2019activit\u00e9s dans les domaines de l\u2019enseignement, de la formation, de la jeunesse et du sport.<\/p>\n<p>Le lyc\u00e9e VGE s\u2019est donn\u00e9 comme objectif de permettre aux jeunes de d\u00e9couvrir d\u2019autres pays, d\u2019autres cultures et ainsi de les enrichir.<br \/>\nDe nombreux stages en entreprise pour les sections professionnelles permettront aux \u00e9tudiants de d\u00e9couvrir d\u2019autres fa\u00e7ons de travailler et d\u2019am\u00e9liorer leurs niveaux de langues : un v\u00e9ritable challenge pour nos petits fran\u00e7ais !<\/p>\n<p>\u00c0 noter : Les participants en situation de handicap et\/ou en affection de longue dur\u00e9e et\/ou boursier \u00e0 partir du 5\u1d49 \u00e9chelon, mais \u00e9galement les habitants des zones de France ruralit\u00e9s revitalisation, et ceux des quartiers prioritaires de la ville peuvent b\u00e9n\u00e9ficier d\u2019une bourse Erasmus+ sp\u00e9cifique compl\u00e9mentaire.<\/p>\n<blockquote><p><a href=\"https:\/\/lyceedechamalieres.fr\/?page_id=13532\">Cliquez ici pour d\u00e9couvrir la page expliquant l&rsquo;accr\u00e9ditation Erasmus<\/a><\/p><\/blockquote>\n<p><strong>Personne r\u00e9f\u00e9rente ERASMUS au lyc\u00e9e :<\/strong><br \/>\nMme FALGOUX<br \/>\n<img decoding=\"async\" src=\"http:\/\/www.lyceedechamalieres.fr\/wp-content\/uploads\/2011\/05\/mel.jpg\" alt=\"\" \/> &#x65;&#114;&#97;s&#x6d;&#x75;&#115;&#64;&#x6c;&#x79;&#99;ee&#x64;&#101;&#99;h&#x61;&#x6d;&#97;l&#x69;&#x65;&#114;&#101;s&#x2e;&#x66;&#114;<\/p>\n<p>&nbsp;<\/p>\n<hr \/>\n<h4>Les t\u00e9moignages de nos \u00e9tudiants :<\/h4>\n<p style=\"padding-left: 40px;\"><a href=\"..\/_pdf\/erasmus00.pdf\" target=\"_blank\" rel=\"noopener\"><strong>Louane \u00e0 Galway (Irlande)<\/strong><\/a><\/p>\n<p style=\"padding-left: 40px;\"><a href=\"..\/_pdf\/erasmus01.pdf\" target=\"_blank\" rel=\"noopener\"><strong>Elia \u00e0 Galway (Irlande)<\/strong><\/a><\/p>\n<p style=\"padding-left: 40px;\"><a href=\"..\/_pdf\/erasmus02.pdf\" target=\"_blank\" rel=\"noopener\"><strong>Louis \u00e0 Galway (Irlande)<\/strong><\/a><\/p>\n<p style=\"padding-left: 40px;\"><a href=\"..\/_pdf\/erasmus03.pdf\" target=\"_blank\" rel=\"noopener\"><strong>Louanne \u00e0 Galway (Irlande)<\/strong><\/a><\/p>\n","protected":false},"excerpt":{"rendered":"<p>2024, ann\u00e9e de l\u2019ouverture internationale renforc\u00e9e pour le lyc\u00e9e VGE ! Erasmus+ soutient financi\u00e8rement une large gamme d\u2019actions et d\u2019activit\u00e9s dans les domaines de l\u2019enseignement, [&#8230;]<\/p>\n","protected":false},"author":1,"featured_media":0,"parent":62,"menu_order":93,"comment_status":"closed","ping_status":"open","template":"","meta":{"footnotes":""},"class_list":["post-2341","page","type-page","status-publish","hentry"],"_links":{"self":[{"href":"https:\/\/lyceedechamalieres.fr\/index.php?rest_route=\/wp\/v2\/pages\/2341","targetHints":{"allow":["GET"]}}],"collection":[{"href":"https:\/\/lyceedechamalieres.fr\/index.php?rest_route=\/wp\/v2\/pages"}],"about":[{"href":"https:\/\/lyceedechamalieres.fr\/index.php?rest_route=\/wp\/v2\/types\/page"}],"author":[{"embeddable":true,"href":"https:\/\/lyceedechamalieres.fr\/index.php?rest_route=\/wp\/v2\/users\/1"}],"replies":[{"embeddable":true,"href":"https:\/\/lyceedechamalieres.fr\/index.php?rest_route=%2Fwp%2Fv2%2Fcomments&post=2341"}],"version-history":[{"count":34,"href":"https:\/\/lyceedechamalieres.fr\/index.php?rest_route=\/wp\/v2\/pages\/2341\/revisions"}],"predecessor-version":[{"id":15344,"href":"https:\/\/lyceedechamalieres.fr\/index.php?rest_route=\/wp\/v2\/pages\/2341\/revisions\/15344"}],"up":[{"embeddable":true,"href":"https:\/\/lyceedechamalieres.fr\/index.php?rest_route=\/wp\/v2\/pages\/62"}],"wp:attachment":[{"href":"https:\/\/lyceedechamalieres.fr\/index.php?rest_route=%2Fwp%2Fv2%2Fmedia&parent=2341"}],"curies":[{"name":"wp","href":"https:\/\/api.w.org\/{rel}","templated":true}]}}