{"id":2345,"date":"2012-09-11T16:07:13","date_gmt":"2012-09-11T14:07:13","guid":{"rendered":"http:\/\/www.lyceedechamalieres.fr\/?page_id=2345"},"modified":"2025-10-10T15:13:04","modified_gmt":"2025-10-10T13:13:04","slug":"lenseignement-en-arts-plastiques","status":"publish","type":"page","link":"https:\/\/lyceedechamalieres.fr\/?page_id=2345","title":{"rendered":"l&rsquo;enseignement en Arts plastiques"},"content":{"rendered":"<p>Les arts occupent incontestablement une place singuli\u00e8re au c\u0153ur de la soci\u00e9t\u00e9 contemporaine.<\/p>\n<p>Transmettre les \u0153uvres re\u00e7ues en h\u00e9ritage, cr\u00e9er celles qui aujourd\u2019hui parlent de l\u2019homme et des soci\u00e9t\u00e9s, diffuser le plus largement possible les unes et les autres g\u00e9n\u00e8rent de nombreuses activit\u00e9s riches d\u2019enjeux \u00e9conomiques, sociaux et professionnels.<\/p>\n<p>Spectateurs, cr\u00e9ateurs ou interpr\u00e8tes, la plupart des \u00e9l\u00e8ves abordent les ann\u00e9es lyc\u00e9e forts de pratiques culturelles diversement construites.\u00a0Consommateurs plus ou moins critiques de l\u2019offre artistique, ils sont nombreux \u00e0 s\u2019essayer \u00e0 la pratique d\u2019un art au-del\u00e0 de ce que le coll\u00e8ge leur a apport\u00e9. Ils cherchent, d\u00e9couvrent, inventent leur relation \u00e0 l\u2019art, entre passivit\u00e9 consommatrice et recherche cr\u00e9ative.<\/p>\n<p>A ce titre, tous les \u00e9l\u00e8ves peuvent profiter de cet enseignement. Que leurs motivations s\u2019appuient sur une pratique cr\u00e9ative construite depuis plusieurs ann\u00e9es ou qu\u2019elles s\u2019enracinent dans une curiosit\u00e9 naissante pour les \u0153uvres (\u00e0 voir, \u00e0 \u00e9couter ou encore \u00e0 lire), tous doivent trouver au sein de l\u2019enseignement propos\u00e9 un enrichissement artistique et culturel apportant les comp\u00e9tences n\u00e9cessaires \u00e0 la construction d\u2019un projet de formation reli\u00e9 \u00e0 un horizon professionnel.<\/p>\n<p>Partant des pratiques culturelles, des interrogations et de la curiosit\u00e9 des \u00e9l\u00e8ves, celui-ci apporte des rep\u00e8res et outils de diverses natures permettant \u00e0 l\u2019\u00e9l\u00e8ve :<\/p>\n<ul>\n<li style=\"list-style-type: none;\">\n<ul>\n<li>\u00a0d\u2019identifier quelques grandes cat\u00e9gories d\u2019activit\u00e9s et de m\u00e9tiers propres au domaine \u00e9tudi\u00e9 ;<\/li>\n<li>de poser quelques rep\u00e8res sur l\u2019horizon de la formation sup\u00e9rieure ;<\/li>\n<li>d\u2019\u00e9clairer ses choix d\u2019orientation.<\/li>\n<\/ul>\n<\/li>\n<\/ul>\n<h3>Les actualit\u00e9s Arts Plastiques au Lyc\u00e9e<\/h3>\n<p>Vous trouverez ci-dessous les derniers articles concernant l&rsquo;art plastique au lyc\u00e9e.<\/p>\n<p>Cliquer sur le titre de votre choix pour acc\u00e9der \u00e0 l&rsquo;article complet.<\/p>\n<p>Vous pouvez \u00e9galement visualiser toutes les <a href=\"http:\/\/www.lyceedechamalieres.fr\/?cat=9\">actualit\u00e9s Arts Plastiques sur ce lien<\/a>.<\/p>\n<p>Voici les derni\u00e8res actualit\u00e9s :<\/p>\n<p><div class=\"cat-post\"><div class=\"cat-post-list\"><div class=\"cat-content\"><span class=\"cat-post-title\"><a href=\"https:\/\/lyceedechamalieres.fr\/?p=15333\">Les \u00e9l\u00e8ves de Chamali\u00e8res remportent le prix de la critique d\u2019art<\/a><\/span><\/div>\n            <div class=\"cat-clear\"><\/div>\n        <\/div><div class=\"cat-post-list\"><div class=\"cat-content\"><span class=\"cat-post-title\"><a href=\"https:\/\/lyceedechamalieres.fr\/?p=15243\">De la Cuisine au Dancefloor : quand la Seconde STHR 2 s\u2019initie au Breakdance<\/a><\/span><\/div>\n            <div class=\"cat-clear\"><\/div>\n        <\/div><div class=\"cat-post-list\"><div class=\"cat-content\"><span class=\"cat-post-title\"><a href=\"https:\/\/lyceedechamalieres.fr\/?p=15224\">Les 2nde STHR2 \u00e0 La Com\u00e9die de Clermont-Ferrand<\/a><\/span><\/div>\n            <div class=\"cat-clear\"><\/div>\n        <\/div><div class=\"cat-post-list\"><div class=\"cat-content\"><span class=\"cat-post-title\"><a href=\"https:\/\/lyceedechamalieres.fr\/?p=14733\">Triennale mondiale de l&rsquo;estampe<\/a><\/span><\/div>\n            <div class=\"cat-clear\"><\/div>\n        <\/div><div class=\"cat-post-list\"><div class=\"cat-content\"><span class=\"cat-post-title\"><a href=\"https:\/\/lyceedechamalieres.fr\/?p=14708\">Festival d&rsquo;Art contemporain Jours de Lumi\u00e8re<\/a><\/span><\/div>\n            <div class=\"cat-clear\"><\/div>\n        <\/div><div class=\"cat-post-list\"><div class=\"cat-content\"><span class=\"cat-post-title\"><a href=\"https:\/\/lyceedechamalieres.fr\/?p=14519\">Conf\u00e9rence art et Nazisme<\/a><\/span><\/div>\n            <div class=\"cat-clear\"><\/div>\n        <\/div><div class=\"cat-post-list\"><div class=\"cat-content\"><span class=\"cat-post-title\"><a href=\"https:\/\/lyceedechamalieres.fr\/?p=14503\">Ram\u00e8ne ta fraise \u00e0 la nuit des mus\u00e9es !<\/a><\/span><\/div>\n            <div class=\"cat-clear\"><\/div>\n        <\/div><div class=\"cat-post-list\"><div class=\"cat-content\"><span class=\"cat-post-title\"><a href=\"https:\/\/lyceedechamalieres.fr\/?p=14162\">Festival Alimenterre<\/a><\/span><\/div>\n            <div class=\"cat-clear\"><\/div>\n        <\/div><div class=\"cat-post-list\"><div class=\"cat-content\"><span class=\"cat-post-title\"><a href=\"https:\/\/lyceedechamalieres.fr\/?p=14084\">Festival Trans&rsquo; Urbaines<\/a><\/span><\/div>\n            <div class=\"cat-clear\"><\/div>\n        <\/div><div class=\"cat-post-list\"><div class=\"cat-content\"><span class=\"cat-post-title\"><a href=\"https:\/\/lyceedechamalieres.fr\/?p=14080\">Visite du mus\u00e9e Roger Quilliot Clermont Ferrand<\/a><\/span><\/div>\n            <div class=\"cat-clear\"><\/div>\n        <\/div><\/div><br \/>\n<!--\n\n\n<h3><\/h3>\n\n\n\n\n<h3>T\u00e9l\u00e9charger la brochure de la formation<\/h3>\n\n\n[pdf-embedder url=\/_pdf\/arts.pdf viewer_height=700px]--><\/p>\n","protected":false},"excerpt":{"rendered":"<p>Les arts occupent incontestablement une place singuli\u00e8re au c\u0153ur de la soci\u00e9t\u00e9 contemporaine. Transmettre les \u0153uvres re\u00e7ues en h\u00e9ritage, cr\u00e9er celles qui aujourd\u2019hui parlent de [&#8230;]<\/p>\n","protected":false},"author":1,"featured_media":0,"parent":319,"menu_order":19,"comment_status":"closed","ping_status":"open","template":"","meta":{"footnotes":""},"class_list":["post-2345","page","type-page","status-publish","hentry"],"_links":{"self":[{"href":"https:\/\/lyceedechamalieres.fr\/index.php?rest_route=\/wp\/v2\/pages\/2345","targetHints":{"allow":["GET"]}}],"collection":[{"href":"https:\/\/lyceedechamalieres.fr\/index.php?rest_route=\/wp\/v2\/pages"}],"about":[{"href":"https:\/\/lyceedechamalieres.fr\/index.php?rest_route=\/wp\/v2\/types\/page"}],"author":[{"embeddable":true,"href":"https:\/\/lyceedechamalieres.fr\/index.php?rest_route=\/wp\/v2\/users\/1"}],"replies":[{"embeddable":true,"href":"https:\/\/lyceedechamalieres.fr\/index.php?rest_route=%2Fwp%2Fv2%2Fcomments&post=2345"}],"version-history":[{"count":53,"href":"https:\/\/lyceedechamalieres.fr\/index.php?rest_route=\/wp\/v2\/pages\/2345\/revisions"}],"predecessor-version":[{"id":14766,"href":"https:\/\/lyceedechamalieres.fr\/index.php?rest_route=\/wp\/v2\/pages\/2345\/revisions\/14766"}],"up":[{"embeddable":true,"href":"https:\/\/lyceedechamalieres.fr\/index.php?rest_route=\/wp\/v2\/pages\/319"}],"wp:attachment":[{"href":"https:\/\/lyceedechamalieres.fr\/index.php?rest_route=%2Fwp%2Fv2%2Fmedia&parent=2345"}],"curies":[{"name":"wp","href":"https:\/\/api.w.org\/{rel}","templated":true}]}}