{"id":3076,"date":"2013-04-09T17:21:28","date_gmt":"2013-04-09T15:21:28","guid":{"rendered":"http:\/\/www.lyceedechamalieres.fr\/?page_id=3076"},"modified":"2023-05-16T09:47:13","modified_gmt":"2023-05-16T07:47:13","slug":"les-partenaires-du-lycee","status":"publish","type":"page","link":"https:\/\/lyceedechamalieres.fr\/?page_id=3076","title":{"rendered":"Les partenaires du lyc\u00e9e"},"content":{"rendered":"<p>Le lyc\u00e9e est particuli\u00e8rement actif pour signer des partenariats avec de nombreuses entreprises, inter-professions, les objectifs de ces partenariats sont multiples :<\/p>\n<ul>\n<li>Assurer un rapprochement avec les diff\u00e9rentes composantes du march\u00e9 l\u2019emploi pour une meilleure ad\u00e9quation entre l\u2019offre et la demande,<\/li>\n<li>offrir de nouvelles perspectives aux \u00e9l\u00e8ves et \u00e9tudiants en termes d\u2019emploi&#8230;<\/li>\n<\/ul>\n<p>&nbsp;<\/p>\n<p>Voici la liste non exhaustive des partenaires du lyc\u00e9e :<\/p>\n<p>&nbsp;<\/p>\n<p><strong><img loading=\"lazy\" decoding=\"async\" class=\"alignnone size-full wp-image-4771\" src=\"http:\/\/www.lyceedechamalieres.fr\/wp-content\/uploads\/2013\/04\/GIF2FormationCCI63Logo2012.gif\" alt=\"GIF2FormationCCI63Logo2012\" width=\"250\" height=\"97\" \/><br \/>\nCCI du Puy-de-D\u00f4me<\/strong><br \/>\nChambre de Commerce et d&rsquo;Industrie<\/p>\n<p>&nbsp;<\/p>\n<p><strong><img loading=\"lazy\" decoding=\"async\" class=\"alignnone size-full wp-image-3111\" src=\"http:\/\/www.lyceedechamalieres.fr\/wp-content\/uploads\/2013\/04\/adiv.jpg\" alt=\"adiv\" width=\"228\" height=\"102\" \/><br \/>\nADIV \u00ab\u00a0Association Centre technique Fran\u00e7ais de la fili\u00e8re viande\u00a0\u00bb<\/strong><br \/>\nCentre de recherches et de d\u00e9veloppement : recherches et d\u00e9veloppement de maquettes recettes.<\/p>\n<p>&nbsp;<\/p>\n<p><strong><img decoding=\"async\" class=\"alignnone size-full wp-image-3112\" src=\"http:\/\/www.lyceedechamalieres.fr\/wp-content\/uploads\/2013\/04\/anc.jpg\" alt=\"anc\" height=\"183\" \/><br \/>\nACADEMIE NATIONALE DE CUISINE<\/strong><br \/>\nLe lyc\u00e9e est le si\u00e9ge de la d\u00e9l\u00e9gation r\u00e9gionale et le si\u00e8ge social de la d\u00e9l\u00e9gation r\u00e9gionale. Ce partenariat permet au lyc\u00e9e de b\u00e9n\u00e9ficier d\u2019un r\u00e9seau important de professionnels reconnus<\/p>\n<p>&nbsp;<\/p>\n<p><strong><img loading=\"lazy\" decoding=\"async\" class=\"alignnone size-full wp-image-4774\" src=\"http:\/\/www.lyceedechamalieres.fr\/wp-content\/uploads\/2013\/04\/image.jpeg\" alt=\"image\" width=\"220\" height=\"229\" srcset=\"https:\/\/lyceedechamalieres.fr\/wp-content\/uploads\/2013\/04\/image.jpeg 220w, https:\/\/lyceedechamalieres.fr\/wp-content\/uploads\/2013\/04\/image-48x50.jpeg 48w\" sizes=\"auto, (max-width: 220px) 100vw, 220px\" \/><br \/>\nLes toques d&rsquo;Auvergne<\/strong><br \/>\nAssociation de restaurateurs r\u00e9gionaux<\/p>\n<p>&nbsp;<\/p>\n<p><strong><img loading=\"lazy\" decoding=\"async\" class=\"alignnone size-full wp-image-3132\" src=\"http:\/\/www.lyceedechamalieres.fr\/wp-content\/uploads\/2013\/04\/syvofa.jpg\" alt=\"syvofa\" width=\"204\" height=\"196\" \/><br \/>\nSYVOFA (Syndicat des volailles fermi\u00e8res d\u2019Auvergne)<\/strong><br \/>\nActions de promotion de la volaille (repas \u00e0 th\u00e8me, recherches et d\u00e9veloppement, cr\u00e9ation d\u2019un DVD de promotion, actions de sponsoring ext\u00e9rieurs, organisation de la semaine de la volaille fermi\u00e8re d\u2019Auvergne dans nos restaurants)<\/p>\n<p>&nbsp;<\/p>\n<p><strong><img loading=\"lazy\" decoding=\"async\" src=\"http:\/\/www.lyceedechamalieres.fr\/wp-content\/uploads\/2013\/04\/Dimo_Gestion.gif\" alt=\"\" width=\"165\" height=\"175\" \/><br \/>\nDIMO GESTION<\/strong><br \/>\nYellowBox CRM propose des solutions web pour une gestion compl\u00e8te de la relation client, adapt\u00e9e aux lyc\u00e9es h\u00f4teliers et de tourisme<\/p>\n<p>&nbsp;<\/p>\n<p><a href=\"http:\/\/www.lyceedechamalieres.fr\/wp-content\/uploads\/2021\/09\/Logo_Booking_Activities_light_bg.png\"><img loading=\"lazy\" decoding=\"async\" class=\"alignnone size-full wp-image-11440\" src=\"http:\/\/www.lyceedechamalieres.fr\/wp-content\/uploads\/2021\/09\/Logo_Booking_Activities_light_bg.png\" alt=\"\" width=\"512\" height=\"83\" srcset=\"https:\/\/lyceedechamalieres.fr\/wp-content\/uploads\/2021\/09\/Logo_Booking_Activities_light_bg.png 512w, https:\/\/lyceedechamalieres.fr\/wp-content\/uploads\/2021\/09\/Logo_Booking_Activities_light_bg-300x49.png 300w\" sizes=\"auto, (max-width: 512px) 100vw, 512px\" \/><\/a><br \/>\n<strong>BOOKING ACTIVITIES<\/strong><br \/>\nModule de calendrier pour la r\u00e9servation en ligne sur site web<\/p>\n<p>&nbsp;<\/p>\n<p><strong><img decoding=\"async\" class=\"alignnone size-full wp-image-3126\" src=\"http:\/\/www.lyceedechamalieres.fr\/wp-content\/uploads\/2013\/04\/iut.jpg\" alt=\"iut\" height=\"142\" \/><br \/>\nIUT de biologie de Clermont-Ferrand<\/strong><br \/>\nAccueil et formation des \u00e9tudiants de l\u2019IUT aux bases de la cuisine et de la p\u00e2tisserie<\/p>\n<p>&nbsp;<\/p>\n<p><strong><img loading=\"lazy\" decoding=\"async\" class=\"alignnone size-full wp-image-3134\" src=\"http:\/\/www.lyceedechamalieres.fr\/wp-content\/uploads\/2013\/04\/vins-auvergne.jpg\" alt=\"vins-auvergne\" width=\"236\" height=\"81\" \/><br \/>\nFEDERATION DES VINS D&rsquo;AUVERGNE<\/strong><br \/>\nS\u00e9lection des vins pour le concours agricole de Paris, labellisation\u2026<\/p>\n<p>&nbsp;<\/p>\n<p><strong><img loading=\"lazy\" decoding=\"async\" class=\"alignnone size-full wp-image-3184\" src=\"http:\/\/www.lyceedechamalieres.fr\/wp-content\/uploads\/2013\/04\/lapin1.jpg\" alt=\"lapin\" width=\"175\" height=\"100\" \/><br \/>\nGroupement interprofessionnel Lapins Massif central<\/strong><br \/>\nOrganisation de la semaine du lapin dans nos restaurants, cr\u00e9ation d\u2019ateliers des saveurs autour du lapin, organisation de repas \u00e0 th\u00e8me, sponsoring produits&#8230;<\/p>\n<p>&nbsp;<\/p>\n<p><strong><img loading=\"lazy\" decoding=\"async\" class=\"alignnone size-full wp-image-3146\" src=\"http:\/\/www.lyceedechamalieres.fr\/wp-content\/uploads\/2013\/04\/lait.jpg\" alt=\"lait\" width=\"134\" height=\"120\" \/><br \/>\nCentre r\u00e9gional interprofessionnel de l\u2019\u00e9conomie laiti\u00e8re de Rh\u00f4ne Alpes<\/strong><br \/>\nOrganisation de repas \u00e0 th\u00e8me, sponsoring produits&#8230;<\/p>\n<p>&nbsp;<\/p>\n<p><strong><img decoding=\"async\" class=\"alignnone size-medium wp-image-3128\" src=\"http:\/\/www.lyceedechamalieres.fr\/wp-content\/uploads\/2013\/04\/metro-300x80.jpg\" alt=\"metro\" width=\"200\" srcset=\"https:\/\/lyceedechamalieres.fr\/wp-content\/uploads\/2013\/04\/metro-300x80.jpg 300w, https:\/\/lyceedechamalieres.fr\/wp-content\/uploads\/2013\/04\/metro.jpg 435w\" sizes=\"(max-width: 300px) 100vw, 300px\" \/><br \/>\nGroupe METRO<\/strong><br \/>\nFourniture de mati\u00e8res premi\u00e8res, organisation de repas \u00e0 th\u00e8me, actions de sponsoring<\/p>\n<p>&nbsp;<\/p>\n<p><strong><img loading=\"lazy\" decoding=\"async\" class=\"alignnone size-full wp-image-3118\" src=\"http:\/\/www.lyceedechamalieres.fr\/wp-content\/uploads\/2013\/04\/esprit-thiers.jpg\" alt=\"esprit-thiers\" width=\"350\" height=\"69\" srcset=\"https:\/\/lyceedechamalieres.fr\/wp-content\/uploads\/2013\/04\/esprit-thiers.jpg 350w, https:\/\/lyceedechamalieres.fr\/wp-content\/uploads\/2013\/04\/esprit-thiers-300x59.jpg 300w\" sizes=\"auto, (max-width: 350px) 100vw, 350px\" \/><br \/>\nESPRIT DE THIERS \u00ab\u00a0F\u00e9d\u00e9ration Fran\u00e7aise de la coutellerie\u00a0\u00bb<\/strong><br \/>\nCouteaux<\/p>\n<p>&nbsp;<\/p>\n<p><strong><img loading=\"lazy\" decoding=\"async\" class=\"alignnone size-full wp-image-3189\" src=\"http:\/\/www.lyceedechamalieres.fr\/wp-content\/uploads\/2013\/04\/charrade.jpg\" alt=\"charrade\" width=\"180\" height=\"140\" \/><br \/>\nFromagerie CHARRADE<\/strong><br \/>\nFromages, cr\u00e9merie<\/p>\n<p>&nbsp;<\/p>\n<p><strong><a href=\"http:\/\/www.lyceedechamalieres.fr\/wp-content\/uploads\/2013\/04\/LOGO-2012-Interbev-Auvergne-V.-DEF-modif.jpg\"><img loading=\"lazy\" decoding=\"async\" class=\"alignnone size-full wp-image-4772\" src=\"http:\/\/www.lyceedechamalieres.fr\/wp-content\/uploads\/2013\/04\/LOGO-2012-Interbev-Auvergne-V.-DEF-modif.jpg\" alt=\"Interbev-Auvergne\" width=\"250\" height=\"118\" srcset=\"https:\/\/lyceedechamalieres.fr\/wp-content\/uploads\/2013\/04\/LOGO-2012-Interbev-Auvergne-V.-DEF-modif.jpg 250w, https:\/\/lyceedechamalieres.fr\/wp-content\/uploads\/2013\/04\/LOGO-2012-Interbev-Auvergne-V.-DEF-modif-50x23.jpg 50w\" sizes=\"auto, (max-width: 250px) 100vw, 250px\" \/><\/a><br \/>\nINTERBEV Auvergne<\/strong><br \/>\nFili\u00e8re bovine<\/p>\n<p>&nbsp;<\/p>\n<p><strong><img loading=\"lazy\" decoding=\"async\" class=\"alignnone wp-image-3122\" src=\"http:\/\/www.lyceedechamalieres.fr\/wp-content\/uploads\/2013\/04\/frima-300x106.jpg\" alt=\"frima\" width=\"225\" height=\"79\" srcset=\"https:\/\/lyceedechamalieres.fr\/wp-content\/uploads\/2013\/04\/frima-300x106.jpg 300w, https:\/\/lyceedechamalieres.fr\/wp-content\/uploads\/2013\/04\/frima.jpg 377w\" sizes=\"auto, (max-width: 225px) 100vw, 225px\" \/><br \/>\nFRIMA<\/strong><br \/>\nFours et mat\u00e9riel<\/p>\n<p>&nbsp;<\/p>\n<p><strong><img loading=\"lazy\" decoding=\"async\" class=\"alignnone size-full wp-image-4773\" src=\"http:\/\/www.lyceedechamalieres.fr\/wp-content\/uploads\/2013\/04\/Bonnet.png\" alt=\"Bonnet\" width=\"200\" height=\"200\" srcset=\"https:\/\/lyceedechamalieres.fr\/wp-content\/uploads\/2013\/04\/Bonnet.png 200w, https:\/\/lyceedechamalieres.fr\/wp-content\/uploads\/2013\/04\/Bonnet-150x150.png 150w, https:\/\/lyceedechamalieres.fr\/wp-content\/uploads\/2013\/04\/Bonnet-144x144.png 144w, https:\/\/lyceedechamalieres.fr\/wp-content\/uploads\/2013\/04\/Bonnet-50x50.png 50w\" sizes=\"auto, (max-width: 200px) 100vw, 200px\" \/><br \/>\nBonnet Thirode<\/strong><br \/>\nFours et mat\u00e9riel<\/p>\n<p>&nbsp;<\/p>\n<p><strong><img loading=\"lazy\" decoding=\"async\" class=\"alignnone size-full wp-image-3129\" src=\"http:\/\/www.lyceedechamalieres.fr\/wp-content\/uploads\/2013\/04\/montbel.jpg\" alt=\"montbel\" width=\"215\" height=\"63\" \/><br \/>\nMONTBEL<\/strong><br \/>\nMobilier<\/p>\n<p>&nbsp;<\/p>\n<p><strong><img decoding=\"async\" class=\"alignnone size-full wp-image-3120\" src=\"http:\/\/www.lyceedechamalieres.fr\/wp-content\/uploads\/2013\/04\/eurolam.jpg\" alt=\"eurolam\" width=\"155\" \/><br \/>\nEUROLAM<\/strong><br \/>\nCoulellerie, Mat\u00e9riel de cuisine<\/p>\n<p>&nbsp;<\/p>\n<p><strong><img loading=\"lazy\" decoding=\"async\" class=\"alignnone size-full wp-image-3131\" src=\"http:\/\/www.lyceedechamalieres.fr\/wp-content\/uploads\/2013\/04\/sifam.jpg\" alt=\"sifam\" width=\"145\" height=\"98\" \/><br \/>\nSIFAM<\/strong><br \/>\nSyndicat interprofessionnel de la fourme d&rsquo;Ambert<\/p>\n<p>&nbsp;<\/p>\n<p><strong><img loading=\"lazy\" decoding=\"async\" class=\"alignnone wp-image-3130\" src=\"http:\/\/www.lyceedechamalieres.fr\/wp-content\/uploads\/2013\/04\/pillivuyt-300x159.jpg\" alt=\"pillivuyt\" width=\"270\" height=\"143\" srcset=\"https:\/\/lyceedechamalieres.fr\/wp-content\/uploads\/2013\/04\/pillivuyt-300x159.jpg 300w, https:\/\/lyceedechamalieres.fr\/wp-content\/uploads\/2013\/04\/pillivuyt.jpg 308w\" sizes=\"auto, (max-width: 270px) 100vw, 270px\" \/><br \/>\nPILLIVUYT<\/strong><br \/>\nVaisselle des restaurants<\/p>\n<p>&nbsp;<\/p>\n<p><strong><img loading=\"lazy\" decoding=\"async\" class=\"alignnone size-full wp-image-3113\" src=\"http:\/\/www.lyceedechamalieres.fr\/wp-content\/uploads\/2013\/04\/ardoises.jpg\" alt=\"ardoises\" width=\"181\" height=\"129\" \/><br \/>\nLES ARDOISES A TABLE<\/strong><br \/>\nVaisselle artisanale<\/p>\n<p>&nbsp;<\/p>\n<p><strong><img loading=\"lazy\" decoding=\"async\" class=\"alignnone size-full wp-image-3115\" src=\"http:\/\/www.lyceedechamalieres.fr\/wp-content\/uploads\/2013\/04\/charvet.jpg\" alt=\"charvet\" width=\"125\" height=\"144\" \/><br \/>\nCHARVET<\/strong><br \/>\nMat\u00e9riel de cuisson et fourneaux<\/p>\n<p>&nbsp;<\/p>\n<p><strong><img loading=\"lazy\" decoding=\"async\" class=\"alignnone size-full wp-image-3127\" src=\"http:\/\/www.lyceedechamalieres.fr\/wp-content\/uploads\/2013\/04\/legumes-blot.jpg\" alt=\"legumes-blot\" width=\"83\" height=\"100\" \/><br \/>\nLES LEGUMES DE BLOT (35)<\/strong><br \/>\nL\u00e9gumes bio, herbes et fleurs commestibles<\/p>\n<p>&nbsp;<\/p>\n<p><strong><img loading=\"lazy\" decoding=\"async\" class=\"alignnone size-medium wp-image-3121\" src=\"http:\/\/www.lyceedechamalieres.fr\/wp-content\/uploads\/2013\/04\/france-boissons-300x54.jpg\" alt=\"france boissons\" width=\"300\" height=\"54\" srcset=\"https:\/\/lyceedechamalieres.fr\/wp-content\/uploads\/2013\/04\/france-boissons-300x54.jpg 300w, https:\/\/lyceedechamalieres.fr\/wp-content\/uploads\/2013\/04\/france-boissons.jpg 399w\" sizes=\"auto, (max-width: 300px) 100vw, 300px\" \/><br \/>\nFRANCE BOISSSONS<\/strong><\/p>\n<p>&nbsp;<\/p>\n<p><img loading=\"lazy\" decoding=\"async\" class=\"alignnone size-full wp-image-3123\" src=\"http:\/\/www.lyceedechamalieres.fr\/wp-content\/uploads\/2013\/04\/grand-marnier.jpg\" alt=\"grand marnier\" width=\"224\" height=\"67\" \/><br \/>\n<strong>GRAND MARNIER<\/strong><\/p>\n<p>&nbsp;<\/p>\n<p><strong><a href=\"http:\/\/www.lyceedechamalieres.fr\/wp-content\/uploads\/2013\/04\/heineken.jpg\"><img loading=\"lazy\" decoding=\"async\" class=\"alignnone size-full wp-image-3124\" src=\"http:\/\/www.lyceedechamalieres.fr\/wp-content\/uploads\/2013\/04\/heineken.jpg\" alt=\"heineken\" width=\"225\" height=\"61\" \/><\/a><br \/>\nHEINEKEN<\/strong><br \/>\nBoissons<\/p>\n<p>&nbsp;<\/p>\n<p><strong><img loading=\"lazy\" decoding=\"async\" class=\"alignnone wp-image-3114\" src=\"http:\/\/www.lyceedechamalieres.fr\/wp-content\/uploads\/2013\/04\/bragard.jpg\" alt=\"bragard\" width=\"270\" height=\"42\" \/><br \/>\nBRAGARD<\/strong><br \/>\nTenues professionnelles<\/p>\n<p>&nbsp;<\/p>\n<p><strong><img loading=\"lazy\" decoding=\"async\" class=\"alignnone wp-image-3133\" src=\"http:\/\/www.lyceedechamalieres.fr\/wp-content\/uploads\/2013\/04\/valrhona-300x108.jpg\" alt=\"valrhona\" width=\"240\" height=\"86\" srcset=\"https:\/\/lyceedechamalieres.fr\/wp-content\/uploads\/2013\/04\/valrhona-300x108.jpg 300w, https:\/\/lyceedechamalieres.fr\/wp-content\/uploads\/2013\/04\/valrhona.jpg 374w\" sizes=\"auto, (max-width: 240px) 100vw, 240px\" \/><br \/>\nVALRHONA<\/strong><br \/>\nChocolats<\/p>\n<p>&nbsp;<\/p>\n<p><img loading=\"lazy\" decoding=\"async\" class=\"alignnone wp-image-13088\" src=\"http:\/\/www.lyceedechamalieres.fr\/wp-content\/uploads\/2023\/05\/lafont-300x81.png\" alt=\"\" width=\"200\" height=\"54\" srcset=\"https:\/\/lyceedechamalieres.fr\/wp-content\/uploads\/2023\/05\/lafont-300x81.png 300w, https:\/\/lyceedechamalieres.fr\/wp-content\/uploads\/2023\/05\/lafont-1024x276.png 1024w, https:\/\/lyceedechamalieres.fr\/wp-content\/uploads\/2023\/05\/lafont-768x207.png 768w, https:\/\/lyceedechamalieres.fr\/wp-content\/uploads\/2023\/05\/lafont-1536x414.png 1536w, https:\/\/lyceedechamalieres.fr\/wp-content\/uploads\/2023\/05\/lafont-1320x355.png 1320w, https:\/\/lyceedechamalieres.fr\/wp-content\/uploads\/2023\/05\/lafont.png 1775w\" sizes=\"auto, (max-width: 200px) 100vw, 200px\" \/><br \/>\n<strong>Lafont<\/strong><br \/>\nLinge professionnel<\/p>\n<p>&nbsp;<\/p>\n<p><strong>Le lyc\u00e9e de Chamali\u00e8res organise des accueils conviviaux au service de ses partenaires ou clients.<\/strong><br \/>\nQuelques exemples :<\/p>\n<p>Repas au profit de l\u2019UNICEF, Kiwani, Femmes Leader, Rectorat, Caisse d\u2019\u00e9pargne, Mairie de Chamali\u00e8res, Rotary Club, soir\u00e9e de Gala des BTS et Bac Pro, Soir\u00e9es sp\u00e9ciales organis\u00e9es dans le cadre des partenariats (Volailles, lapins m\u00e9tro), Soir\u00e9e du Val de Loire, Soir\u00e9e Cara\u00efbes, Soir\u00e9e Saint Valentin, Cr\u00e9dit Mutuel Enseignant&#8230;<\/p>\n<p><strong>Organisation de TP d\u00e9plac\u00e9s<\/strong> en partenariat avec les partenaires locaux :<\/p>\n<ul>\n<li>Traiteur Cr\u00e9ations Gourmandes<\/li>\n<li>Traiteur Rioufrayt<\/li>\n<li>Conseil R\u00e9gional d\u2019Auvergne<\/li>\n<li>Vulcania&#8230;<\/li>\n<\/ul>\n<p>&nbsp;<\/p>\n<h3>Les formations pour adultes r\u00e9alis\u00e9es en partenariat avec le Greta<\/h3>\n<p><img loading=\"lazy\" decoding=\"async\" class=\"alignnone size-full wp-image-3142\" src=\"http:\/\/www.lyceedechamalieres.fr\/wp-content\/uploads\/2013\/04\/greta.jpg\" alt=\"greta\" width=\"224\" height=\"115\" \/><\/p>\n<p>Le lyc\u00e9e de Chamali\u00e8res est adh\u00e9rent du GRETA de Clermont Ferrand.<br \/>\nNos principales activit\u00e9s dans le domaine de la formation pour adultes sont les suivantes :<\/p>\n<ul>\n<li>Formations dans le cadre de l\u2019atelier des saveurs (500 stagiaires individuels accueillis sur 2011\/12)<\/li>\n<li>Formations dipl\u00f4mantes ou d\u2019insertion (CAP cuisine, atelier de prestations pr\u00e9paratoires, CAP restaurant), initi\u00e9es et financ\u00e9es par le Conseil R\u00e9gional d\u2019Auvergne<\/li>\n<li>Formations de perfectionnement destin\u00e9es \u00e0 des personnels de cuisine et d\u2019accueil de collectivit\u00e9s publiques et priv\u00e9es (CROUS, maisons de retraite, h\u00f4pitaux, CCI, laboratoires\u2026).<\/li>\n<\/ul>\n<p>L\u2019\u00e9tablissement accueille \u00e9galement des stagiaires adultes dans des sections de formation initiale (mentions compl\u00e9mentaires, baccalaur\u00e9at professionnel, BTS Tourisme).<\/p>\n","protected":false},"excerpt":{"rendered":"<p>Le lyc\u00e9e est particuli\u00e8rement actif pour signer des partenariats avec de nombreuses entreprises, inter-professions, les objectifs de ces partenariats sont multiples : Assurer un rapprochement [&#8230;]<\/p>\n","protected":false},"author":1,"featured_media":0,"parent":29,"menu_order":21,"comment_status":"closed","ping_status":"open","template":"","meta":{"footnotes":""},"class_list":["post-3076","page","type-page","status-publish","hentry"],"_links":{"self":[{"href":"https:\/\/lyceedechamalieres.fr\/index.php?rest_route=\/wp\/v2\/pages\/3076","targetHints":{"allow":["GET"]}}],"collection":[{"href":"https:\/\/lyceedechamalieres.fr\/index.php?rest_route=\/wp\/v2\/pages"}],"about":[{"href":"https:\/\/lyceedechamalieres.fr\/index.php?rest_route=\/wp\/v2\/types\/page"}],"author":[{"embeddable":true,"href":"https:\/\/lyceedechamalieres.fr\/index.php?rest_route=\/wp\/v2\/users\/1"}],"replies":[{"embeddable":true,"href":"https:\/\/lyceedechamalieres.fr\/index.php?rest_route=%2Fwp%2Fv2%2Fcomments&post=3076"}],"version-history":[{"count":31,"href":"https:\/\/lyceedechamalieres.fr\/index.php?rest_route=\/wp\/v2\/pages\/3076\/revisions"}],"predecessor-version":[{"id":13091,"href":"https:\/\/lyceedechamalieres.fr\/index.php?rest_route=\/wp\/v2\/pages\/3076\/revisions\/13091"}],"up":[{"embeddable":true,"href":"https:\/\/lyceedechamalieres.fr\/index.php?rest_route=\/wp\/v2\/pages\/29"}],"wp:attachment":[{"href":"https:\/\/lyceedechamalieres.fr\/index.php?rest_route=%2Fwp%2Fv2%2Fmedia&parent=3076"}],"curies":[{"name":"wp","href":"https:\/\/api.w.org\/{rel}","templated":true}]}}