{"id":3078,"date":"2013-04-09T17:22:05","date_gmt":"2013-04-09T15:22:05","guid":{"rendered":"http:\/\/www.lyceedechamalieres.fr\/?page_id=3078"},"modified":"2025-10-01T18:30:34","modified_gmt":"2025-10-01T16:30:34","slug":"la-taxe-dapprentissage","status":"publish","type":"page","link":"https:\/\/lyceedechamalieres.fr\/?page_id=3078","title":{"rendered":"La taxe d&rsquo;apprentissage"},"content":{"rendered":"<p>La taxe d&rsquo;apprentissage a pour but de financer le d\u00e9veloppement des formations technologiques et professionnelles.<\/p>\n<p>Elle est due principalement par les entreprises employant des salari\u00e9s et exer\u00e7ant une activit\u00e9 commerciale, industrielle ou artisanale. Plus d&rsquo;informations sont disponibles sur ce lien, sur le<a href=\"http:\/\/www.education.gouv.fr\/cid2484\/taxe-d-apprentissage.html\" target=\"_blank\" rel=\"noopener noreferrer\"> site du Minist\u00e8re de l&rsquo;Education Nationale<\/a>.<\/p>\n<p>&nbsp;<\/p>\n<hr \/>\n<p><big><img loading=\"lazy\" decoding=\"async\" class=\"alignleft size-full wp-image-14726\" src=\"https:\/\/lyceedechamalieres.fr\/wp-content\/uploads\/2025\/10\/exclamation_21451.png\" alt=\"\" width=\"48\" height=\"48\" \/>Le versement est r\u00e9alis\u00e9 en d\u00e9signant nomm\u00e9ment l\u2019organisme sur la plateforme de r\u00e9partition du solde de la taxe d\u2019apprentissage SOLT\u00e9A :<br \/>\n<a href=\"https:\/\/www.soltea.education.gouv.fr\/espace-public\/\" target=\"_blank\" rel=\"noopener\"><strong>https:\/\/www.soltea.education.gouv.fr\/espace-public\/<\/strong><\/a><\/p>\n<p style=\"padding-left: 120px;\">Sur le site SOLT\u00e9A, vous pouvez nous retrouver en notant :<br \/>\n&#8211; soit notre num\u00e9ro SIRET : <strong>196 316 699 000 12<\/strong><br \/>\n&#8211; soit notre code UAI : <strong>0631669x<\/strong><\/p>\n<p><\/big><\/p>\n<hr \/>\n<p>&nbsp;<\/p>\n<h4>Le mot du Proviseur<\/h4>\n<p><a href=\"\/_pdf\/lettreTA.pdf\" class=\"pdfemb-viewer\" style=\"\" data-width=\"max\" data-height=\"max\" data-mobile-width=\"500\"  data-scrollbar=\"none\" data-download=\"on\" data-tracking=\"on\" data-newwindow=\"on\" data-pagetextbox=\"off\" data-scrolltotop=\"off\" data-startzoom=\"100\" data-startfpzoom=\"100\" data-toolbar=\"both\" data-toolbar-fixed=\"off\">lettreTA<br\/><\/a><br \/>\nEn cas de difficult\u00e9 d&rsquo;affichage, vous pouvez \u00e9galement t\u00e9l\u00e9charger <a href=\"http:\/\/www.lyceedechamalieres.fr\/_pdf\/ta.pdf\" target=\"_blank\" rel=\"noopener noreferrer\">le fichier .pdf directement sur ce lien<\/a>.<\/p>\n<h3>Utilisation de la taxe d&rsquo;apprentissage au lyc\u00e9e<\/h3>\n<p>La taxe d&rsquo;apprentissage vers\u00e9e au Lyc\u00e9e de Chamali\u00e8res a permis au lyc\u00e9e d&rsquo;investir sur fonds propres dans des travaux et mat\u00e9riels, tels que :<\/p>\n<ul>\n<li>deux armoires froides positives 650 litres INOX marque Hoshizaki HRE70 B<\/li>\n<li>mise \u00e0 niveau et r\u00e9paration de la cave \u00e0 vin<\/li>\n<li>deux machines \u00e0 caf\u00e9 : une pour la brasserie et une pour le restaurant gastronomique<\/li>\n<li>lave-verres Electrobar<\/li>\n<li>stores ext\u00e9rieurs\u00a0pour le restaurant d&rsquo;application<\/li>\n<li>55 fauteuils\u00a0pour le restaurant d&rsquo;application<\/li>\n<li>r\u00e9novation du restaurant application<\/li>\n<li>machine Lave verres Pluvia Office\u00a0pour le restaurant d&rsquo;application<\/li>\n<li>four mixte FRIMA<\/li>\n<li>machine \u00e0 gla\u00e7ons Hoshizaki<\/li>\n<li>cellule de refroidissement Afinox pour le restaurant d&rsquo;application&#8230;<\/li>\n<\/ul>\n","protected":false},"excerpt":{"rendered":"<p>La taxe d&rsquo;apprentissage a pour but de financer le d\u00e9veloppement des formations technologiques et professionnelles. Elle est due principalement par les entreprises employant des salari\u00e9s [&#8230;]<\/p>\n","protected":false},"author":1,"featured_media":0,"parent":29,"menu_order":46,"comment_status":"closed","ping_status":"open","template":"","meta":{"footnotes":""},"class_list":["post-3078","page","type-page","status-publish","hentry"],"_links":{"self":[{"href":"https:\/\/lyceedechamalieres.fr\/index.php?rest_route=\/wp\/v2\/pages\/3078","targetHints":{"allow":["GET"]}}],"collection":[{"href":"https:\/\/lyceedechamalieres.fr\/index.php?rest_route=\/wp\/v2\/pages"}],"about":[{"href":"https:\/\/lyceedechamalieres.fr\/index.php?rest_route=\/wp\/v2\/types\/page"}],"author":[{"embeddable":true,"href":"https:\/\/lyceedechamalieres.fr\/index.php?rest_route=\/wp\/v2\/users\/1"}],"replies":[{"embeddable":true,"href":"https:\/\/lyceedechamalieres.fr\/index.php?rest_route=%2Fwp%2Fv2%2Fcomments&post=3078"}],"version-history":[{"count":30,"href":"https:\/\/lyceedechamalieres.fr\/index.php?rest_route=\/wp\/v2\/pages\/3078\/revisions"}],"predecessor-version":[{"id":14732,"href":"https:\/\/lyceedechamalieres.fr\/index.php?rest_route=\/wp\/v2\/pages\/3078\/revisions\/14732"}],"up":[{"embeddable":true,"href":"https:\/\/lyceedechamalieres.fr\/index.php?rest_route=\/wp\/v2\/pages\/29"}],"wp:attachment":[{"href":"https:\/\/lyceedechamalieres.fr\/index.php?rest_route=%2Fwp%2Fv2%2Fmedia&parent=3078"}],"curies":[{"name":"wp","href":"https:\/\/api.w.org\/{rel}","templated":true}]}}