{"id":3081,"date":"2013-04-09T17:28:01","date_gmt":"2013-04-09T15:28:01","guid":{"rendered":"http:\/\/www.lyceedechamalieres.fr\/?page_id=3081"},"modified":"2013-04-20T10:22:06","modified_gmt":"2013-04-20T08:22:06","slug":"les-concours-professionnels","status":"publish","type":"page","link":"https:\/\/lyceedechamalieres.fr\/?page_id=3081","title":{"rendered":"Les concours professionnels"},"content":{"rendered":"<h3>Les concours professionnels organis\u00e9es au lyc\u00e9e<\/h3>\n<p><img decoding=\"async\" alt=\"\" src=\"http:\/\/www.lyceedechamalieres.fr\/08102010.jpg\" \/><br \/>\nLe lyc\u00e9e de Chamali\u00e8res organise de nombreux concours r\u00e9gionaux et nationaux.<br \/>\nDans les derni\u00e8res ann\u00e9es, le lyc\u00e9e de Chamali\u00e8res a eu le plaisir d&rsquo;\u00eatre en charge de l&rsquo;organisation :<\/p>\n<ul>\n<li>du Troph\u00e9e Avenance \u00ab Tout Chocolat \u00bb<\/li>\n<li>de la finale R\u00e9gionale des Olympiades des m\u00e9tiers de la Sommellerie<\/li>\n<li>de la finale R\u00e9gionale du Concours de la Coupe Nationale \u00ab Georges Baptiste \u00bb<\/li>\n<li>de la finale R\u00e9gionale du championnat de France du dessert<\/li>\n<li>de la finale du Prix des m\u00e9tiers de la salle du ROTARY CLUB<\/li>\n<li>de la finale Nationale du championnat de France de la fourme d\u2019Ambert<\/li>\n<\/ul>\n<p>&nbsp;<\/p>\n<h3>Les \u00e9l\u00e8ves du lyc\u00e9e et les concours professionnels<\/h3>\n<p><img loading=\"lazy\" decoding=\"async\" alt=\"\" src=\"http:\/\/www.lyceedechamalieres.fr\/wp-content\/uploads\/2013\/04\/01.jpg\" width=\"680\" height=\"101\" \/><br \/>\nLes \u00e9l\u00e8ves du lyc\u00e9e participent \u00e0 de nombreux concours professionnels.<br \/>\nVoici la liste non exhaustive des participations des \u00e9l\u00e8ves du lyc\u00e9e \u00e0 des concours r\u00e9gionaux ou nationaux depuis 2011 :<\/p>\n<ul>\n<li>1er prix Troph\u00e9e Avenir Raymond Vaudart de l\u2019Acad\u00e9mie Nationale de Cuisine, Sp\u00e9cialit\u00e9 Restaurant<\/li>\n<li>3\u00e8me prix Troph\u00e9e Avenir Raymond Vaudart de l\u2019Acad\u00e9mie Nationale de Cuisine, Sp\u00e9cialit\u00e9 Cuisine<\/li>\n<li>Finaliste National des Olympiades des m\u00e9tiers de la Sommellerie<\/li>\n<li>2\u00e8me prix \u00e0 la finale R\u00e9gionale du Championnat de France du Dessert<\/li>\n<li>Finaliste du concours g\u00e9n\u00e9ral des m\u00e9tiers, sp\u00e9cialit\u00e9 restauration<\/li>\n<li>1er prix inter acad\u00e9mique \u00ab Concours Troph\u00e9e Malongo \u00bb<\/li>\n<li>Finaliste du concours International du meilleur jeune professionnel du caf\u00e9 Malongo<\/li>\n<li>2\u00e8me, 3\u00e8me, 4\u00e8me et 5\u00e8me prix Concours National de la perc\u00e9e du vin Jaune<\/li>\n<li>2\u00e8me place finale R\u00e9gionale \u00ab Le B\u0153uf, les races \u00e0 viande \u00bb<\/li>\n<li>1er prix finale du Prix des m\u00e9tiers du service du ROTARY CLUB<\/li>\n<li>1er prix r\u00e9gional \u00ab Troph\u00e9e Chapoutier \u00bb en sommellerie<\/li>\n<li>1er prix et 2\u00e8me prix finale r\u00e9gionale de la Coupe Georges Baptiste en service et commercialisation<\/li>\n<li>1er prix et 2\u00e8me prix finale R\u00e9gionale des Olympiades des m\u00e9tiers de la Sommellerie<\/li>\n<li>4\u00e8me prix finale Nationale Concours Spigol<\/li>\n<li>Finaliste de la finale nationale de la Coupe Georges Baptiste en service et commercialisation<\/li>\n<li>Demi-finaliste Nationale du troph\u00e9e \u00ab Savoie-L\u00e9man \u00bb en service et commercialisation, bar<\/li>\n<li>Demi-finaliste Nationale du troph\u00e9e \u00ab Heineken \u00bb, d\u00e9gustation de bi\u00e8re<\/li>\n<li>1er prix des \u00e9preuves de qualification et 4 \u00e8me prix en finale Nationale \u00ab Troph\u00e9e MUMM \u00bb en sommellerie<\/li>\n<li>1\/2 Finale Nationale \u00ab Troph\u00e9e Chapoutier \u00bb en sommellerie<\/li>\n<li>1\/4 Finale Nationale \u00ab Pessac L\u00e9ognan \u00bb en sommellerie<\/li>\n<li>4\u00e8me Prix Finale Nationale \u00ab Troph\u00e9e vocation Sommelier \u2013 Baron Philippe de Rothschild \u00bb<\/li>\n<li>42\u00e8mes Olympiades des M\u00e9tiers, m\u00e9daille de bronze en Sommellerie<\/li>\n<li>Premier et deuxi\u00e8me prix de la finale des \u00e9preuves r\u00e9gionales de s\u00e9lection pour la coupe Georges Baptiste 2013<\/li>\n<\/ul>\n","protected":false},"excerpt":{"rendered":"<p>Les concours professionnels organis\u00e9es au lyc\u00e9e Le lyc\u00e9e de Chamali\u00e8res organise de nombreux concours r\u00e9gionaux et nationaux. Dans les derni\u00e8res ann\u00e9es, le lyc\u00e9e de Chamali\u00e8res [&#8230;]<\/p>\n","protected":false},"author":1,"featured_media":0,"parent":29,"menu_order":42,"comment_status":"closed","ping_status":"open","template":"","meta":{"footnotes":""},"class_list":["post-3081","page","type-page","status-publish","hentry"],"_links":{"self":[{"href":"https:\/\/lyceedechamalieres.fr\/index.php?rest_route=\/wp\/v2\/pages\/3081","targetHints":{"allow":["GET"]}}],"collection":[{"href":"https:\/\/lyceedechamalieres.fr\/index.php?rest_route=\/wp\/v2\/pages"}],"about":[{"href":"https:\/\/lyceedechamalieres.fr\/index.php?rest_route=\/wp\/v2\/types\/page"}],"author":[{"embeddable":true,"href":"https:\/\/lyceedechamalieres.fr\/index.php?rest_route=\/wp\/v2\/users\/1"}],"replies":[{"embeddable":true,"href":"https:\/\/lyceedechamalieres.fr\/index.php?rest_route=%2Fwp%2Fv2%2Fcomments&post=3081"}],"version-history":[{"count":17,"href":"https:\/\/lyceedechamalieres.fr\/index.php?rest_route=\/wp\/v2\/pages\/3081\/revisions"}],"predecessor-version":[{"id":3083,"href":"https:\/\/lyceedechamalieres.fr\/index.php?rest_route=\/wp\/v2\/pages\/3081\/revisions\/3083"}],"up":[{"embeddable":true,"href":"https:\/\/lyceedechamalieres.fr\/index.php?rest_route=\/wp\/v2\/pages\/29"}],"wp:attachment":[{"href":"https:\/\/lyceedechamalieres.fr\/index.php?rest_route=%2Fwp%2Fv2%2Fmedia&parent=3081"}],"curies":[{"name":"wp","href":"https:\/\/api.w.org\/{rel}","templated":true}]}}