{"id":3091,"date":"2013-04-09T17:56:11","date_gmt":"2013-04-09T15:56:11","guid":{"rendered":"http:\/\/www.lyceedechamalieres.fr\/?page_id=3091"},"modified":"2015-04-05T10:54:56","modified_gmt":"2015-04-05T08:54:56","slug":"les-interventions-des-professionnels-au-lycee","status":"publish","type":"page","link":"https:\/\/lyceedechamalieres.fr\/?page_id=3091","title":{"rendered":"Les interventions des professionnels au lyc\u00e9e"},"content":{"rendered":"<p><img loading=\"lazy\" decoding=\"async\" src=\"http:\/\/www.lyceedechamalieres.fr\/wp-content\/uploads\/2013\/04\/intervenants.jpg\" alt=\"\" width=\"680\" height=\"97\" \/><br \/>\nDe nombreux professionnels sont invit\u00e9s au lyc\u00e9e pour pr\u00e9senter et analyser leur secteur d&rsquo;activit\u00e9s devant les \u00e9l\u00e8ves et \u00e9tudiants, soit devant une classe ou durant un TP, soit devant un ensemble de classes dans l&rsquo;amphith\u00e9\u00e2tre du lyc\u00e9e. Un grand nombre d&rsquo;entre eux interviennent \u00e9galement dans le cadre des jurys d&rsquo;examen.<\/p>\n<p>Voici une liste non exhaustive des derniers intervenants re\u00e7us au lyc\u00e9e de Chamali\u00e8res :<\/p>\n<ul>\n<li>Cha\u00eene de Restauration Rapide \u00ab\u00a0Pic-Nic\u00a0\u00bb : Pr\u00e9sentation de l\u2019entreprise<\/li>\n<li>Syndicat des restauratrices d\u2019Auvergne : Pr\u00e9paration du repas KIWANI<\/li>\n<li>Heineken : Concours Heineken et intervention 2TSB<\/li>\n<li>Comit\u00e9 des Vins de Bergerac : Pr\u00e9sentation des vins de Bergerac, Conf\u00e9rence et soir\u00e9e P\u00e9rigord<\/li>\n<li>Maison Brisson-Lahaye : Pr\u00e9sentation du vignoble de Champagne, des produits et soir\u00e9e \u00e0 th\u00e8me<\/li>\n<li>Conseil du vin de Bordeaux : Pr\u00e9sentation du vignoble de Bordeaux<\/li>\n<li>Vins de Pouilly Fum\u00e9 : Pr\u00e9sentation du vignoble et soir\u00e9e \u00e0 th\u00e8me<\/li>\n<li>Vins de Provence : Soir\u00e9e grand Crus de Provence<\/li>\n<li>Vins du Roussillon : Soir\u00e9e Vins du Roussillon et vins doux Naturels<\/li>\n<li>Vins de la Maison Cazes : Pr\u00e9sentation des vins de la maison, Conf\u00e9rence et soir\u00e9e \u00e0 th\u00e8me<\/li>\n<li>Vins de la vall\u00e9e du Rh\u00f4ne : Pr\u00e9sentation des vins de la Vall\u00e9e du Rh\u00f4ne, D\u00e9gustation<\/li>\n<li>Les vins du M\u00e9doc : Conf\u00e9rence sur les vins du M\u00e9doc<\/li>\n<li>F\u00e9d\u00e9ration Viticole du Puy de D\u00f4me : Pr\u00e9sentation du vignoble d\u2019Auvergne<\/li>\n<li>Maison Coudert \u00e0 Aurillac : Pr\u00e9sentation de l\u2019entreprise et des produits<\/li>\n<li>Mr Voss (Maison Chapoutier)<\/li>\n<li>Mr Imbert (Metro \u2013 Cash) : Pr\u00e9sentation du Troph\u00e9e Chapoutier<\/li>\n<li>Domaine Saint Maurilles : D\u00e9gustation \u00e9tudiants + Animation soir\u00e9e Val de Loire<\/li>\n<li>Novotel Clermont-Ferrand : Pr\u00e9sentation de l\u2019entreprise, du groupe ACCOR<\/li>\n<li>Subway: Pr\u00e9sentation du groupe de la franchise , projet de d\u00e9veloppement<\/li>\n<li>Inter Loire : Pr\u00e9sentation du vignoble + d\u00e9gustation<\/li>\n<li>Fromagerie Mons et CIDIL : Pr\u00e9sentation des produits et d\u00e9gustations<\/li>\n<li>Cabinet Ing\u00e9nierie Paris : Pr\u00e9sentation du projet d\u2019h\u00f4tel, Organisation de la ma\u00eetrise d\u2019ouvrage et d\u2019\u0153uvre<\/li>\n<li>Direction R\u00e9gionale des Douanes et droits indirects d\u2019Auvergne : Pr\u00e9sentation de la l\u00e9gislation li\u00e9e au milieu vinicole<\/li>\n<li>Comit\u00e9 Interprofessionnel des vins du Languedoc : Pr\u00e9sentation des vins du Languedoc<\/li>\n<li>Conseil des vins de Saint- Emilion \u2013 Maison des liquoreux de Bordeaux : Pr\u00e9sentation du vignoble de St-Emilion et des vins liquoreux de Bordeaux + d\u00e9gustation<\/li>\n<li>Les vins de Bourgogne : Pr\u00e9sentation du vignoble et d\u00e9gustations<\/li>\n<li>Les vins de Champagne : Pr\u00e9sentation du vignoble et d\u00e9gustations<\/li>\n<li>Maison Grand Marnier : Pr\u00e9sentation de la maison Grand Marnier, d\u00e9gustations<\/li>\n<li>Maison Cari-Bos (Jus de Fruits) : Pr\u00e9sentation de la maison, des produits et r\u00e9alisation de cocktail<\/li>\n<li>Guillaume PICARD, Responsable p\u00e9dagogique et des animations (Parc d\u2019attractions LE PAL)<\/li>\n<li>Anne TICHIT Directrice, Office de Tourisme LAVE<\/li>\n<li>Florence MARECHAL, M\u00e9diatrice culturelle<\/li>\n<li>Nathalie VILLEDIEU, Responsable d\u2019exploitation Volcans de Lempt\u00e9gy<\/li>\n<li>Karel CHAUCHEPRAT, CRDT Auvergne<\/li>\n<li>Ursula LAVEST, Commercial des Chalets d\u00e9couverte<\/li>\n<li>Sabrina LONGY, Charg\u00e9 des r\u00e9servations (Touring Info Service)<\/li>\n<li>Marion SAUX, Charg\u00e9 \u00e9v\u00e8nementiels (Mairie de Cournon-d\u2019Auvergne)<\/li>\n<li>French Chef for Australia : Les carri\u00e8res possibles en Australie, les modalit\u00e9s de recrutement<\/li>\n<li>Groupe Alain Ducasse : Pr\u00e9sentation du groupe, les carri\u00e8res dans le groupe<\/li>\n<li>Yves Camdeborde, Christian Constant et Cyrille Zen : Op\u00e9ration\u00a0\u201cEsprit de Thiers\u201d<\/li>\n<li>Alexis Maurice, cuisinier au palais de l\u2019Elys\u00e9e : Soir\u00e9e \u201cun soir \u00e0 l\u2019Elys\u00e9e\u201d<\/li>\n<li>&#8230;<\/li>\n<\/ul>\n","protected":false},"excerpt":{"rendered":"<p>De nombreux professionnels sont invit\u00e9s au lyc\u00e9e pour pr\u00e9senter et analyser leur secteur d&rsquo;activit\u00e9s devant les \u00e9l\u00e8ves et \u00e9tudiants, soit devant une classe ou durant [&#8230;]<\/p>\n","protected":false},"author":1,"featured_media":0,"parent":29,"menu_order":44,"comment_status":"closed","ping_status":"open","template":"","meta":{"footnotes":""},"class_list":["post-3091","page","type-page","status-publish","hentry"],"_links":{"self":[{"href":"https:\/\/lyceedechamalieres.fr\/index.php?rest_route=\/wp\/v2\/pages\/3091","targetHints":{"allow":["GET"]}}],"collection":[{"href":"https:\/\/lyceedechamalieres.fr\/index.php?rest_route=\/wp\/v2\/pages"}],"about":[{"href":"https:\/\/lyceedechamalieres.fr\/index.php?rest_route=\/wp\/v2\/types\/page"}],"author":[{"embeddable":true,"href":"https:\/\/lyceedechamalieres.fr\/index.php?rest_route=\/wp\/v2\/users\/1"}],"replies":[{"embeddable":true,"href":"https:\/\/lyceedechamalieres.fr\/index.php?rest_route=%2Fwp%2Fv2%2Fcomments&post=3091"}],"version-history":[{"count":19,"href":"https:\/\/lyceedechamalieres.fr\/index.php?rest_route=\/wp\/v2\/pages\/3091\/revisions"}],"predecessor-version":[{"id":5060,"href":"https:\/\/lyceedechamalieres.fr\/index.php?rest_route=\/wp\/v2\/pages\/3091\/revisions\/5060"}],"up":[{"embeddable":true,"href":"https:\/\/lyceedechamalieres.fr\/index.php?rest_route=\/wp\/v2\/pages\/29"}],"wp:attachment":[{"href":"https:\/\/lyceedechamalieres.fr\/index.php?rest_route=%2Fwp%2Fv2%2Fmedia&parent=3091"}],"curies":[{"name":"wp","href":"https:\/\/api.w.org\/{rel}","templated":true}]}}