{"id":336,"date":"2011-05-10T14:34:31","date_gmt":"2011-05-10T12:34:31","guid":{"rendered":"http:\/\/s141058958.onlinehome.fr\/wp\/?page_id=336"},"modified":"2026-04-16T08:56:42","modified_gmt":"2026-04-16T06:56:42","slug":"formulaire-de-reservation-en-ligne","status":"publish","type":"page","link":"https:\/\/lyceedechamalieres.fr\/?page_id=336","title":{"rendered":"R\u00e9server une table en ligne"},"content":{"rendered":"<p><strong>Les services ouverts \u00e0 la r\u00e9servation <\/strong>apparaissent ci-dessous dans le calendrier, en suivant <a href=\"https:\/\/lyceedechamalieres.fr\/2026\/prev.pdf\" target=\"_blank\" rel=\"noopener\">ce planning<\/a>.<br \/>\n<strong>Chaque nouvelle date est ouverte entre 22h et 9h.<\/strong><br \/>\nMerci de noter qu&rsquo;en cas de non-pr\u00e9sentation de votre part, sans nous avoir pr\u00e9venus au moins 24h (jour ouvr\u00e9) \u00e0 l&rsquo;avance (48h pour les menus de No\u00ebl), le r\u00e8glement int\u00e9gral des menus r\u00e9serv\u00e9s vous sera demand\u00e9.<\/p>\n\n<div class=\"sp-wrap sp-wrap-red\">\n<div class=\"sp-head\" title=\"Expand\">\nCliquer ici pour consulter toutes les r\u00e8gles de fonctionnement des r\u00e9servations en ligne\n<\/div>\n<div class=\"sp-body folded\">\n<p>\nLe nombre de couverts disponibles (ou de tables d&rsquo;examen) appara\u00eet pour chaque service.<br \/>\nLes disponibilit\u00e9s sont mises \u00e0 jour chaque soir en fonction d&rsquo;\u00e9ventuelles modifications intervenues en cours de journ\u00e9e.<\/p>\n<p>Pour des raisons p\u00e9dagogiques,<strong> la r\u00e9servation de tables de moins de 2 et de plus de 6 personnes est impossible<\/strong>.<strong> Ce nombre maximum peut \u00eatre encore r\u00e9duit pour certains services.<\/strong> Merci de votre compr\u00e9hension.<br \/>\nPour les groupes ou les grandes tables, les demandes doivent \u00eatre faites au mois 4 semaines (scolaires) \u00e0 l&rsquo;avance sur <a href=\"http:\/\/www.lyceedechamalieres.fr\/?page_id=6420\">le formulaire de contact<\/a>, et un forfait pourra \u00eatre propos\u00e9 en fonction de la prestation choisie et des contraintes p\u00e9dagogiques.<\/p>\n<p><strong>Les menus<br \/>\n<\/strong>Les brochures disponibles, ainsi que <strong>nos limites p\u00e9dagogiques sont <a href=\"http:\/\/www.lyceedechamalieres.fr\/?page_id=355\/#conditions\" target=\"_blank\" rel=\"noopener\">consultables sur ce lien<\/a><\/strong>. Merci d&rsquo;en tenir compte avant d&rsquo;effectuer votre r\u00e9servation, pour garantir votre satisfaction.<\/p>\n<p><strong>Menus \u00e0 choix<\/strong><br \/>\nLes menus \u00e0 choix sont parfois propos\u00e9s afin de permettre \u00e0 nos \u00e9l\u00e8ves d&rsquo;apprendre \u00e0 g\u00e9rer les prises de commande. Le nombre de portions est limit\u00e9 pour chaque plat, et le client ne peut avoir l&rsquo;assurance d&rsquo;avoir le choix au moment de sa commande.<br \/>\nSi vous d\u00e9cidez de r\u00e9server sur un service \u00e0 choix, vous acceptez cette \u00e9ventualit\u00e9.<\/p>\n<p><strong>Comment r\u00e9server ?<\/strong><br \/>\nS\u00e9lectionnez le service souhait\u00e9, entrez vos coordonn\u00e9es, modifier le nombre de couverts souhait\u00e9 et envoyer la demande en cliquant sur \u00ab\u00a0Demander une r\u00e9servation\u00a0\u00bb.<br \/>\nSeuls les services r\u00e9servables peuvent \u00eatre s\u00e9lectionn\u00e9s, s&rsquo;il reste plus d&rsquo;une disponibilit\u00e9.<br \/>\nNos services sont mis en ligne progressivement.\u00a0Merci de consulter <a href=\"http:\/\/www.lyceedechamalieres.fr\/?page_id=355\">nos brochures hebdomadaires<\/a> pour conna\u00eetre les dates d&rsquo;ouverture \u00e0 la r\u00e9servation. Chaque nouvelle date ouverte est pleinement disponible \u00e0 partir de 6h chaque matin sur le site.<\/p>\n<p>Une copie est envoy\u00e9e par e-mail automatiquement au moment de la validation de la page, indiquant que la r\u00e9servation est en attente et que votre demande a bien \u00e9t\u00e9 prise en compte.<br \/>\nPensez \u00e0 v\u00e9rifier vos spams si ce message n&rsquo;est pas pr\u00e9sent dans votre boite de r\u00e9ception.<br \/>\n<strong><br \/>\nLa confirmation d\u00e9finitive est envoy\u00e9e le plus rapidement possible par nos soins, incluant le num\u00e9ro de r\u00e9servation.<\/strong><\/p>\n<p><strong>Seul ce num\u00e9ro atteste que la r\u00e9servation est bien valable et confirm\u00e9e.<br \/>\n<\/strong>Merci d\u2019attendre la confirmation de votre demande (par e-mail ou par t\u00e9l\u00e9phone) pour consid\u00e9rer votre r\u00e9servation comme effective.<\/p>\n<\/div>\n<\/div>\n\n\t\t<form id=\"bookacti-form-1-317321916\" class=\"bookacti-booking-form bookacti-booking-form-1 \" autocomplete=\"off\" >\n\t\t\t\t<input type='hidden' name='form_id' value='1'\/>\n\t\t\t<input type='hidden' name='action' value='bookactiSubmitBookingForm'\/>\n\t\t\t<div class='bookacti-form-field-container bookacti-form-field-name-calendar bookacti-form-field-type-calendar bookacti-form-field-id-1' id='bookacti-form-field-calendar-1-form-1-317321916' data-field-name=\"calendar\" data-field-type=\"calendar\" data-field-id=\"1\">\n\t\t\t<div class='bookacti-form-field-content' >\n\t\t\n\t<div class='bookacti-booking-system-container' id='bookacti-booking-system-form-1-317321916-container'>\n\t\t<script>\n\t\t\t\/\/ Compatibility with Optimization plugins\n\t\t\tif( typeof bookacti === 'undefined' ) { var bookacti = { booking_system:[] }; }\n\t\t\tbookacti.booking_system[ 'bookacti-booking-system-form-1-317321916' ] = {\"events\":[],\"events_data\":[],\"events_interval\":{\"start\":\"2026-04-16 17:20:45\",\"end\":\"2026-04-16 17:20:45\"},\"events_min_interval\":[],\"bookings\":[],\"groups_bookings\":[],\"booking_lists\":[],\"activities_data\":[],\"groups_events\":[],\"groups_data\":[],\"group_categories_data\":[],\"no_events\":0,\"id\":\"bookacti-booking-system-form-1-317321916\",\"class\":\"\",\"hide_availability\":100,\"hide_calendar\":[\"none\"],\"calendars\":[1],\"activities\":[13,11,12,2,9,10,4,1,14,5,3,8,6],\"group_categories\":[\"none\"],\"groups_only\":0,\"groups_single_events\":0,\"groups_first_event_only\":0,\"multiple_bookings\":0,\"bookings_only\":0,\"tooltip_booking_list\":0,\"tooltip_booking_list_columns\":[\"quantity\",\"customer_last_name\"],\"status\":[],\"user_id\":[],\"method\":\"calendar\",\"auto_load\":0,\"display_period\":{\"start\":\"2026-04-17 01:20:45\",\"end\":\"2026-05-08 06:40:45\"},\"availability_period\":{\"start\":\"2026-04-17 01:20:45\",\"end\":\"2026-05-08 06:40:45\"},\"start\":\"2026-04-17 01:20:45\",\"end\":\"2026-05-08 06:40:45\",\"trim\":1,\"out_of_period_events\":0,\"past_events\":0,\"past_events_bookable\":0,\"use_global_days_off\":0,\"days_off\":[],\"check_roles\":1,\"picked_events\":[],\"form_id\":1,\"form_action\":\"default\",\"when_perform_form_action\":\"on_submit\",\"select_first_event\":0,\"redirect_url_by_activity\":[],\"redirect_url_by_group_category\":[],\"display_data\":{\"slotMinTime\":\"12:00\",\"slotMaxTime\":\"22:00\",\"height\":\"\",\"contentHeight\":\"\",\"aspectRatio\":\"\",\"slotDuration\":\"00:15\",\"scrollTime\":\"00:00\",\"dayMaxEvents\":\"\",\"moreLinkClick\":\"popover\",\"handleWindowResize\":1,\"initialView\":{\"9999\":\"listMonthMultiple\"},\"availableViews\":[\"dayGridMonth\",\"listMonthMultiple\"],\"flexibleViewsDayCount\":3,\"multipleMonthsViewsDuration\":2,\"multiMonthMinWidth\":0,\"navLinks\":1,\"weekNumbers\":0,\"nowIndicator\":0,\"hiddenDays\":[\"6\",\"0\"],\"slotEventOverlap\":0,\"showNonCurrentDates\":1},\"context\":\"\",\"custom_dataset\":\"\",\"tooltip_event_info\":1,\"datepicker_display\":\"default\",\"hide_timepicker\":\"never\"};\n\t\t<\/script>\n\t\t\t\t\n\t\t<div class='bookacti-booking-system-inputs'>\n\t\t\t\t\t<\/div>\n\t\t\n\t\t\t\t\n\t\t<div id='bookacti-booking-system-form-1-317321916' class='bookacti-booking-system '>\n\t\t\t\t\t<div class='bookacti-calendar-title bookacti-booking-system-title '>\n\t\t\tS\u00e9lectionner le service. Choisissez l'affichage et utiliser les fl\u00e8ches pour passer \u00e0 la p\u00e9riode suivante.\t\t<\/div>\n\t\t<div class='bookacti-calendar '><\/div>\n\t\t\t<\/div>\n\t\t\n\t\t\t\t\n\t\t<div class='bookacti-picked-events' style='display:none;'>\n\t\t\t<div class='bookacti-picked-events-list-title'><\/div>\n\t\t\t<ul class='bookacti-picked-events-list bookacti-custom-scrollbar'>\n\t\t\t\t\t\t\t<\/ul>\n\t\t<\/div>\n\t\t\n\t\t<div class='bookacti-notices' style='display:none;'>\n\t\t\t\t\t<\/div>\n\t\t\n\t\t<div class='bookacti-tooltips-container'>\n\t\t\t\t\t<\/div>\n\t\t\n\t\t\t<\/div>\n\t<div id='bookacti-booking-system-form-1-317321916-dialogs' class='bookacti-booking-system-dialogs'>\n\t\t\t<!-- Choose a group of events -->\n\t<div id='bookacti-booking-system-form-1-317321916-choose-group-of-events-dialog' \n\t\t data-booking-system-id='bookacti-booking-system-form-1-317321916' \n\t\t class='bookacti-backend-dialog bookacti-choose-group-of-events-dialog bookacti-booking-system-dialog' \n\t\t title='Cet \u00e9v\u00e8nement est disponible dans plusieurs groupes' \n\t\t style='display:none;' >\n\t\tQuel groupe d&#039;\u00e9v\u00e8nements voulez-vous s\u00e9lectionner&nbsp;?\t\t<div id='bookacti-booking-system-form-1-317321916-groups-of-events-list' class='bookacti-groups-of-events-list' ><\/div>\n\t<\/div>\n\n\t\t<\/div>\n\t\t\t<\/div>\n\t<\/div>\n\t<div class='bookacti-form-field-container bookacti-form-field-name-login bookacti-form-field-type-login bookacti-form-field-id-2 bookacti-user-is-not-logged-in' id='bookacti-form-field-login-2-form-1-317321916' data-field-name=\"login\" data-field-type=\"login\" data-field-id=\"2\">\r\n\t\t\t\t<div class='bookacti-form-field-login-field-container bookacti-login-field-login-type bookacti-custom-radio-button-container bookacti-login-types-hidden' data-field-name='login_type'>\r\n\t\t\t\t\t\t<div class='bookacti-login-type-container bookacti-custom-radio-button bookacti-login-type-no_account' data-separator='ou'>\r\n\t\t\t\t\t<input type='radio' name='login_type' value='no_account' id='bookacti-form-1-317321916-login-type-no_account' required  checked='checked'\/>\r\n\t\t\t\t\t<label for='bookacti-form-1-317321916-login-type-no_account' \r\n\t\t\t\t\t\t   \r\n\t\t\t\t\t>\r\n\t\t\t\t\tDemander une r\u00e9servation\t\t\t\t\t<\/label>\r\n\t\t\t\t<\/div>\r\n\t\t\t\t\t\t\t<\/div>\r\n\t\t\t\t<div class='bookacti-user-data-fields'>\r\n\t\t\t<div class='bookacti-log-in-fields'>\r\n\t\t\t\t\t\t\t\t<div class='bookacti-form-field-login-field-container bookacti-login-field-email' id='bookacti-form-field-login-2-form-1-317321916-email-container' data-field-name='email' data-field-type='email'>\r\n\t\t\t\t\t<div class='bookacti-form-field-label' >\r\n\t\t\t\t\t\t<label for='bookacti-form-field-login-2-form-1-317321916-email' >\r\n\t\t\t\t\t\t\tE-mail\t\t\t\t\t\t\t<span class='bookacti-required-field-indicator' title='Champ obligatoire'><\/span>\r\n\t\t\t\t\t\t<\/label>\r\n\t\t\t\t\t<span class='bookacti-tip-icon bookacti-tip' data-tip='V\u00e9rifier bien votre email avant de valider. Toute demande avec un email faux ne sera pas trait\u00e9e.'><\/span>\t\t\t\t\t<\/div>\r\n\t\t\t\t\t<div class='bookacti-form-field-content' >\r\n\t\t\t\t\t\t\t<input type='text' \r\n\t\t\t\tname='email' \r\n\t\t\t\tvalue='' \r\n\t\t\t\tautocomplete='off'\r\n\t\t\t\tid='bookacti-form-field-login-2-form-1-317321916-email' \r\n\t\t\t\tclass='bookacti-input bookacti-form-field bookacti-email bookacti-required-field' \r\n\t\t\t\t\t\t\tplaceholder='' \r\n\t\t\t required\t\t\/>\r\n\t\t\t\t\t\t<\/div>\r\n\t\t\t\t\t\t\t\t\t<\/div>\r\n\t\t\t\t<div class='bookacti-form-field-login-field-container bookacti-login-field-password ' id='bookacti-form-field-login-2-form-1-317321916-password-container' data-field-name='password' data-field-type='password'>\r\n\t\t\t\t\t<div class='bookacti-form-field-label' >\r\n\t\t\t\t\t\t<label for='bookacti-form-field-login-2-form-1-317321916-password' >\r\n\t\t\t\t\t\t\tMot de passe\t\t\t\t\t\t\t<span class='bookacti-required-field-indicator' title='Champ obligatoire'><\/span>\r\n\t\t\t\t\t\t<\/label>\r\n\t\t\t\t\t\t\t\t\t\t<\/div>\r\n\t\t\t\t\t<div class='bookacti-form-field-content' >\r\n\t\t\t\t\t\t\t<input type='password' \r\n\t\t\t\tname='password' \r\n\t\t\t\tvalue='' \r\n\t\t\t\tautocomplete='off'\r\n\t\t\t\tid='bookacti-form-field-login-2-form-1-317321916-password' \r\n\t\t\t\tclass='bookacti-input bookacti-form-field bookacti-password bookacti-required-field' \r\n\t\t\t\t\t\t\tplaceholder='' \r\n\t\t\t required\t\t\/>\r\n\t\t\t\t\t\t\t\t<div class='bookacti-password-strength' style='display:none;'>\r\n\t\t\t\t\t\t\t\t<span class='bookacti-password-strength-meter'><\/span>\r\n\t\t\t\t\t\t\t\t<input type='hidden' name='password_strength' class='bookacti-password_strength' value='0' min='4' \/>\r\n\t\t\t\t\t\t\t<\/div>\r\n\t\t\t\t\t\t\t\t\t\t\t\t<\/div>\r\n\t\t\t\t\t\t\t\t\t<\/div>\r\n\t\t\t\t\t\t\t<\/div>\r\n\t\t\t\t\t\t\t\t<div class='bookacti-register-fields' id='bookacti-form-field-login-2-form-1-317321916-register-fields' style='display:none;' >\r\n\t\t\t\t\t\t\t\t\t\t\t\t\t\t<div class='bookacti-form-field-login-field-container bookacti-login-field-first_name' id='bookacti-form-field-login-2-form-1-317321916-first_name-container' data-field-name='first_name' data-field-type='text'>\r\n\t\t\t\t\t\t\t\t\t\t\t\t\t\t\t\t\t\t\t<div class='bookacti-form-field-label' >\r\n\t\t\t\t\t\t\t\t\t\t\t<label for='bookacti-form-field-login-2-form-1-317321916-first_name' >\r\n\t\t\t\t\t\t\t\t\t\t\tPr\u00e9nom<span class=\"bookacti-required-field-indicator\" title=\"Champ obligatoire\"><\/span>\t\t\t\t\t\t\t\t\t\t\t<\/label>\r\n\t\t\t\t\t\t\t\t\t\t\t\t\t\t\t\t\t\t\t\t<\/div>\r\n\t\t\t\t\t\t\t\t\t\t\t\t\t\t\t\t\t\t<div class='bookacti-form-field-content' >\r\n\t\t\t\t\t\t\t\t\t\t\t<input type='text' \r\n\t\t\t\tname='first_name' \r\n\t\t\t\tvalue='' \r\n\t\t\t\tautocomplete='off'\r\n\t\t\t\tid='bookacti-form-field-login-2-form-1-317321916-first_name' \r\n\t\t\t\tclass='bookacti-input bookacti-form-field bookacti-first_name bookacti-required-field' \r\n\t\t\t\t\t\t\tplaceholder='' \r\n\t\t\t required\t\t\/>\r\n\t\t\t\t\t\t\t\t\t\t<\/div>\r\n\t\t\t\t\t\t\t\t\t\t\t\t\t\t\t\t\t<\/div>\r\n\t\t\t\t\t\t\t\t\t\t\t\t\t\t\t<div class='bookacti-form-field-login-field-container bookacti-login-field-last_name' id='bookacti-form-field-login-2-form-1-317321916-last_name-container' data-field-name='last_name' data-field-type='text'>\r\n\t\t\t\t\t\t\t\t\t\t\t\t\t\t\t\t\t\t\t<div class='bookacti-form-field-label' >\r\n\t\t\t\t\t\t\t\t\t\t\t<label for='bookacti-form-field-login-2-form-1-317321916-last_name' >\r\n\t\t\t\t\t\t\t\t\t\t\tNom<span class=\"bookacti-required-field-indicator\" title=\"Champ obligatoire\"><\/span>\t\t\t\t\t\t\t\t\t\t\t<\/label>\r\n\t\t\t\t\t\t\t\t\t\t\t\t\t\t\t\t\t\t\t\t<\/div>\r\n\t\t\t\t\t\t\t\t\t\t\t\t\t\t\t\t\t\t<div class='bookacti-form-field-content' >\r\n\t\t\t\t\t\t\t\t\t\t\t<input type='text' \r\n\t\t\t\tname='last_name' \r\n\t\t\t\tvalue='' \r\n\t\t\t\tautocomplete='off'\r\n\t\t\t\tid='bookacti-form-field-login-2-form-1-317321916-last_name' \r\n\t\t\t\tclass='bookacti-input bookacti-form-field bookacti-last_name bookacti-required-field' \r\n\t\t\t\t\t\t\tplaceholder='' \r\n\t\t\t required\t\t\/>\r\n\t\t\t\t\t\t\t\t\t\t<\/div>\r\n\t\t\t\t\t\t\t\t\t\t\t\t\t\t\t\t\t<\/div>\r\n\t\t\t\t\t\t\t\t\t\t\t\t\t\t\t<div class='bookacti-form-field-login-field-container bookacti-login-field-phone' id='bookacti-form-field-login-2-form-1-317321916-phone-container' data-field-name='phone' data-field-type='tel'>\r\n\t\t\t\t\t\t\t\t\t\t\t\t\t\t\t\t\t\t\t<div class='bookacti-form-field-label' >\r\n\t\t\t\t\t\t\t\t\t\t\t<label for='bookacti-form-field-login-2-form-1-317321916-phone' >\r\n\t\t\t\t\t\t\t\t\t\t\tT\u00e9l\u00e9phone<span class=\"bookacti-required-field-indicator\" title=\"Champ obligatoire\"><\/span>\t\t\t\t\t\t\t\t\t\t\t<\/label>\r\n\t\t\t\t\t\t\t\t\t\t<span class='bookacti-tip-icon bookacti-tip' data-tip='T\u00e9l\u00e9phone portable, de pr\u00e9f\u00e9rence'><\/span>\t\t\t\t\t\t\t\t\t\t<\/div>\r\n\t\t\t\t\t\t\t\t\t\t\t\t\t\t\t\t\t\t<div class='bookacti-form-field-content' >\r\n\t\t\t\t\t\t\t\t\t\t\t<input type='tel' \r\n\t\t\t\tname='phone' \r\n\t\t\t\tvalue='' \r\n\t\t\t\tautocomplete='off'\r\n\t\t\t\tid='bookacti-form-field-login-2-form-1-317321916-phone' \r\n\t\t\t\tclass='bookacti-input bookacti-form-field bookacti-phone bookacti-required-field' \r\n\t\t\t\t\t\t\tplaceholder='' \r\n\t\t\t required\t\t\/>\r\n\t\t\t\t\t\t\t\t\t\t<\/div>\r\n\t\t\t\t\t\t\t\t\t\t\t\t\t\t\t\t\t<\/div>\r\n\t\t\t\t\t\t\t\t\t\t\t\t<\/div>\r\n\t\t\t\t\t\t<\/div>\r\n\t<\/div>\r\n\t\t<div class='bookacti-form-field-container bookacti-form-field-name-quantity bookacti-form-field-type-quantity bookacti-form-field-id-3' id='bookacti-form-field-quantity-3-form-1-317321916' data-field-name=\"quantity\" data-field-type=\"quantity\" data-field-id=\"3\">\n\t\t\t<div class='bookacti-form-field-label' >\n\t\t\t<label>\n\t\t\tNombre demand\u00e9<span class=\"bookacti-required-field-indicator\" title=\"Champ obligatoire\"><\/span>\t\t\t<\/label>\n\t\t<span class='bookacti-tip-icon bookacti-tip' data-tip='nombre de couverts ou table d&#039;examen'><\/span>\t\t<\/div>\n\t\t\t<div class='bookacti-form-field-content' >\n\t\t\t\t<input type='number' \r\n\t\t\t\tname='quantity' \r\n\t\t\t\tvalue='1' \r\n\t\t\t\tautocomplete='off'\r\n\t\t\t\tid='32fa8e34fff33702415ce138e3bc8220' \r\n\t\t\t\tclass='bookacti-input bookacti-form-field bookacti-quantity' \r\n\t\t\t\t\t\t\tplaceholder='' \r\n\t\t\t\t\t\t\tmin='1' \r\n\t\t\t\tmax=''\r\n\t\t\t\tstep=''\r\n\t\t\t\t\t\/>\r\n\t\t\t<\/div>\n\t<\/div>\n\t<div class='bookacti-form-field-container bookacti-form-field-name-free_text bookacti-form-field-type-free_text bookacti-form-field-id-17' id='bookacti-form-field-free_text-17-form-1-317321916' data-field-name=\"free_text\" data-field-type=\"free_text\" data-field-id=\"17\">\n\t\t\t<div class='bookacti-form-field-content' >\n\t\t\t<div id='bookacti-form-field-free_text-17-form-1-317321916' class='bookacti-form-free-text ' >\r\n\t<p>Nous vous demandons de <strong>bien v\u00e9rifier votre adresse mail <\/strong>avant de valider votre demande. Toute demande \u00e0 partir d'une adresse mail erron\u00e9e ne pourra pas \u00eatre prise en compte. Merci de votre compr\u00e9hension. En cliquant sur \"Demander une r\u00e9servation\", vous vous engagez <strong>\u00e0 avoir consult\u00e9 et \u00e0 respecter<\/strong> <a href=\"http:\/\/www.lyceedechamalieres.fr\/conditions\" target=\"_blank\" rel=\"noopener\">nos conditions d'accueil<\/a>.<\/p>\n\t<\/div>\r\n\t\t\t<\/div>\n\t<\/div>\n\t<div class='bookacti-form-field-container bookacti-form-field-name-submit bookacti-form-field-type-submit bookacti-form-field-id-4' id='bookacti-form-field-submit-4-form-1-317321916' data-field-name=\"submit\" data-field-type=\"submit\" data-field-id=\"4\">\r\n\t\t<input type='submit' class='bookacti-submit-form button' value='Demander une r\u00e9servation'\/>\r\n\t\t<input type='button' class='bookacti-new-booking-button button' value='Faire une nouvelle demande de r\u00e9servation' style='display:none;'\/>\r\n\t<\/div>\r\n\t\t\t\t<div class='bookacti-notices' style='display:none;'><\/div>\n\t\t\t<\/form>\n\t\n<p style=\"text-align: center;\"><small>Calendrier de r\u00e9servation en ligne r\u00e9alis\u00e9 en partenariat avec <a href=\"https:\/\/booking-activities.fr\/fr\/\" target=\"_blank\" rel=\"noopener\">Booking Activities<\/a>.<\/small><\/p>\n<hr style=\"height: 1px; color: red; background-color: black; border: none;\" \/>\n<p>&nbsp;<\/p>\n<h3>Contacter le service des r\u00e9servations<strong><br \/>\n<\/strong><\/h3>\n<p>Vous souhaitez nous contacter en dehors des horaires d\u2019ouverture du standard t\u00e9l\u00e9phonique, pour obtenir un renseignement, nous faire part d&rsquo;un changement\u2026 <a href=\"http:\/\/www.lyceedechamalieres.fr\/?page_id=6420\">Cliquez sur ce lien pour nous envoyer votre message<\/a>\u00a0! Une r\u00e9ponse vous sera apport\u00e9e dans les meilleurs d\u00e9lais.<\/p>\n<p>&nbsp;<\/p>\n<p><!--<center>Mise \u00e0 jour du calendrier en cours. Merci de r\u00e9essayer dans quelques minutes.<\/center>--><br \/>\n<!-- d\u00e9sactivation vacances : Le calendrier des r\u00e9servations est d\u00e9sactiv\u00e9 durant les examens et les vacances scolaires. Merci de votre compr\u00e9hension. <img loading=\"lazy\" decoding=\"async\" class=\"aligncenter size-medium wp-image-14056\" src=\"http:\/\/www.lyceedechamalieres.fr\/wp-content\/uploads\/2024\/10\/bonnesvacances-1-300x205.png\" alt=\"\" width=\"300\" height=\"205\" srcset=\"https:\/\/lyceedechamalieres.fr\/wp-content\/uploads\/2024\/10\/bonnesvacances-1-300x205.png 300w, https:\/\/lyceedechamalieres.fr\/wp-content\/uploads\/2024\/10\/bonnesvacances-1.png 610w\" sizes=\"auto, (max-width: 300px) 100vw, 300px\" \/>\nr\u00e9activation rentr\u00e9e : [bookingactivities_form form=\"1\"] --><\/p>\n","protected":false},"excerpt":{"rendered":"<p>Les services ouverts \u00e0 la r\u00e9servation apparaissent ci-dessous dans le calendrier, en suivant ce planning. Chaque nouvelle date est ouverte entre 22h et 9h. Merci [&#8230;]<\/p>\n","protected":false},"author":1,"featured_media":0,"parent":327,"menu_order":28,"comment_status":"closed","ping_status":"closed","template":"","meta":{"footnotes":""},"class_list":["post-336","page","type-page","status-publish","hentry"],"_links":{"self":[{"href":"https:\/\/lyceedechamalieres.fr\/index.php?rest_route=\/wp\/v2\/pages\/336","targetHints":{"allow":["GET"]}}],"collection":[{"href":"https:\/\/lyceedechamalieres.fr\/index.php?rest_route=\/wp\/v2\/pages"}],"about":[{"href":"https:\/\/lyceedechamalieres.fr\/index.php?rest_route=\/wp\/v2\/types\/page"}],"author":[{"embeddable":true,"href":"https:\/\/lyceedechamalieres.fr\/index.php?rest_route=\/wp\/v2\/users\/1"}],"replies":[{"embeddable":true,"href":"https:\/\/lyceedechamalieres.fr\/index.php?rest_route=%2Fwp%2Fv2%2Fcomments&post=336"}],"version-history":[{"count":491,"href":"https:\/\/lyceedechamalieres.fr\/index.php?rest_route=\/wp\/v2\/pages\/336\/revisions"}],"predecessor-version":[{"id":15374,"href":"https:\/\/lyceedechamalieres.fr\/index.php?rest_route=\/wp\/v2\/pages\/336\/revisions\/15374"}],"up":[{"embeddable":true,"href":"https:\/\/lyceedechamalieres.fr\/index.php?rest_route=\/wp\/v2\/pages\/327"}],"wp:attachment":[{"href":"https:\/\/lyceedechamalieres.fr\/index.php?rest_route=%2Fwp%2Fv2%2Fmedia&parent=336"}],"curies":[{"name":"wp","href":"https:\/\/api.w.org\/{rel}","templated":true}]}}