{"id":345,"date":"2011-05-10T14:45:17","date_gmt":"2011-05-10T12:45:17","guid":{"rendered":"http:\/\/s141058958.onlinehome.fr\/wp\/?page_id=345"},"modified":"2025-10-15T07:50:03","modified_gmt":"2025-10-15T05:50:03","slug":"nos-restaurants","status":"publish","type":"page","link":"https:\/\/lyceedechamalieres.fr\/?page_id=345","title":{"rendered":"Offrez un repas au restaurant"},"content":{"rendered":"<p><strong>Cadeau de No\u00ebl, anniversaire, surprise&#8230;<\/strong><br \/>\nVous avez la possibilit\u00e9 d&rsquo;offrir un repas au lyc\u00e9e gr\u00e2ce \u00e0 un bon cadeau !<\/p>\n<p><img loading=\"lazy\" decoding=\"async\" class=\"alignnone size-medium wp-image-14767\" src=\"https:\/\/lyceedechamalieres.fr\/wp-content\/uploads\/2025\/10\/kdo-300x195.png\" alt=\"\" width=\"300\" height=\"195\" srcset=\"https:\/\/lyceedechamalieres.fr\/wp-content\/uploads\/2025\/10\/kdo-300x195.png 300w, https:\/\/lyceedechamalieres.fr\/wp-content\/uploads\/2025\/10\/kdo.png 630w\" sizes=\"auto, (max-width: 300px) 100vw, 300px\" \/><\/p>\n<h4>Comment cela fonctionne-t-il ?<\/h4>\n<p>Vous achetez un bon pour un nombre de couverts, au choix, pour un repas :<\/p>\n<ul>\n<li>\u00e0 midi dans notre brasserie ;<\/li>\n<li>\u00e0 midi dans notre restaurant gastronomique ;<\/li>\n<li>le soir dans notre restaurant gastronomique.<\/li>\n<\/ul>\n<p>\u00c0 r\u00e9ception de votre r\u00e8glement, vous recevez par mail un bon d&rsquo;\u00e9change \u00e0 donner au destinataire de votre cadeau. Ce bon comporte un <strong>QR code pour r\u00e9server<\/strong> et un<strong> code \u00e0 usage unique pour valider la table<\/strong>.<\/p>\n<p>La personne en possession du bon :<\/p>\n<ul>\n<li>pourra r\u00e9server sa table avec son QR code ou sur le site du lyc\u00e9e ;<\/li>\n<li>\u00e0 r\u00e9ception de la confirmation de sa r\u00e9servation incluant le num\u00e9ro de sa r\u00e9servation, devra simplement r\u00e9pondre au message en indiquant la r\u00e9f\u00e9rence de son bon ;<\/li>\n<li>avant son repas, devra \u00e9galement noter son nom et son num\u00e9ro et sa date de r\u00e9servation sur le bon ;<\/li>\n<li>Le jour du repas, il remettra cette carte au restaurant, et devra simplement r\u00e9gler les boissons non incluses dans le forfait du jour*.<\/li>\n<\/ul>\n<h4>Comment faire ?<\/h4>\n<p>Simplement faites votre demande en <a href=\"&#x6d;a&#x69;&#108;&#x74;&#x6f;:&#x63;&#97;&#x64;&#x65;a&#x75;&#64;&#x6c;&#x79;c&#x65;&#101;&#x64;&#x65;c&#x68;&#97;&#x6d;&#x61;l&#x69;&#101;&#x72;&#x65;s&#x2e;&#102;&#x72;?subject=demande%20de%20bon%20cadeau\">cliquant sur ce lien<\/a> ou en envoyant un message \u00e0<br \/>\n<strong><img loading=\"lazy\" decoding=\"async\" class=\"alignnone size-full wp-image-14565\" src=\"https:\/\/lyceedechamalieres.fr\/wp-content\/uploads\/2025\/06\/mel.jpg\" alt=\"\" width=\"14\" height=\"10\" \/> &#99;&#97;&#x64;&#x65;&#97;&#117;&#x40;&#x6c;&#121;&#99;&#x65;&#x65;&#100;&#101;&#x63;&#x68;&#97;&#109;&#x61;&#x6c;&#105;&#101;&#x72;&#x65;&#115;&#46;&#x66;&#x72;<\/strong><\/p>\n<p>&nbsp;<\/p>\n<p>&nbsp;<\/p>\n<p><em>* valable uniquement sur l\u2019ann\u00e9e scolaire en cours, pour un repas hors boissons non comprises dans le forfait du jour.<\/em><br \/>\n<em>Pour certains menus \u00e0 prix sp\u00e9ciaux, un suppl\u00e9ment pourra \u00eatre demand\u00e9.<\/em><\/p>\n","protected":false},"excerpt":{"rendered":"<p>Cadeau de No\u00ebl, anniversaire, surprise&#8230; Vous avez la possibilit\u00e9 d&rsquo;offrir un repas au lyc\u00e9e gr\u00e2ce \u00e0 un bon cadeau ! Comment cela fonctionne-t-il ? Vous [&#8230;]<\/p>\n","protected":false},"author":1,"featured_media":0,"parent":327,"menu_order":30,"comment_status":"closed","ping_status":"closed","template":"","meta":{"footnotes":""},"class_list":["post-345","page","type-page","status-publish","hentry"],"_links":{"self":[{"href":"https:\/\/lyceedechamalieres.fr\/index.php?rest_route=\/wp\/v2\/pages\/345","targetHints":{"allow":["GET"]}}],"collection":[{"href":"https:\/\/lyceedechamalieres.fr\/index.php?rest_route=\/wp\/v2\/pages"}],"about":[{"href":"https:\/\/lyceedechamalieres.fr\/index.php?rest_route=\/wp\/v2\/types\/page"}],"author":[{"embeddable":true,"href":"https:\/\/lyceedechamalieres.fr\/index.php?rest_route=\/wp\/v2\/users\/1"}],"replies":[{"embeddable":true,"href":"https:\/\/lyceedechamalieres.fr\/index.php?rest_route=%2Fwp%2Fv2%2Fcomments&post=345"}],"version-history":[{"count":25,"href":"https:\/\/lyceedechamalieres.fr\/index.php?rest_route=\/wp\/v2\/pages\/345\/revisions"}],"predecessor-version":[{"id":14778,"href":"https:\/\/lyceedechamalieres.fr\/index.php?rest_route=\/wp\/v2\/pages\/345\/revisions\/14778"}],"up":[{"embeddable":true,"href":"https:\/\/lyceedechamalieres.fr\/index.php?rest_route=\/wp\/v2\/pages\/327"}],"wp:attachment":[{"href":"https:\/\/lyceedechamalieres.fr\/index.php?rest_route=%2Fwp%2Fv2%2Fmedia&parent=345"}],"curies":[{"name":"wp","href":"https:\/\/api.w.org\/{rel}","templated":true}]}}