{"id":395,"date":"2011-05-10T15:35:43","date_gmt":"2011-05-10T13:35:43","guid":{"rendered":"http:\/\/s141058958.onlinehome.fr\/wp\/?page_id=395"},"modified":"2026-03-13T13:46:39","modified_gmt":"2026-03-13T12:46:39","slug":"contact","status":"publish","type":"page","link":"https:\/\/lyceedechamalieres.fr\/?page_id=395","title":{"rendered":"Contact &#038; Localisation"},"content":{"rendered":"<h2>Localisation &amp; Plan<\/h2>\n<p><img loading=\"lazy\" decoding=\"async\" class=\"alignnone wp-image-14797\" src=\"https:\/\/lyceedechamalieres.fr\/wp-content\/uploads\/2025\/10\/002-1024x405.png\" alt=\"\" width=\"485\" height=\"192\" srcset=\"https:\/\/lyceedechamalieres.fr\/wp-content\/uploads\/2025\/10\/002-1024x405.png 1024w, https:\/\/lyceedechamalieres.fr\/wp-content\/uploads\/2025\/10\/002-300x119.png 300w, https:\/\/lyceedechamalieres.fr\/wp-content\/uploads\/2025\/10\/002-768x304.png 768w, https:\/\/lyceedechamalieres.fr\/wp-content\/uploads\/2025\/10\/002-1536x608.png 1536w, https:\/\/lyceedechamalieres.fr\/wp-content\/uploads\/2025\/10\/002-1320x523.png 1320w, https:\/\/lyceedechamalieres.fr\/wp-content\/uploads\/2025\/10\/002.png 1960w\" sizes=\"auto, (max-width: 485px) 100vw, 485px\" \/><br \/>\n<strong>Lyc\u00e9e polyvalent Val\u00e9ry-Giscard-d&rsquo;Estaing<br \/>\nLyc\u00e9e des M\u00e9tiers de l&rsquo;H\u00f4tellerie et du Tourisme<br \/>\nVoie Romaine<br \/>\n63400 Chamali\u00e8res<\/strong><\/p>\n<p>T\u00e9l\u00e9phone \u00ab\u00a0standard g\u00e9n\u00e9ral\u00a0\u00bb : 04 73 31 74 50<br \/>\nFax administration : 04 73 31 74 52<br \/>\nSite web :\u00a0<a href=\"http:\/\/www.lyceedechamalieres.fr\/\">www.lyceedechamalieres.fr<\/a><br \/>\nFacebook : <a href=\"https:\/\/www.facebook.com\/lyceechamalieresofficiel\" target=\"_blank\" rel=\"noopener noreferrer\">@lyceechamalieresofficiel<\/a><br \/>\nInstagram : <a href=\"https:\/\/www.instagram.com\/lyceechamalieresofficiel\/\" target=\"_blank\" rel=\"noopener noreferrer\">lyceechamalieresofficiel<\/a><br \/>\nTwitter : <a href=\"https:\/\/twitter.com\/LyceeCham\" target=\"_blank\" rel=\"noopener noreferrer\">@LyceeCham<\/a><br \/>\nNetboard : <a href=\"https:\/\/lyceedechamalieres.netboard.me\/\" target=\"_blank\" rel=\"noopener noreferrer\">lyceedechamalieres<\/a><\/p>\n<p>Itin\u00e9raire &amp; Acc\u00e8s :<br \/>\n\u2014\u00a0<a href=\"http:\/\/maps.google.fr\/maps?f=q&amp;hl=fr&amp;geocode=&amp;view=map&amp;q=Lyc%C3%A9e+d'Enseignement+G%C3%A9n%C3%A9ral+d'H%C3%B4tellerie+et+de+Tourisme,+Voie+Romaine,+63400+Chamali%C3%A8res&amp;ie=UTF8&amp;ll=45.781442,3.050895&amp;spn=0.015234,0.031414&amp;z=15&amp;iwloc=A\" target=\"_blank\" rel=\"noopener noreferrer\">Localisation GoogleMap<\/a><br \/>\n\u2014 <a href=\"https:\/\/www.openstreetmap.org\/?mlat=45.7761&amp;mlon=3.0509#map=15\/45.7761\/3.0509\" target=\"_blank\" rel=\"noopener\">Localisation OpenStreetMap<\/a><\/p>\n<p><iframe loading=\"lazy\" style=\"border: 0px solid black;\" src=\"https:\/\/www.openstreetmap.org\/export\/embed.html?bbox=3.0296516418457036%2C45.76557705473693%2C3.0720949172973637%2C45.786589262593616&amp;layer=mapnik&amp;marker=45.77608414835126%2C3.050873279571533\" width=\"98%\" height=\"450\"><\/iframe><\/p>\n<h2>Contact<\/h2>\n<p><strong>Proviseur :<\/strong><br \/>\n<strong> M. TRAULL\u00c9<\/strong><br \/>\n<img decoding=\"async\" src=\"http:\/\/www.lyceedechamalieres.fr\/wp-content\/uploads\/2011\/05\/mel.jpg\" alt=\"\" \/>\u00a0&#x73;&#x65;&#x63;&#114;&#101;&#116;&#97;ria&#x74;&#x40;&#x6c;&#x79;&#x63;&#x65;&#101;&#100;&#101;cha&#x6d;&#x61;&#x6c;&#x69;&#x65;&#x72;&#101;&#115;&#46;&#102;r<\/p>\n<p><strong>Proviseur Adjoint :<\/strong><br \/>\n<strong> Mme BOUSSANGE<\/strong><br \/>\n<img decoding=\"async\" src=\"http:\/\/www.lyceedechamalieres.fr\/wp-content\/uploads\/2011\/05\/mel.jpg\" alt=\"\" \/> &#x73;&#x65;&#x63;&#x72;&#101;&#116;&#97;&#114;iat&#x2d;&#x70;&#x61;&#x40;&#x6c;&#121;&#99;&#101;ede&#x63;&#x68;&#x61;&#x6d;&#x61;&#108;&#105;&#101;res&#x2e;&#x66;&#x72;<\/p>\n<p><strong>Directeur d\u00e9l\u00e9gu\u00e9 aux formations professionnelles et technologiques (Chef de Travaux) :<br \/>\nM. SOBREIRO<\/strong><br \/>\n<img decoding=\"async\" src=\"http:\/\/www.lyceedechamalieres.fr\/wp-content\/uploads\/2011\/05\/mel.jpg\" alt=\"\" \/> &#100;&#100;&#x66;&#64;&#108;&#x79;&#x63;e&#101;&#x64;&#x65;c&#104;&#x61;m&#97;&#x6c;&#x69;e&#114;&#x65;&#x73;&#46;&#102;&#x72;<br \/>\n<strong>Assistance technique :<\/strong><br \/>\n<img decoding=\"async\" src=\"http:\/\/www.lyceedechamalieres.fr\/wp-content\/uploads\/2011\/05\/mel.jpg\" alt=\"\" \/> &#x61;&#116;c&#x74;&#64;l&#x79;&#x63;&#101;&#x65;&#x64;&#101;c&#x68;&#97;m&#x61;&#x6c;&#105;&#x65;&#x72;&#101;s&#x2e;&#102;r<\/p>\n<p><strong>Bureau des stages Bac Pro, techno et BTS :<\/strong><br \/>\n<img decoding=\"async\" src=\"http:\/\/www.lyceedechamalieres.fr\/wp-content\/uploads\/2011\/05\/mel.jpg\" alt=\"\" \/>\u00a0voir la page <a href=\"http:\/\/stage.lyceedechamalieres.fr\">stage.lyceedechamalieres.fr<\/a><\/p>\n<p><strong>R\u00e9f\u00e9rent UFA (BTS MHR, CS Bar et BP Sommelier en apprentissage) :<\/strong><br \/>\n<img decoding=\"async\" src=\"http:\/\/www.lyceedechamalieres.fr\/wp-content\/uploads\/2011\/05\/mel.jpg\" alt=\"\" \/><b> <\/b>&#x75;&#x66;&#x61;&#64;&#108;yc&#x65;&#x65;&#x64;&#101;&#99;ha&#x6d;&#x61;&#x6c;&#105;&#101;re&#x73;&#x2e;&#x66;&#114;<\/p>\n<p><strong>Economat Secteur H\u00f4telier :<\/strong><br \/>\n<img decoding=\"async\" src=\"http:\/\/www.lyceedechamalieres.fr\/wp-content\/uploads\/2011\/05\/mel.jpg\" alt=\"\" \/> &#101;&#x63;o&#x6e;o&#109;&#x61;&#116;&#x40;l&#121;&#x63;&#101;&#x65;d&#x65;&#x63;&#104;&#x61;m&#x61;l&#105;&#x65;&#114;&#x65;s&#46;&#x66;&#114;<\/p>\n<p><strong>R\u00e9f\u00e9rent ERASMUS :<\/strong><br \/>\nMme FALGOUX<br \/>\n<img decoding=\"async\" src=\"http:\/\/www.lyceedechamalieres.fr\/wp-content\/uploads\/2011\/05\/mel.jpg\" alt=\"\" \/> e&#114;&#97;&#x73;&#x6d;&#x75;&#x73;&#64;&#108;&#121;&#99;&#x65;&#x65;&#x64;ec&#104;&#97;&#x6d;&#x61;&#x6c;ie&#114;&#101;&#x73;&#x2e;&#x66;r<\/p>\n<p><strong>Mme DUGRATOUX, Mme REINICHE et M. ROCHE (CPE)<\/strong><br \/>\n<img decoding=\"async\" src=\"http:\/\/www.lyceedechamalieres.fr\/wp-content\/uploads\/2011\/05\/mel.jpg\" alt=\"\" \/> &#x63;&#112;e&#x40;&#x6c;&#121;c&#x65;&#x65;&#100;e&#x63;&#x68;&#97;m&#x61;&#x6c;&#105;e&#x72;&#101;&#115;&#46;&#x66;&#114;<\/p>\n<p>&nbsp;<\/p>\n<p><strong>Mentions L\u00e9gales<\/strong><\/p>\n<p><strong>Directeur de la publication<\/strong><br \/>\nM. TRAULL\u00c9, Proviseur<\/p>\n<p><strong>Charg\u00e9 de publication<\/strong><br \/>\nPhilippe BERRY<br \/>\n<img decoding=\"async\" src=\"http:\/\/www.lyceedechamalieres.fr\/wp-content\/uploads\/2011\/05\/mel.jpg\" alt=\"\" \/> &#x63;&#x6f;&#x6e;&#116;&#97;ct&#x40;&#x6c;&#x79;&#99;&#101;ed&#x65;&#x63;&#x68;&#97;&#109;al&#x69;&#x65;&#x72;&#101;&#115;&#46;f&#x72;<br \/>\nLyc\u00e9e polyvalent Val\u00e9ry-Giscard-d\u2019Estaing<br \/>\nvoie romaine<br \/>\n63400 Chamali\u00e8res<\/p>\n<p><strong>H\u00e9bergement<\/strong><br \/>\nIonos SARL<br \/>\n7 place de la gare<br \/>\n57200 Sarreguemines<\/p>\n<p><strong>Protection et traitement des donn\u00e9es personnelles<br \/>\n<\/strong><strong>Respect des lois en vigueur<\/strong><br \/>\nLe site du lyc\u00e9e de Chamali\u00e8res respecte la vie priv\u00e9e des internautes et se conforme strictement aux lois en vigueur sur la protection de la vie priv\u00e9e et des libert\u00e9s individuelles. Aucune information personnelle n\u2019est collect\u00e9e \u00e0 votre insu. Aucune information personnelle n\u2019est c\u00e9d\u00e9e, lou\u00e9e, ni \u00e9chang\u00e9e pour quelque contrepartie que ce soit et ne sera en aucun rendue visible sur le site ou communiqu\u00e9e \u00e0 des tiers. Les courriels ou autres informations nominatives dont ce site est destinataire ne font l\u2019objet d\u2019aucune exploitation et ne sont conserv\u00e9s que pour la dur\u00e9e n\u00e9cessaire \u00e0 leur traitement.<\/p>\n<p><strong>Donn\u00e9es statistiques : tra\u00e7abilit\u00e9 et profilage<\/strong><br \/>\nAfin de mieux conna\u00eetre les visiteurs du site et en vue d\u2019am\u00e9lioration de l\u2019ergonomie, de la navigation au sein du site, du contenu \u00e9ditorial et du service aux internautes, nous pouvons \u00eatre amen\u00e9s \u00e0 mesurer le nombre de visites, de pages vues, ainsi que l\u2019activit\u00e9 des visiteurs sur le site, leur fr\u00e9quence de retour, l\u2019\u00e9quipement, le navigateur utilis\u00e9, l\u2019origine g\u00e9ographique des requ\u00eates, la date et l\u2019heure de la connexion, etc.<br \/>\nLa technologie des cookies peut-\u00eatre \u00e9galement utilis\u00e9e. Il vous est possible de refuser ces \u00ab cookies \u00bb ou de les supprimer sans que cela ait une quelconque influence sur votre acc\u00e8s aux pages du site. Pour vous opposer \u00e0 l\u2019enregistrement de cookies ou \u00eatre pr\u00e9venu avant d\u2019accepter les cookies, nous vous recommandons la lecture de la rubrique d\u2019aide de votre navigateur qui vous pr\u00e9cisera la marche \u00e0 suivre.<\/p>\n<p><strong>Messagerie<\/strong><br \/>\nLes messages et adresses \u00e9lectroniques envoy\u00e9s au lyc\u00e9e ne sont conserv\u00e9s que pour la dur\u00e9e n\u00e9cessaire \u00e0 leur traitement.<br \/>\nSeuls les responsables du site de l\u2019\u00e9tablissement ont acc\u00e8s \u00e0 ces donn\u00e9es.<\/p>\n<p><strong>Informatique et Libert\u00e9s<\/strong><br \/>\nEn application de l\u2019article 27 de la loi n\u00b0 78-17 du 6 janvier 1978, vous pouvez acc\u00e9der aux informations que vous avez donn\u00e9es dans votre message \u00e9lectronique et proc\u00e9der \u00e9ventuellement \u00e0 des rectifications, des modifications et \u00e0 la suppression des donn\u00e9es qui vous concernent en \u00e9crivant par voie postale \u00e0 l\u2019\u00e9tablissement.<\/p>\n<p><strong>Images d&rsquo;illustration<\/strong><br \/>\nToutes les images pr\u00e9sentes sur le site ont \u00e9t\u00e9 prises au sein du lyc\u00e9e, ou sont des fichiers libres de droit issus de <a href=\"https:\/\/fr.freepik.com\/\" target=\"_blank\" rel=\"noopener\">fr.freepik.com<\/a>.<\/p>\n<p>&nbsp;<\/p>\n","protected":false},"excerpt":{"rendered":"<p>Localisation &amp; Plan Lyc\u00e9e polyvalent Val\u00e9ry-Giscard-d&rsquo;Estaing Lyc\u00e9e des M\u00e9tiers de l&rsquo;H\u00f4tellerie et du Tourisme Voie Romaine 63400 Chamali\u00e8res T\u00e9l\u00e9phone \u00ab\u00a0standard g\u00e9n\u00e9ral\u00a0\u00bb : 04 73 31 [&#8230;]<\/p>\n","protected":false},"author":1,"featured_media":0,"parent":183,"menu_order":35,"comment_status":"closed","ping_status":"open","template":"","meta":{"footnotes":""},"class_list":["post-395","page","type-page","status-publish","hentry"],"_links":{"self":[{"href":"https:\/\/lyceedechamalieres.fr\/index.php?rest_route=\/wp\/v2\/pages\/395","targetHints":{"allow":["GET"]}}],"collection":[{"href":"https:\/\/lyceedechamalieres.fr\/index.php?rest_route=\/wp\/v2\/pages"}],"about":[{"href":"https:\/\/lyceedechamalieres.fr\/index.php?rest_route=\/wp\/v2\/types\/page"}],"author":[{"embeddable":true,"href":"https:\/\/lyceedechamalieres.fr\/index.php?rest_route=\/wp\/v2\/users\/1"}],"replies":[{"embeddable":true,"href":"https:\/\/lyceedechamalieres.fr\/index.php?rest_route=%2Fwp%2Fv2%2Fcomments&post=395"}],"version-history":[{"count":148,"href":"https:\/\/lyceedechamalieres.fr\/index.php?rest_route=\/wp\/v2\/pages\/395\/revisions"}],"predecessor-version":[{"id":15257,"href":"https:\/\/lyceedechamalieres.fr\/index.php?rest_route=\/wp\/v2\/pages\/395\/revisions\/15257"}],"up":[{"embeddable":true,"href":"https:\/\/lyceedechamalieres.fr\/index.php?rest_route=\/wp\/v2\/pages\/183"}],"wp:attachment":[{"href":"https:\/\/lyceedechamalieres.fr\/index.php?rest_route=%2Fwp%2Fv2%2Fmedia&parent=395"}],"curies":[{"name":"wp","href":"https:\/\/api.w.org\/{rel}","templated":true}]}}