{"id":397,"date":"2011-05-10T15:36:10","date_gmt":"2011-05-10T13:36:10","guid":{"rendered":"http:\/\/s141058958.onlinehome.fr\/wp\/?page_id=397"},"modified":"2023-10-06T11:34:43","modified_gmt":"2023-10-06T09:34:43","slug":"aide-a-la-navigation-du-site","status":"publish","type":"page","link":"https:\/\/lyceedechamalieres.fr\/?page_id=397","title":{"rendered":"Aide \u00e0 la navigation"},"content":{"rendered":"<h2>Navigation sur le site<\/h2>\n<p>Ce site est optimis\u00e9 pour les navigateurs <a href=\"http:\/\/www.mozilla.org\/fr\/firefox\/new\/\" target=\"_blank\" rel=\"noopener noreferrer\">Firefox<\/a> ou <a href=\"https:\/\/www.google.com\/intl\/fr_fr\/chrome\/browser\/\" target=\"_blank\" rel=\"noopener noreferrer\">Chrome<\/a>.<\/p>\n<p>De nombreux documents du site sont disponibles au\u00a0<a href=\"http:\/\/fr.wikipedia.org\/wiki\/Portable_Document_Format\" target=\"_blank\" rel=\"noopener noreferrer\">format \u00ab\u00a0pdf\u00a0\u00bb<\/a>. Pour pouvoir les consulter \u00e0 partir de votre navigateur, pour les t\u00e9l\u00e9charger et les lire, vous pouvez avoir besoin de poss\u00e9der un lecteur de pdf, comme le logiciel gratuit \u00ab\u00a0Acrobat Reader\u00a0\u00bb ou un logiciel libre \u00e9quivalent comme <a href=\"http:\/\/www.sumatrapdfreader.org\/free-pdf-reader-fr.html\" target=\"_blank\" rel=\"noopener noreferrer\">Sumatra PDF<\/a>, basique mais beaucoup plus rapide et l\u00e9ger.<\/p>\n<p>Les archives du site sont disponibles au\u00a0<a href=\"http:\/\/www.commentcamarche.net\/logiciels\/winzip.php3\" target=\"_blank\" rel=\"noopener noreferrer\">format compress\u00e9 \u00ab\u00a0zip\u00a0\u00bb<\/a>. Si votre ordinateur ne peut pas les ouvrir, vous pouvez t\u00e9l\u00e9charger un logiciel libre comme <a href=\"https:\/\/www.clubic.com\/telecharger-fiche432961-zipware.html\" target=\"_blank\" rel=\"noopener\">Zipware<\/a>, <a href=\"http:\/\/fr.wikipedia.org\/wiki\/PeaZip\" target=\"_blank\" rel=\"noopener noreferrer\">Peazip<\/a>, parmi d&rsquo;autres.<\/p>\n<h2>Outils<\/h2>\n<p>Le site est r\u00e9alis\u00e9 sur la base du CMS\u00a0<a href=\"http:\/\/www.wordpress-fr.net\" target=\"_blank\" rel=\"noopener noreferrer\">WordPress<\/a>, \u00e0 l&rsquo;aide de <a href=\"http:\/\/fr.wikipedia.org\/wiki\/Logiciel_libre\" target=\"_blank\" rel=\"noopener noreferrer\">logiciels libres<\/a> dans les derni\u00e8res versions du langage web, le\u00a0<a href=\"http:\/\/fr.wikipedia.org\/wiki\/XHTML\" target=\"_blank\" rel=\"noopener noreferrer\">xhtml<\/a> et le\u00a0<a href=\"http:\/\/fr.wikipedia.org\/wiki\/Feuilles_de_style_en_cascade\" target=\"_blank\" rel=\"noopener noreferrer\">CSS<\/a>.<\/p>\n<p>Afin de pouvoir profiter de toutes les fonctionnalit\u00e9s du site et de pouvoir le visualiser correctement sur votre ordinateur, nous vous recommandons de mettre \u00e0 jour votre navigateur \u00e0 l&rsquo;aide les liens suivants : <a href=\"https:\/\/brave.com\/fr\/\" target=\"_blank\" rel=\"noopener\">Brave<\/a>, <a href=\"http:\/\/www.mozilla.org\/fr\/firefox\/new\/\" target=\"_blank\" rel=\"noopener noreferrer\">Firefox<\/a>, <a href=\"http:\/\/http:\/\/www.google.com\/chrome\/?hl=fr\" target=\"_blank\" rel=\"noopener noreferrer\">Chrome, <\/a>ou\u00a0<a href=\"http:\/\/www.opera.com\/download\/\" target=\"_blank\" rel=\"noopener noreferrer\">Opera<\/a><\/p>\n<h2>Documents t\u00e9l\u00e9chargeables<\/h2>\n<p>Un grand nombre de documents pr\u00e9sents sur le site sont visualisables en ligne, mais peuvent aussi \u00eatre t\u00e9l\u00e9charg\u00e9s. Le bandeau gris en haut du document qui appara\u00eet quand la souris est sur le document donnent acc\u00e8s aux fonctions principales.<\/p>\n<p>&nbsp;<\/p>\n","protected":false},"excerpt":{"rendered":"<p>Navigation sur le site Ce site est optimis\u00e9 pour les navigateurs Firefox ou Chrome. De nombreux documents du site sont disponibles au\u00a0format \u00ab\u00a0pdf\u00a0\u00bb. Pour pouvoir [&#8230;]<\/p>\n","protected":false},"author":1,"featured_media":0,"parent":391,"menu_order":6,"comment_status":"closed","ping_status":"closed","template":"","meta":{"footnotes":""},"class_list":["post-397","page","type-page","status-publish","hentry"],"_links":{"self":[{"href":"https:\/\/lyceedechamalieres.fr\/index.php?rest_route=\/wp\/v2\/pages\/397","targetHints":{"allow":["GET"]}}],"collection":[{"href":"https:\/\/lyceedechamalieres.fr\/index.php?rest_route=\/wp\/v2\/pages"}],"about":[{"href":"https:\/\/lyceedechamalieres.fr\/index.php?rest_route=\/wp\/v2\/types\/page"}],"author":[{"embeddable":true,"href":"https:\/\/lyceedechamalieres.fr\/index.php?rest_route=\/wp\/v2\/users\/1"}],"replies":[{"embeddable":true,"href":"https:\/\/lyceedechamalieres.fr\/index.php?rest_route=%2Fwp%2Fv2%2Fcomments&post=397"}],"version-history":[{"count":30,"href":"https:\/\/lyceedechamalieres.fr\/index.php?rest_route=\/wp\/v2\/pages\/397\/revisions"}],"predecessor-version":[{"id":13339,"href":"https:\/\/lyceedechamalieres.fr\/index.php?rest_route=\/wp\/v2\/pages\/397\/revisions\/13339"}],"up":[{"embeddable":true,"href":"https:\/\/lyceedechamalieres.fr\/index.php?rest_route=\/wp\/v2\/pages\/391"}],"wp:attachment":[{"href":"https:\/\/lyceedechamalieres.fr\/index.php?rest_route=%2Fwp%2Fv2%2Fmedia&parent=397"}],"curies":[{"name":"wp","href":"https:\/\/api.w.org\/{rel}","templated":true}]}}