{"id":4458,"date":"2014-06-16T20:39:41","date_gmt":"2014-06-16T18:39:41","guid":{"rendered":"http:\/\/www.lyceedechamalieres.fr\/?page_id=4458"},"modified":"2018-02-02T13:53:54","modified_gmt":"2018-02-02T12:53:54","slug":"les-parents-deleves","status":"publish","type":"page","link":"https:\/\/lyceedechamalieres.fr\/?page_id=4458","title":{"rendered":"Les parents d&rsquo;\u00e9l\u00e8ves"},"content":{"rendered":"<p>La PEEP est une f\u00e9d\u00e9ration nationale de parents d\u2019\u00e9l\u00e8ves. Cette f\u00e9d\u00e9ration souhaite \u201cavoir un r\u00f4le d\u2019action et un pouvoir de d\u00e9cision dans toutes les instances concernant la scolarit\u00e9 des enfants\u00a0\u00bb. Le site internet de la PEEP est <a href=\"http:\/\/www.peep.asso.fr\/\" target=\"_blank\">sur ce lien<\/a> et voici la plaquette de pr\u00e9sentation des responsables au lyc\u00e9e :<\/p>\n<a href=\"\/_pdf\/peep.pdf\" class=\"pdfemb-viewer\" style=\"\" data-width=\"max\" data-height=\"max\" data-mobile-width=\"500\"  data-scrollbar=\"none\" data-download=\"on\" data-tracking=\"on\" data-newwindow=\"on\" data-pagetextbox=\"off\" data-scrolltotop=\"off\" data-startzoom=\"100\" data-startfpzoom=\"100\" data-toolbar=\"both\" data-toolbar-fixed=\"off\">peep<br\/><\/a>\n<p>Cliquer <a href=\"http:\/\/www.lyceedechamalieres.fr\/_pdf\/peep-ad.pdf\" target=\"_blank\">sur ce lien pour visualiser le bulletin d&rsquo;adh\u00e9sion PEEP<\/a> (pdf).<\/p>\n<p>&nbsp;<\/p>\n<p>La FCPE repr\u00e9sente les parents \u00e0 tous les niveaux de l\u2019\u00e9ducation Nationale, et bien s\u00fbr au lyc\u00e9e de Chamali\u00e8res. Le site internet de la FCPE est\u00a0<a href=\"http:\/\/www.fcpe.asso.fr\/\" target=\"_blank\">sur ce lien<\/a> et voici la plaquette de pr\u00e9sentation des responsables au lyc\u00e9e :<\/p>\n<a href=\"\/_pdf\/fcpe.pdf\" class=\"pdfemb-viewer\" style=\"\" data-width=\"max\" data-height=\"max\" data-mobile-width=\"500\"  data-scrollbar=\"none\" data-download=\"on\" data-tracking=\"on\" data-newwindow=\"on\" data-pagetextbox=\"off\" data-scrolltotop=\"off\" data-startzoom=\"100\" data-startfpzoom=\"100\" data-toolbar=\"both\" data-toolbar-fixed=\"off\">fcpe<br\/><\/a>\n<p>Cliquer <a href=\"http:\/\/www.lyceedechamalieres.fr\/_pdf\/fcpe-ad.pdf\" target=\"_blank\">sur ce lien pour visualiser le bulletin d&rsquo;adh\u00e9sion FCPE<\/a> (pdf).<\/p>\n","protected":false},"excerpt":{"rendered":"<p>La PEEP est une f\u00e9d\u00e9ration nationale de parents d\u2019\u00e9l\u00e8ves. Cette f\u00e9d\u00e9ration souhaite \u201cavoir un r\u00f4le d\u2019action et un pouvoir de d\u00e9cision dans toutes les instances [&#8230;]<\/p>\n","protected":false},"author":1,"featured_media":0,"parent":164,"menu_order":19,"comment_status":"closed","ping_status":"closed","template":"","meta":{"footnotes":""},"class_list":["post-4458","page","type-page","status-publish","hentry"],"_links":{"self":[{"href":"https:\/\/lyceedechamalieres.fr\/index.php?rest_route=\/wp\/v2\/pages\/4458","targetHints":{"allow":["GET"]}}],"collection":[{"href":"https:\/\/lyceedechamalieres.fr\/index.php?rest_route=\/wp\/v2\/pages"}],"about":[{"href":"https:\/\/lyceedechamalieres.fr\/index.php?rest_route=\/wp\/v2\/types\/page"}],"author":[{"embeddable":true,"href":"https:\/\/lyceedechamalieres.fr\/index.php?rest_route=\/wp\/v2\/users\/1"}],"replies":[{"embeddable":true,"href":"https:\/\/lyceedechamalieres.fr\/index.php?rest_route=%2Fwp%2Fv2%2Fcomments&post=4458"}],"version-history":[{"count":7,"href":"https:\/\/lyceedechamalieres.fr\/index.php?rest_route=\/wp\/v2\/pages\/4458\/revisions"}],"predecessor-version":[{"id":7710,"href":"https:\/\/lyceedechamalieres.fr\/index.php?rest_route=\/wp\/v2\/pages\/4458\/revisions\/7710"}],"up":[{"embeddable":true,"href":"https:\/\/lyceedechamalieres.fr\/index.php?rest_route=\/wp\/v2\/pages\/164"}],"wp:attachment":[{"href":"https:\/\/lyceedechamalieres.fr\/index.php?rest_route=%2Fwp%2Fv2%2Fmedia&parent=4458"}],"curies":[{"name":"wp","href":"https:\/\/api.w.org\/{rel}","templated":true}]}}