{"id":5062,"date":"2015-04-05T11:00:10","date_gmt":"2015-04-05T09:00:10","guid":{"rendered":"http:\/\/www.lyceedechamalieres.fr\/?page_id=5062"},"modified":"2022-11-30T06:56:03","modified_gmt":"2022-11-30T05:56:03","slug":"offres-demploi-2","status":"publish","type":"page","link":"https:\/\/lyceedechamalieres.fr\/?page_id=5062","title":{"rendered":"Consulter les offres d&#8217;emploi"},"content":{"rendered":"<p>Voici les annonces disponibles sur le site. Par d\u00e9faut, elles restent visibles quelques semaines apr\u00e8s leur parution. Vous pouvez effectuer une recherche filtr\u00e9e.<br \/>\nVous \u00eates employeur et vous souhaitez d\u00e9poser une offre d&#8217;emploi&#8230; <a href=\"http:\/\/www.lyceedechamalieres.fr\/?page_id=5061\">C&rsquo;est ici<\/a> !<\/p>\n<h5><strong>Vous souhaitez \u00eatre alert\u00e9 \u00e0 chaque nouvelle annonce post\u00e9e ?<\/strong><\/h5>\n<p>Abonnez-vous\u00a0\u00e0 notre flux avec un lecteur RSS, comme <strong>RSS Reader<\/strong> (disponible sur <a href=\"https:\/\/play.google.com\/store\/apps\/details?id=com.madsvyat.simplerssreader&amp;hl=fr&amp;gl=US\" target=\"_blank\" rel=\"noopener\">Android<\/a> ou <a href=\"https:\/\/apps.apple.com\/fr\/app\/free-rss-reader\/id290537970\" target=\"_blank\" rel=\"noopener\">App Store<\/a>) ou <strong>Feedly<\/strong> (disponible sur <a href=\"https:\/\/feedly.com\/\" target=\"_blank\" rel=\"noopener\">ordinateur<\/a>, sur <a href=\"https:\/\/play.google.com\/store\/apps\/details?id=com.devhd.feedly&amp;hl=fr&amp;gl=US\" target=\"_blank\" rel=\"noopener\">Android<\/a> ou <a href=\"https:\/\/apps.apple.com\/fr\/app\/feedly-smart-news-reader\/id396069556\" target=\"_blank\" rel=\"noopener\">App Store<\/a>) et ainsi \u00eatre alert\u00e9 des nouvelles annonces en temps r\u00e9el.<br \/>\nL&rsquo;adresse courte de notre flux est : <strong>t.ly\/zoqV<\/strong><\/p>\n<p>&nbsp;<\/p>\n<div class=\"job_listings\" data-location=\"\" data-keywords=\"\" data-show_filters=\"true\" data-show_pagination=\"false\" data-per_page=\"30\" data-orderby=\"featured\" data-order=\"DESC\" data-categories=\"\" data-disable-form-state-storage=\"\" data-featured_first=\"false\" data-post_id=\"5062\" >\n<form class=\"job_filters\">\n\t\n\t<div class=\"search_jobs\">\n\t\t\n\t\t<div class=\"search_keywords\">\n\t\t\t<label for=\"search_keywords\">Mots-cl\u00e9s<\/label>\n\t\t\t<input type=\"text\" name=\"search_keywords\" id=\"search_keywords\" placeholder=\"Mots-cl\u00e9s\" value=\"\" \/>\n\t\t<\/div>\n\n\t\t<div class=\"search_location\">\n\t\t\t<label for=\"search_location\">Localisation<\/label>\n\t\t\t<input type=\"text\" name=\"search_location\" id=\"search_location\" placeholder=\"Localisation\" value=\"\" \/>\n\t\t<\/div>\n\n\t\t\t\t\t<div class=\"search_remote_position\">\n\t\t\t\t<input type=\"checkbox\" class=\"input-checkbox\" name=\"remote_position\" id=\"remote_position\" placeholder=\"Localisation\" value=\"1\"  \/>\n\t\t\t\t<label for=\"remote_position\" id=\"remote_position_label\">Postes en t\u00e9l\u00e9travail uniquement<\/label>\n\t\t\t<\/div>\n\t\t\n\t\t<div style=\"clear: both\"><\/div>\n\n\t\t\n\t\t\t\t\t<div class=\"search_submit\">\n\t\t\t\t<input type=\"submit\" value=\"Rechercher des offres d\u2019emploi\">\n\t\t\t<\/div>\n\t\t\n\t\t\t<\/div>\n\n\t\t<ul class=\"job_types\">\n\t\t\t\t\t<li><label for=\"job_type_autre\" class=\"autre\"><input type=\"checkbox\" name=\"filter_job_type[]\" value=\"autre\"  checked='checked' id=\"job_type_autre\" \/> Autre<\/label><\/li>\n\t\t\t\t\t<li><label for=\"job_type_cdi-ou-cdd\" class=\"cdi-ou-cdd\"><input type=\"checkbox\" name=\"filter_job_type[]\" value=\"cdi-ou-cdd\"  checked='checked' id=\"job_type_cdi-ou-cdd\" \/> CDI ou CDD<\/label><\/li>\n\t\t\t\t\t<li><label for=\"job_type_extras\" class=\"extras\"><input type=\"checkbox\" name=\"filter_job_type[]\" value=\"extras\"  checked='checked' id=\"job_type_extras\" \/> Extras<\/label><\/li>\n\t\t\t\t\t<li><label for=\"job_type_interim\" class=\"interim\"><input type=\"checkbox\" name=\"filter_job_type[]\" value=\"interim\"  checked='checked' id=\"job_type_interim\" \/> Int\u00e9rim<\/label><\/li>\n\t\t\t<\/ul>\n\t<input type=\"hidden\" name=\"filter_job_type[]\" value=\"\" \/>\n<div class=\"showing_jobs\"><\/div><\/form>\n\n\n<noscript>Votre navigateur ne supporte pas JavaScript, ou bien JavaScript est d\u00e9sactiv\u00e9. JavaScript doit \u00eatre activ\u00e9 pour pouvoir visualiser des postes.<\/noscript>\n<ul class=\"job_listings\">\n<\/ul>\n<a class=\"load_more_jobs\" href=\"#\" style=\"display:none;\"><strong>Afficher plus d\u2019offres<\/strong><\/a><\/div>\n","protected":false},"excerpt":{"rendered":"<p>Voici les annonces disponibles sur le site. Par d\u00e9faut, elles restent visibles quelques semaines apr\u00e8s leur parution. Vous pouvez effectuer une recherche filtr\u00e9e. Vous \u00eates [&#8230;]<\/p>\n","protected":false},"author":1,"featured_media":0,"parent":29,"menu_order":25,"comment_status":"closed","ping_status":"closed","template":"","meta":{"footnotes":""},"class_list":["post-5062","page","type-page","status-publish","hentry"],"_links":{"self":[{"href":"https:\/\/lyceedechamalieres.fr\/index.php?rest_route=\/wp\/v2\/pages\/5062","targetHints":{"allow":["GET"]}}],"collection":[{"href":"https:\/\/lyceedechamalieres.fr\/index.php?rest_route=\/wp\/v2\/pages"}],"about":[{"href":"https:\/\/lyceedechamalieres.fr\/index.php?rest_route=\/wp\/v2\/types\/page"}],"author":[{"embeddable":true,"href":"https:\/\/lyceedechamalieres.fr\/index.php?rest_route=\/wp\/v2\/users\/1"}],"replies":[{"embeddable":true,"href":"https:\/\/lyceedechamalieres.fr\/index.php?rest_route=%2Fwp%2Fv2%2Fcomments&post=5062"}],"version-history":[{"count":60,"href":"https:\/\/lyceedechamalieres.fr\/index.php?rest_route=\/wp\/v2\/pages\/5062\/revisions"}],"predecessor-version":[{"id":12613,"href":"https:\/\/lyceedechamalieres.fr\/index.php?rest_route=\/wp\/v2\/pages\/5062\/revisions\/12613"}],"up":[{"embeddable":true,"href":"https:\/\/lyceedechamalieres.fr\/index.php?rest_route=\/wp\/v2\/pages\/29"}],"wp:attachment":[{"href":"https:\/\/lyceedechamalieres.fr\/index.php?rest_route=%2Fwp%2Fv2%2Fmedia&parent=5062"}],"curies":[{"name":"wp","href":"https:\/\/api.w.org\/{rel}","templated":true}]}}