{"id":54,"date":"2011-05-08T14:16:10","date_gmt":"2011-05-08T12:16:10","guid":{"rendered":"http:\/\/s141058958.onlinehome.fr\/wp\/?page_id=54"},"modified":"2025-11-29T17:33:48","modified_gmt":"2025-11-29T16:33:48","slug":"le-bts-animation-et-gestion-touristique-locale","status":"publish","type":"page","link":"https:\/\/lyceedechamalieres.fr\/?page_id=54","title":{"rendered":"le BTS Tourisme"},"content":{"rendered":"<p><img loading=\"lazy\" decoding=\"async\" class=\"alignnone size-large wp-image-15051\" src=\"https:\/\/lyceedechamalieres.fr\/wp-content\/uploads\/2025\/11\/bts-tourisme-1024x256.jpg\" alt=\"\" width=\"860\" height=\"215\" srcset=\"https:\/\/lyceedechamalieres.fr\/wp-content\/uploads\/2025\/11\/bts-tourisme-1024x256.jpg 1024w, https:\/\/lyceedechamalieres.fr\/wp-content\/uploads\/2025\/11\/bts-tourisme-300x75.jpg 300w, https:\/\/lyceedechamalieres.fr\/wp-content\/uploads\/2025\/11\/bts-tourisme-768x192.jpg 768w, https:\/\/lyceedechamalieres.fr\/wp-content\/uploads\/2025\/11\/bts-tourisme-1536x384.jpg 1536w, https:\/\/lyceedechamalieres.fr\/wp-content\/uploads\/2025\/11\/bts-tourisme-1320x330.jpg 1320w, https:\/\/lyceedechamalieres.fr\/wp-content\/uploads\/2025\/11\/bts-tourisme.jpg 1600w\" sizes=\"auto, (max-width: 860px) 100vw, 860px\" \/><\/p>\n<p><img loading=\"lazy\" decoding=\"async\" class=\"alignleft wp-image-9404\" src=\"http:\/\/www.lyceedechamalieres.fr\/wp-content\/uploads\/2019\/09\/DL_02_BTS-260x300.png\" alt=\"\" width=\"118\" height=\"137\" srcset=\"https:\/\/lyceedechamalieres.fr\/wp-content\/uploads\/2019\/09\/DL_02_BTS-260x300.png 260w, https:\/\/lyceedechamalieres.fr\/wp-content\/uploads\/2019\/09\/DL_02_BTS.png 600w\" sizes=\"auto, (max-width: 118px) 100vw, 118px\" \/>Ce dipl\u00f4me permet d\u2019int\u00e9grer diverses structures comme les offices de tourisme, les comit\u00e9s d\u00e9partementaux et r\u00e9gionaux de tourisme, les parcs naturels, les associations de d\u00e9veloppement patrimonial ou touristique (\u00e9comus\u00e9es, routes touristiques\u2026), les villages de vacances et autres prestataires d\u2019h\u00e9bergement, les centres de congr\u00e8s et d\u2019affaires, les sites touristiques, les entreprises organisatrices d\u2019\u00e9v\u00e9nements ou de s\u00e9jours, les agences de voyages, les transporteurs&#8230;<\/p>\n<h5>Qualit\u00e9s requises<\/h5>\n<p>De la culture g\u00e9n\u00e9rale et de la curiosit\u00e9, des comp\u00e9tences linguistiques et informatiques, des qualit\u00e9s de communication, une bonne pr\u00e9sentation&#8230; et bien s\u00fbr, du s\u00e9rieux et de la motivation.<\/p>\n<h5>Missions du titulaire du BTS Tourisme<\/h5>\n<p>Le titulaire du BTS Tourisme est un professionnel polyvalent pouvant accomplir de nombreuses missions telles qu&rsquo;informer et conseiller les clients fran\u00e7ais et \u00e9trangers sur des prestations relevant du domaine touristique, finaliser la vente de ces prestations touristiques et en assurer le suivi commercial, cr\u00e9er et promouvoir des produits touristiques, accueillir et accompagner des touristes, collecter, traiter et diffuser l\u2019information en lien avec le secteur du tourisme.<br \/>\nSon environnement de travail se situe dans les agences de voyages, les compagnies a\u00e9riennes (au sol ou \u00e0 bord), les a\u00e9roports, les autocaristes, les transporteurs maritimes et fluviaux, les croisi\u00e9ristes et les sites touristiques.<\/p>\n<h5>M\u00e9tiers accessibles au titulaire du BTS Tourisme<\/h5>\n<p>Les emplois li\u00e9s \u00e0 l\u2019offre de destinations :<br \/>\nConseiller voyage, forfaitiste, conseiller billetterie, agent r\u00e9ceptif, agent d\u2019escale, guide-accompagnateur, agent d\u2019exploitation, gestionnaire des allotements terrestres ou a\u00e9riens, charg\u00e9 de marketing, commercial, charg\u00e9 de qualit\u00e9\/SAV et \u00e0 terme chef de produit ou responsable de plateau&#8230;<\/p>\n<p>Les emplois li\u00e9s \u00e0 la conception de l\u2019offre :<br \/>\nConseiller en s\u00e9jour, animateur de tourisme local, charg\u00e9 de promotion du tourisme local, agent de d\u00e9veloppement touristique, m\u00e9diateur culturel et \u00e0 terme directeur ou responsable d\u2019accueil, directeur d\u2019offices de tourisme&#8230;<\/p>\n<p>Les emplois li\u00e9s \u00e0 l\u2019h\u00e9bergement, aux d\u00e9placements touristiques, et \u00e0 l\u2019accueil sur les sites de loisirs :<br \/>\nTechnicien d\u2019accueil touristique, employ\u00e9 de loisirs ou d\u2019attraction, animateur, agent de vente et de r\u00e9servation, gestionnaire d\u2019\u00e9quipement ou de site, responsable animation et\/ou accueil et \u00e0 terme directeur ou responsable de site.<\/p>\n<h5>Conditions d&rsquo;acc\u00e8s<\/h5>\n<p>Tout candidat doit suivre obligatoirement la proc\u00e9dure d\u2019inscription dans l\u2019enseignement sup\u00e9rieur sur le site parcoursup.fr \u00e0 partir de janvier.<\/p>\n<h5>R\u00e9partition de l&rsquo;enseignement<\/h5>\n<p>Une tenue professionnelle sera exig\u00e9e en cours pour les mati\u00e8res techniques.<\/p>\n<p><strong>Culture g\u00e9n\u00e9rale et expression<\/strong><br \/>\nCommuniquer par \u00e9crit : respecter les contraintes de la langue \u00e9crite, synth\u00e9tiser les informations, r\u00e9pondre de fa\u00e7on argument\u00e9e \u00e0 une question.<br \/>\nCommuniquer oralement : s\u2019adapter \u00e0 la situation et organiser un message oral<\/p>\n<p><strong>Communication en Langues vivantes \u00e9trang\u00e8res :<\/strong><br \/>\nAccueillir et prendre en charge les clients \u00e9trangers, vendre \u00e0 des clients \u00e9trangers des produits touristiques fran\u00e7ais, accompagner les touristes \u00e9trangers, suivre et fid\u00e9liser la client\u00e8le \u00e9trang\u00e8re.<br \/>\n&#8211; Langue vivante \u00e9trang\u00e8re A (anglais)<br \/>\n&#8211; Langue vivante \u00e9trang\u00e8re B (allemand ou espagnol ou italien)<\/p>\n<p><strong>Gestion de la relation client\u00e8le touristique :<\/strong><br \/>\nGestion de l\u2019espace accueil, conseil et vente de prestations touristiques, suivi<br \/>\nde la client\u00e8le, accompagnement des touristes<\/p>\n<p><strong>Tourisme et territoire :<\/strong><br \/>\nSituer les destinations et territoires, lire et comprendre un paysage touristique et\/ou patrimonial, caract\u00e9riser les diff\u00e9rentes formes et pratiques de tourisme, de loisirs et leurs \u00e9volutions, analyser les impacts socio-\u00e9conomiques, culturels et environnementaux de la mise en tourisme d\u2019un territoire, cartographier et sch\u00e9matiser les territoires touristiques.<\/p>\n<p><strong>\u00c9laboration d\u2019une prestation touristique :<\/strong><br \/>\nAnalyse de l\u2019activit\u00e9 touristique, diagnostic strat\u00e9gique d\u2019une organisation touristique, conception d\u2019une prestation touristique, diffusion d\u2019une prestation touristique<\/p>\n<p><strong>Gestion de l&rsquo;information touristique :<\/strong><br \/>\nVeille informationnelle, traitement de l\u2019information, diffusion de l\u2019information, conservation de l\u2019information<br \/>\nAtelier de professionnalisation anglais, tourisme, g\u00e9ographie :<br \/>\n\u2022 Atelier de professionnalisation<br \/>\n\u2022 Pr\u00e9paration des stages en entreprise<\/p>\n<p>Un voyage d\u2019\u00e9tude est pr\u00e9vu pendant la scolarit\u00e9, financ\u00e9 en partie par l\u2019\u00e9tablissement.<\/p>\n<p>&nbsp;<\/p>\n<p><img loading=\"lazy\" decoding=\"async\" class=\"alignnone size-large wp-image-14979\" src=\"https:\/\/lyceedechamalieres.fr\/wp-content\/uploads\/2025\/11\/ppage-1024x173.png\" alt=\"\" width=\"860\" height=\"145\" srcset=\"https:\/\/lyceedechamalieres.fr\/wp-content\/uploads\/2025\/11\/ppage-1024x173.png 1024w, https:\/\/lyceedechamalieres.fr\/wp-content\/uploads\/2025\/11\/ppage-300x51.png 300w, https:\/\/lyceedechamalieres.fr\/wp-content\/uploads\/2025\/11\/ppage-768x130.png 768w, https:\/\/lyceedechamalieres.fr\/wp-content\/uploads\/2025\/11\/ppage-1320x223.png 1320w, https:\/\/lyceedechamalieres.fr\/wp-content\/uploads\/2025\/11\/ppage.png 1467w\" sizes=\"auto, (max-width: 860px) 100vw, 860px\" \/><\/p>\n<hr \/>\n<p>&nbsp;<\/p>\n<p><center><img loading=\"lazy\" decoding=\"async\" class=\"\" src=\"http:\/\/www.lyceedechamalieres.fr\/picto.gif\" alt=\"\" width=\"41\" height=\"41\" \/><br \/>\n<div class=\"pdfprnt-buttons\"><a href=\"https:\/\/lyceedechamalieres.fr\/index.php?rest_route=wpv2pages54&print=print\" class=\"pdfprnt-button pdfprnt-button-print\" target=\"_blank\" ><span class=\"pdfprnt-button-title pdfprnt-button-print-title\">T\u00e9l\u00e9charger un PDF avec le contenu de cette page<\/span><\/a><\/div><\/center>&nbsp;<\/p>\n","protected":false},"excerpt":{"rendered":"<p>Ce dipl\u00f4me permet d\u2019int\u00e9grer diverses structures comme les offices de tourisme, les comit\u00e9s d\u00e9partementaux et r\u00e9gionaux de tourisme, les parcs naturels, les associations de d\u00e9veloppement [&#8230;]<\/p>\n","protected":false},"author":1,"featured_media":0,"parent":11789,"menu_order":2,"comment_status":"closed","ping_status":"open","template":"","meta":{"footnotes":""},"class_list":["post-54","page","type-page","status-publish","hentry"],"_links":{"self":[{"href":"https:\/\/lyceedechamalieres.fr\/index.php?rest_route=\/wp\/v2\/pages\/54","targetHints":{"allow":["GET"]}}],"collection":[{"href":"https:\/\/lyceedechamalieres.fr\/index.php?rest_route=\/wp\/v2\/pages"}],"about":[{"href":"https:\/\/lyceedechamalieres.fr\/index.php?rest_route=\/wp\/v2\/types\/page"}],"author":[{"embeddable":true,"href":"https:\/\/lyceedechamalieres.fr\/index.php?rest_route=\/wp\/v2\/users\/1"}],"replies":[{"embeddable":true,"href":"https:\/\/lyceedechamalieres.fr\/index.php?rest_route=%2Fwp%2Fv2%2Fcomments&post=54"}],"version-history":[{"count":40,"href":"https:\/\/lyceedechamalieres.fr\/index.php?rest_route=\/wp\/v2\/pages\/54\/revisions"}],"predecessor-version":[{"id":15058,"href":"https:\/\/lyceedechamalieres.fr\/index.php?rest_route=\/wp\/v2\/pages\/54\/revisions\/15058"}],"up":[{"embeddable":true,"href":"https:\/\/lyceedechamalieres.fr\/index.php?rest_route=\/wp\/v2\/pages\/11789"}],"wp:attachment":[{"href":"https:\/\/lyceedechamalieres.fr\/index.php?rest_route=%2Fwp%2Fv2%2Fmedia&parent=54"}],"curies":[{"name":"wp","href":"https:\/\/api.w.org\/{rel}","templated":true}]}}