{"id":6420,"date":"2019-03-24T17:51:45","date_gmt":"2019-03-24T16:51:45","guid":{"rendered":"http:\/\/www.lyceedechamalieres.fr\/?page_id=6420"},"modified":"2026-04-03T14:38:55","modified_gmt":"2026-04-03T12:38:55","slug":"contacter-le-service-des-reservations","status":"publish","type":"page","link":"https:\/\/lyceedechamalieres.fr\/?page_id=6420","title":{"rendered":"Contacter le service des r\u00e9servations"},"content":{"rendered":"<p>Aucune r\u00e9servation n&rsquo;est possible avec ce formulaire de contact. Le cas \u00e9ch\u00e9ant,<strong> aucune r\u00e9ponse ne vous sera apport\u00e9e.<\/strong><\/p>\n\n<div class=\"sp-wrap sp-wrap-red\">\n<div class=\"sp-head\" title=\"Expand\">\nCliquer ici pour consulter toutes les r\u00e8gles de fonctionnement du formulaire en ligne\n<\/div>\n<div class=\"sp-body folded\">\n<\/p>\n<p><strong>Ceci est un formulaire de contact pour permettre exclusivement \u00e0 nos clients de d\u00e9poser un message pour le service des r\u00e9servations du lyc\u00e9e.<\/strong><br \/>\nPour toute autre demande de contact, merci de consulter l&rsquo;<a href=\"http:\/\/www.lyceedechamalieres.fr\/?page_id=395\">annuaire du lyc\u00e9e sur ce lien<\/a>.<br \/>\nAucune r\u00e9ponse ne pourra \u00eatre apport\u00e9e \u00e0 ce formulaire pour d&rsquo;autre demande.<\/p>\n<p>Les disponibilit\u00e9s \u00e9tant d\u00e9sormais g\u00e9r\u00e9es directement en ligne, <strong>il ne nous est plus possible de pr\u00e9voir une liste d&rsquo;attente <\/strong>pour un service d\u00e9j\u00e0 complet, ni de recontacter les clients au moment pr\u00e9cis d&rsquo;une annulation. Il est donc inutile de nous contacter \u00e0 ce sujet.<\/p>\n<p>Si vous souhaitez apporter une modification \u00e0 une r\u00e9servation existante, <strong>merci de nous communiquer le num\u00e9ro de r\u00e9servation<\/strong> qui vous a \u00e9t\u00e9 communiqu\u00e9 lors de notre confirmation.<\/p>\n<\/div>\n<\/div>\n\n<h4 style=\"text-align: center;\">Le formulaire de contact est d\u00e9sactiv\u00e9 durant les examens et les vacances scolaires.<br \/>\nMerci de votre compr\u00e9hension<\/h4>\n<p><img loading=\"lazy\" decoding=\"async\" class=\"size-medium wp-image-14056 aligncenter\" src=\"http:\/\/www.lyceedechamalieres.fr\/wp-content\/uploads\/2024\/10\/bonnesvacances-1-300x205.png\" alt=\"\" width=\"300\" height=\"205\" srcset=\"https:\/\/lyceedechamalieres.fr\/wp-content\/uploads\/2024\/10\/bonnesvacances-1-300x205.png 300w, https:\/\/lyceedechamalieres.fr\/wp-content\/uploads\/2024\/10\/bonnesvacances-1.png 610w\" sizes=\"auto, (max-width: 300px) 100vw, 300px\" \/><\/p>\n<p><!--\n\n\n<h4 style=\"text-align: center;\">Le formulaire de contact est d\u00e9sactiv\u00e9 durant les examens et les vacances scolaires.\nMerci de votre compr\u00e9hension<\/h4>\n\n\n&nbsp;\n\n\n<h4 style=\"text-align: center;\">Le formulaire de contact est d\u00e9sactiv\u00e9 durant les examens et les vacances scolaires.\nMerci de votre compr\u00e9hension<\/h4>\n\n\n<span style=\"display: inline-block; width: 0px; overflow: hidden; line-height: 0;\" data-mce-type=\"bookmark\" class=\"mce_SELRES_start\"><\/span><img loading=\"lazy\" decoding=\"async\" class=\"size-medium wp-image-14056 aligncenter\" src=\"http:\/\/www.lyceedechamalieres.fr\/wp-content\/uploads\/2024\/10\/bonnesvacances-1-300x205.png\" alt=\"\" width=\"300\" height=\"205\" srcset=\"https:\/\/lyceedechamalieres.fr\/wp-content\/uploads\/2024\/10\/bonnesvacances-1-300x205.png 300w, https:\/\/lyceedechamalieres.fr\/wp-content\/uploads\/2024\/10\/bonnesvacances-1.png 610w\" sizes=\"auto, (max-width: 300px) 100vw, 300px\" \/>\nr\u00e9activation rentr\u00e9e : [weforms id=\"9596\"]--><\/p>\n","protected":false},"excerpt":{"rendered":"<p>Aucune r\u00e9servation n&rsquo;est possible avec ce formulaire de contact. Le cas \u00e9ch\u00e9ant, aucune r\u00e9ponse ne vous sera apport\u00e9e. Le formulaire de contact est d\u00e9sactiv\u00e9 durant [&#8230;]<\/p>\n","protected":false},"author":1,"featured_media":0,"parent":327,"menu_order":31,"comment_status":"closed","ping_status":"closed","template":"","meta":{"footnotes":""},"class_list":["post-6420","page","type-page","status-publish","hentry"],"_links":{"self":[{"href":"https:\/\/lyceedechamalieres.fr\/index.php?rest_route=\/wp\/v2\/pages\/6420","targetHints":{"allow":["GET"]}}],"collection":[{"href":"https:\/\/lyceedechamalieres.fr\/index.php?rest_route=\/wp\/v2\/pages"}],"about":[{"href":"https:\/\/lyceedechamalieres.fr\/index.php?rest_route=\/wp\/v2\/types\/page"}],"author":[{"embeddable":true,"href":"https:\/\/lyceedechamalieres.fr\/index.php?rest_route=\/wp\/v2\/users\/1"}],"replies":[{"embeddable":true,"href":"https:\/\/lyceedechamalieres.fr\/index.php?rest_route=%2Fwp%2Fv2%2Fcomments&post=6420"}],"version-history":[{"count":147,"href":"https:\/\/lyceedechamalieres.fr\/index.php?rest_route=\/wp\/v2\/pages\/6420\/revisions"}],"predecessor-version":[{"id":15366,"href":"https:\/\/lyceedechamalieres.fr\/index.php?rest_route=\/wp\/v2\/pages\/6420\/revisions\/15366"}],"up":[{"embeddable":true,"href":"https:\/\/lyceedechamalieres.fr\/index.php?rest_route=\/wp\/v2\/pages\/327"}],"wp:attachment":[{"href":"https:\/\/lyceedechamalieres.fr\/index.php?rest_route=%2Fwp%2Fv2%2Fmedia&parent=6420"}],"curies":[{"name":"wp","href":"https:\/\/api.w.org\/{rel}","templated":true}]}}