{"id":7859,"date":"2018-02-15T20:08:12","date_gmt":"2018-02-15T19:08:12","guid":{"rendered":"http:\/\/www.lyceedechamalieres.fr\/?page_id=7859"},"modified":"2025-11-29T16:15:34","modified_gmt":"2025-11-29T15:15:34","slug":"le-bts-hotellerie-restauration-mercatique-et-gestion-hoteliere-2","status":"publish","type":"page","link":"https:\/\/lyceedechamalieres.fr\/?page_id=7859","title":{"rendered":"le BTS Management en H\u00f4tellerie et Restauration"},"content":{"rendered":"<p><img loading=\"lazy\" decoding=\"async\" class=\"alignnone size-large wp-image-15053\" src=\"https:\/\/lyceedechamalieres.fr\/wp-content\/uploads\/2025\/11\/bts-mhr-1024x256.jpg\" alt=\"\" width=\"860\" height=\"215\" srcset=\"https:\/\/lyceedechamalieres.fr\/wp-content\/uploads\/2025\/11\/bts-mhr-1024x256.jpg 1024w, https:\/\/lyceedechamalieres.fr\/wp-content\/uploads\/2025\/11\/bts-mhr-300x75.jpg 300w, https:\/\/lyceedechamalieres.fr\/wp-content\/uploads\/2025\/11\/bts-mhr-768x192.jpg 768w, https:\/\/lyceedechamalieres.fr\/wp-content\/uploads\/2025\/11\/bts-mhr-1536x384.jpg 1536w, https:\/\/lyceedechamalieres.fr\/wp-content\/uploads\/2025\/11\/bts-mhr-1320x330.jpg 1320w, https:\/\/lyceedechamalieres.fr\/wp-content\/uploads\/2025\/11\/bts-mhr.jpg 1600w\" sizes=\"auto, (max-width: 860px) 100vw, 860px\" \/><br \/>\n<img loading=\"lazy\" decoding=\"async\" class=\"alignleft wp-image-9404\" src=\"http:\/\/www.lyceedechamalieres.fr\/wp-content\/uploads\/2019\/09\/DL_02_BTS-260x300.png\" alt=\"\" width=\"140\" height=\"162\" srcset=\"https:\/\/lyceedechamalieres.fr\/wp-content\/uploads\/2019\/09\/DL_02_BTS-260x300.png 260w, https:\/\/lyceedechamalieres.fr\/wp-content\/uploads\/2019\/09\/DL_02_BTS.png 600w\" sizes=\"auto, (max-width: 140px) 100vw, 140px\" \/><\/p>\n<p>Le secteur de l\u2019h\u00f4tellerie et de la restauration rassemble une tr\u00e8s grande diversit\u00e9 d\u2019activit\u00e9s, d\u2019entreprises (de l\u2019entreprise individuelle aux grands groupes internationaux, de l\u2019h\u00f4tellerie de luxe au caf\u00e9 restaurant en passant par les r\u00e9sidences de tourisme, l\u2019h\u00f4tellerie de plein air, mais \u00e9galement les \u00e9tablissements d\u2019h\u00e9bergement pour personnes \u00e2g\u00e9es d\u00e9pendantes \u2026) et d\u2019emplois.<\/p>\n<p>Le ou la titulaire d\u2019un Brevet de Technicien Sup\u00e9rieur \u00ab Management en h\u00f4tellerie et restauration (MHR) \u00bb intervient dans le secteur de l\u2019h\u00f4tellerie, de la restauration et des activit\u00e9s de loisirs pour produire des services et encadrer les \u00e9quipes. Selon l\u2019option du BTS, il r\u00e9alise des activit\u00e9s :<br \/>\n\u2022 Option A : dans les domaines de la restauration<br \/>\n\u2022 Option B : de la production culinaire<br \/>\n\u2022 Option C : de l\u2019h\u00e9bergement<\/p>\n<p>Il a vocation \u00e0 encadrer des \u00e9quipes plus ou moins importantes selon le type d\u2019entreprise. Apr\u00e8s une ou plusieurs exp\u00e9riences professionnelles r\u00e9ussies, il doit \u00eatre en mesure de reprendre une entreprise dans son domaine ou de prendre plus de responsabilit\u00e9s dans son organisation.<br \/>\nLes activit\u00e9s peuvent s&rsquo;ordonner autour de cinq p\u00f4les d&rsquo;activit\u00e9s professionnelles que le titulaire du BTS Management en h\u00f4tellerie et restauration doit \u00eatre capable d&rsquo;assumer :<br \/>\n\u2022 Production de services en h\u00f4tellerie restauration<br \/>\n\u2022 Animation de la politique commerciale et d\u00e9veloppement de la relation client<br \/>\n\u2022 Management op\u00e9rationnel de l&rsquo;unit\u00e9 d&rsquo;h\u00f4tellerie restauration<br \/>\n\u2022 Pilotage de l&rsquo;unit\u00e9 de production de services en h\u00f4tellerie restauration<br \/>\n\u2022 Entrepreneuriat en h\u00f4tellerie restauration<\/p>\n<p>Les cinq p\u00f4les d&rsquo;activit\u00e9s sont imbriqu\u00e9s : la production de service est le c\u0153ur du m\u00e9tier. On attend du technicien sup\u00e9rieur en management en h\u00f4tellerie restauration qu&rsquo;il soit un sp\u00e9cialiste dans son m\u00e9tier capable :<br \/>\n\u2022 D\u2019animer la politique commerciale de son unit\u00e9<br \/>\n\u2022 De d\u00e9velopper la relation client (notamment via les outils num\u00e9riques)<br \/>\n\u2022 De mener un management op\u00e9rationnel performant et un pilotage de son unit\u00e9 de production de services efficace.<\/p>\n<p>Il est un sp\u00e9cialiste de la relation client et s&rsquo;appuie sur sa ma\u00eetrise des techniques de son champ de comp\u00e9tences :<br \/>\n\u2022 Techniques de restaurant et de service des boissons<br \/>\n\u2022 Techniques de production culinaire<br \/>\n\u2022 Techniques de l&rsquo;h\u00e9bergement<br \/>\net poss\u00e8de une bonne ma\u00eetrise de la communication en fran\u00e7ais et en langues \u00e9trang\u00e8res.<\/p>\n<p>La p\u00e9riode de formation en entreprise est de 14 \u00e0 16 semaines, de mai \u00e0 juillet.<\/p>\n<p>Apr\u00e8s une ou plusieurs exp\u00e9riences professionnelles, le titulaire du BTS Management en h\u00f4tellerie restauration pourra se voir proposer des postes de responsabilit\u00e9 tels que :<\/p>\n<p style=\"padding-left: 40px;\"><strong>Management des unit\u00e9s de restauration (option A)<\/strong><br \/>\nMa\u00eetre d\u2019h\u00f4tel (MH)<br \/>\nAssistant de direction de restauration<br \/>\nPremier Ma\u00eetre d\u2019h\u00f4tel<br \/>\nChef sommelier<br \/>\nSommelier<br \/>\nDirecteur adjoint<br \/>\nChef barman<br \/>\nDirecteur<\/p>\n<p style=\"padding-left: 40px;\"><strong>Management des unit\u00e9s de production culinaire (option B)<\/strong><br \/>\nDemi-chef de partie<br \/>\nChef de cuisine<br \/>\nChef de partie<br \/>\nResponsable de production<br \/>\nSecond de cuisine<br \/>\nDirecteur adjoint<br \/>\nDirecteur<\/p>\n<p style=\"padding-left: 40px;\"><strong>Management des unit\u00e9s d&rsquo;h\u00e9bergement (option C)<\/strong><br \/>\nAssistant(e) gouvernant(e)<br \/>\nResponsable de l&rsquo;accueil<br \/>\nGouvernant(e) d\u2019\u00e9tages<br \/>\nGouvernant(e) g\u00e9n\u00e9ral(e)<br \/>\nCommunity manager<br \/>\nRevenue ou yield manager<br \/>\nChef de brigade r\u00e9ception<br \/>\nChef de r\u00e9ception<br \/>\nAssistant(e) chef de r\u00e9ception<br \/>\nDirecteur de l&rsquo;h\u00e9bergement<br \/>\nDirecteur adjoint<\/p>\n<h5>Conditions d&rsquo;acc\u00e8s<\/h5>\n<p>Tout candidat doit suivre obligatoirement la proc\u00e9dure d\u2019inscription dans l\u2019enseignement sup\u00e9rieur sur le site parcoursup.fr \u00e0 partir de janvier.<\/p>\n<h5>Enseignement<\/h5>\n<p style=\"padding-left: 40px;\"><strong>ENSEIGNEMENT G\u00c9N\u00c9RAL<\/strong><br \/>\nCommunication et expression fran\u00e7aise<br \/>\nLangues vivantes 1 et 2<br \/>\n<em>LV 1 : ANGLAIS obligatoirement<\/em><br \/>\n<em>LV 2: au choix parmi allemand, espagnol et italien.<\/em><br \/>\n<em>Pour autre LV2, possibilit\u00e9 de voir directement avec le CNED<\/em><br \/>\nAnglais et h\u00e9bergement<\/p>\n<p style=\"padding-left: 40px;\"><strong>ENSEIGNEMENTS D&rsquo;\u00c9CONOMIE ET GESTION H\u00d4TELI\u00c8RE<\/strong><br \/>\nEntrepreneuriat et pilotage de l&rsquo;entreprise h\u00f4teli\u00e8re (EPEH)<br \/>\nConduite du projet entrepreneurial<br \/>\nManagement de l&rsquo;entreprise h\u00f4teli\u00e8re et mercatique des services (MEHMS)<\/p>\n<p style=\"padding-left: 40px;\"><strong>ENSEIGNEMENTS D&rsquo;H\u00d4TELLERIE RESTAURATION<\/strong><br \/>\nSciences en h\u00f4tellerie restauration (SHR)<br \/>\nIng\u00e9nierie en h\u00f4tellerie restauration (IHR)<br \/>\nSommellerie et techniques de bar (STB)<br \/>\nSciences et technologies culinaires (STC)<br \/>\nSciences et technologies des services en restauration (STSR)<br \/>\nSciences et technologies de services en h\u00e9bergement (STSH)<br \/>\nEnseignement facultatif : LV 3<\/p>\n<p>&nbsp;<\/p>\n<p><img loading=\"lazy\" decoding=\"async\" class=\"alignnone size-large wp-image-14979\" src=\"https:\/\/lyceedechamalieres.fr\/wp-content\/uploads\/2025\/11\/ppage-1024x173.png\" alt=\"\" width=\"860\" height=\"145\" srcset=\"https:\/\/lyceedechamalieres.fr\/wp-content\/uploads\/2025\/11\/ppage-1024x173.png 1024w, https:\/\/lyceedechamalieres.fr\/wp-content\/uploads\/2025\/11\/ppage-300x51.png 300w, https:\/\/lyceedechamalieres.fr\/wp-content\/uploads\/2025\/11\/ppage-768x130.png 768w, https:\/\/lyceedechamalieres.fr\/wp-content\/uploads\/2025\/11\/ppage-1320x223.png 1320w, https:\/\/lyceedechamalieres.fr\/wp-content\/uploads\/2025\/11\/ppage.png 1467w\" sizes=\"auto, (max-width: 860px) 100vw, 860px\" \/><\/p>\n<hr \/>\n<p>&nbsp;<\/p>\n<p><center><img loading=\"lazy\" decoding=\"async\" class=\"\" src=\"http:\/\/www.lyceedechamalieres.fr\/picto.gif\" alt=\"\" width=\"41\" height=\"41\" \/><br \/>\n<div class=\"pdfprnt-buttons\"><a href=\"https:\/\/lyceedechamalieres.fr\/index.php?rest_route=wpv2pages7859&print=print\" class=\"pdfprnt-button pdfprnt-button-print\" target=\"_blank\" ><span class=\"pdfprnt-button-title pdfprnt-button-print-title\">T\u00e9l\u00e9charger un PDF avec le contenu de cette page<\/span><\/a><\/div><\/center>&nbsp;<\/p>\n","protected":false},"excerpt":{"rendered":"<p>Le secteur de l\u2019h\u00f4tellerie et de la restauration rassemble une tr\u00e8s grande diversit\u00e9 d\u2019activit\u00e9s, d\u2019entreprises (de l\u2019entreprise individuelle aux grands groupes internationaux, de l\u2019h\u00f4tellerie de [&#8230;]<\/p>\n","protected":false},"author":1,"featured_media":0,"parent":98,"menu_order":22,"comment_status":"closed","ping_status":"open","template":"","meta":{"footnotes":""},"class_list":["post-7859","page","type-page","status-publish","hentry"],"_links":{"self":[{"href":"https:\/\/lyceedechamalieres.fr\/index.php?rest_route=\/wp\/v2\/pages\/7859","targetHints":{"allow":["GET"]}}],"collection":[{"href":"https:\/\/lyceedechamalieres.fr\/index.php?rest_route=\/wp\/v2\/pages"}],"about":[{"href":"https:\/\/lyceedechamalieres.fr\/index.php?rest_route=\/wp\/v2\/types\/page"}],"author":[{"embeddable":true,"href":"https:\/\/lyceedechamalieres.fr\/index.php?rest_route=\/wp\/v2\/users\/1"}],"replies":[{"embeddable":true,"href":"https:\/\/lyceedechamalieres.fr\/index.php?rest_route=%2Fwp%2Fv2%2Fcomments&post=7859"}],"version-history":[{"count":12,"href":"https:\/\/lyceedechamalieres.fr\/index.php?rest_route=\/wp\/v2\/pages\/7859\/revisions"}],"predecessor-version":[{"id":15054,"href":"https:\/\/lyceedechamalieres.fr\/index.php?rest_route=\/wp\/v2\/pages\/7859\/revisions\/15054"}],"up":[{"embeddable":true,"href":"https:\/\/lyceedechamalieres.fr\/index.php?rest_route=\/wp\/v2\/pages\/98"}],"wp:attachment":[{"href":"https:\/\/lyceedechamalieres.fr\/index.php?rest_route=%2Fwp%2Fv2%2Fmedia&parent=7859"}],"curies":[{"name":"wp","href":"https:\/\/api.w.org\/{rel}","templated":true}]}}