{"id":80,"date":"2011-05-08T14:41:04","date_gmt":"2011-05-08T12:41:04","guid":{"rendered":"http:\/\/s141058958.onlinehome.fr\/wp\/?page_id=80"},"modified":"2025-11-29T08:11:51","modified_gmt":"2025-11-29T07:11:51","slug":"le-baccalaureat-technologique-hotelier","status":"publish","type":"page","link":"https:\/\/lyceedechamalieres.fr\/?page_id=80","title":{"rendered":"le Baccalaur\u00e9at Technologique \u00ab\u00a0Science et Techniques de l&rsquo;H\u00f4tellerie et de la Restauration\u00a0\u00bb"},"content":{"rendered":"<p><img loading=\"lazy\" decoding=\"async\" class=\"alignnone size-large wp-image-15027\" src=\"https:\/\/lyceedechamalieres.fr\/wp-content\/uploads\/2025\/11\/bac-techno-1024x256.jpg\" alt=\"\" width=\"860\" height=\"215\" srcset=\"https:\/\/lyceedechamalieres.fr\/wp-content\/uploads\/2025\/11\/bac-techno-1024x256.jpg 1024w, https:\/\/lyceedechamalieres.fr\/wp-content\/uploads\/2025\/11\/bac-techno-300x75.jpg 300w, https:\/\/lyceedechamalieres.fr\/wp-content\/uploads\/2025\/11\/bac-techno-768x192.jpg 768w, https:\/\/lyceedechamalieres.fr\/wp-content\/uploads\/2025\/11\/bac-techno-1536x384.jpg 1536w, https:\/\/lyceedechamalieres.fr\/wp-content\/uploads\/2025\/11\/bac-techno-1320x330.jpg 1320w, https:\/\/lyceedechamalieres.fr\/wp-content\/uploads\/2025\/11\/bac-techno.jpg 1600w\" sizes=\"auto, (max-width: 860px) 100vw, 860px\" \/>L\u2019admission en classe de 2\u1d48\u1d49 STHR se fait apr\u00e8s la 3\u1d49 pour les \u00e9l\u00e8ves qui ont obtenu un avis favorable pour le passage en 2\u1d48\u1d49 g\u00e9n\u00e9rale et technologique, qui sont motiv\u00e9s par les m\u00e9tiers de l\u2019h\u00f4tellerie restauration (cuisine, restauration, accueil, h\u00e9bergement, gestion h\u00f4teli\u00e8re) et qui souhaitent s\u2019engager dans une poursuite d\u2019\u00e9tudes apr\u00e8s le baccalaur\u00e9at.<\/p>\n<h5>Pr\u00e9sentation<\/h5>\n<p>Cette s\u00e9rie technologique se compose d&rsquo;enseignements g\u00e9n\u00e9raux visant \u00e0 assurer une culture g\u00e9n\u00e9rale et d&rsquo;un enseignement technologique polyvalent qui la distingue de la voie professionnelle.<br \/>\nEn classe de seconde STHR, les \u00e9l\u00e8ves d\u00e9couvrent le secteur dans sa grande diversit\u00e9, sans compromettre la r\u00e9versibilit\u00e9 \u00e9ventuelle de leur parcours.<br \/>\nEn 1\u02b3\u1d49 et Terminale STHR : les enseignements sp\u00e9cifiques sont approfondis.<\/p>\n<p>\u00c0 noter : l&rsquo;acc\u00e8s \u00e0 la classe de premi\u00e8re de la s\u00e9rie sciences et technologies de l&rsquo;h\u00f4tellerie et de la restauration est ouvert :<\/p>\n<ul>\n<li>aux \u00e9l\u00e8ves ayant suivi la classe de seconde \u00ab sp\u00e9cifique \u00bb STHR,<\/li>\n<li>aux \u00e9l\u00e8ves ayant suivi une autre classe de seconde g\u00e9n\u00e9rale et technologique (cet acc\u00e8s n&rsquo;est pas subordonn\u00e9 au suivi d\u2019un enseignement d&rsquo;exploration particulier en 2\u1d48\u1d49).<\/li>\n<\/ul>\n<h5>Enseignements<\/h5>\n<p>Les enseignements de la s\u00e9rie STHR dans les classes de seconde, de premi\u00e8re et terminale comprennent, pour tous les \u00e9l\u00e8ves :<br \/>\n\u2022 des enseignements g\u00e9n\u00e9raux (dont deux langues vivantes, l\u2019une \u00e9tant obligatoirement l\u2019Anglais),<br \/>\n\u2022 des enseignements technologiques qui se r\u00e9partissent en deux p\u00f4les : sciences et technologies culinaires et sciences et technologies des services,<br \/>\n\u2022 un enseignement technologique en anglais d\u2019une heure hebdomadaire s\u2019ajoute \u00e0 l\u2019enseignement des deux langues vivantes,<br \/>\n\u2022 un accompagnement personnalis\u00e9 (\u00e0 raison de 2h hebdomadaires pour tous les \u00e9l\u00e8ves selon leurs besoins : soutien, approfondissement, aide m\u00e9thodologique, aide \u00e0 l&rsquo;orientation, travaux interdisciplinaires\u2026)<\/p>\n<p>Le cursus du Baccalaur\u00e9at STHR comporte des stages d&rsquo;initiation ou d&rsquo;application en milieu professionnel, organis\u00e9s en classe de seconde et de premi\u00e8re (huit semaines).<\/p>\n<h5>Qualit\u00e9s requises<\/h5>\n<p>Avoir une bonne pr\u00e9sentation et une bonne expression orale, le go\u00fbt des langues vivantes \u00e9trang\u00e8res, des arts de la table. Avoir le sens du relationnel et du travail d\u2019\u00e9quipe.<\/p>\n<h5>Admission<\/h5>\n<p>Tout candidat doit saisir son v\u0153u d\u2019affectation dans AFFELNET. Apr\u00e8s d\u00e9cision de la commission d\u2019affectation (Direction acad\u00e9mique), chaque \u00e9l\u00e8ve admis recevra une notification et le dossier d\u2019inscription.<\/p>\n<p>Les dossiers des candidats admis hors acad\u00e9mie doivent \u00eatre envoy\u00e9s par les \u00e9tablissements d\u2019origine \u00e0 la Direction des Services D\u00e9partementaux de l\u2019\u00c9ducation Nationale \u00e0 Clermont-Ferrand.<\/p>\n<h5>Scolarit\u00e9<\/h5>\n<p>Il est demand\u00e9 \u00e0 chaque \u00e9l\u00e8ve deux tenues professionnelles, une pour le service et une pour la cuisine (300 \u20ac environ), deux cadenas \u00e0 clef : un pour le vestiaire et un pour la mallette. Une mallette de couteaux, propri\u00e9t\u00e9 du lyc\u00e9e, est pr\u00eat\u00e9e pour toute la dur\u00e9e de la formation, elle devra \u00eatre rendue dans son int\u00e9gralit\u00e9 \u00e0 la fin du cursus (les pi\u00e8ces manquantes seront factur\u00e9es).<\/p>\n<p>Depuis 2019, les \u00e9l\u00e8ves peuvent b\u00e9n\u00e9ficier des enseignements suivants :<br \/>\nLV2 : italien, allemand, espagnol et ouverture du Chinois (pour les \u00e9l\u00e8ves qui ont suivi cet enseignement au coll\u00e8ge)<br \/>\nOption LV3 italien : possibilit\u00e9 de commencer une 3\u1d49 langue vivante (pour la culture g\u00e9n\u00e9rale et personnelle et la maitrise de la langue afin d&rsquo;accueillir la client\u00e8le italienne sur la C\u00f4te d&rsquo;Azur, en Haute-Savoie et en Suisse o\u00f9 nous comptons de nombreux partenaires professionnels qui accueillent les \u00e9l\u00e8ves du lyc\u00e9e h\u00f4telier de Chamali\u00e8res en stage).<\/p>\n<h5>Poursuites d\u2019\u00e9tudes<\/h5>\n<p>Le Baccalaur\u00e9at sciences et technologies de l\u2019h\u00f4tellerie et de la restauration conduit \u00e0 une poursuite d&rsquo;\u00e9tudes en :<\/p>\n<ul>\n<li>BTS H\u00f4tellerie restauration option A Management d\u2019unit\u00e9 de restauration,<\/li>\n<li>BTS H\u00f4tellerie restauration option B Management d\u2019unit\u00e9 de production culinaire,<\/li>\n<li>BTS H\u00f4tellerie restauration option C Management d\u2019unit\u00e9 d\u2019h\u00e9bergement.<\/li>\n<\/ul>\n<p><img loading=\"lazy\" decoding=\"async\" class=\"alignnone size-large wp-image-14979\" src=\"https:\/\/lyceedechamalieres.fr\/wp-content\/uploads\/2025\/11\/ppage-1024x173.png\" alt=\"\" width=\"860\" height=\"145\" srcset=\"https:\/\/lyceedechamalieres.fr\/wp-content\/uploads\/2025\/11\/ppage-1024x173.png 1024w, https:\/\/lyceedechamalieres.fr\/wp-content\/uploads\/2025\/11\/ppage-300x51.png 300w, https:\/\/lyceedechamalieres.fr\/wp-content\/uploads\/2025\/11\/ppage-768x130.png 768w, https:\/\/lyceedechamalieres.fr\/wp-content\/uploads\/2025\/11\/ppage-1320x223.png 1320w, https:\/\/lyceedechamalieres.fr\/wp-content\/uploads\/2025\/11\/ppage.png 1467w\" sizes=\"auto, (max-width: 860px) 100vw, 860px\" \/><\/p>\n<hr \/>\n<p>&nbsp;<\/p>\n<p><center><img loading=\"lazy\" decoding=\"async\" class=\"\" src=\"http:\/\/www.lyceedechamalieres.fr\/picto.gif\" alt=\"\" width=\"41\" height=\"41\" \/><br \/>\n<div class=\"pdfprnt-buttons\"><a href=\"https:\/\/lyceedechamalieres.fr\/index.php?rest_route=wpv2pages80&print=print\" class=\"pdfprnt-button pdfprnt-button-print\" target=\"_blank\" ><span class=\"pdfprnt-button-title pdfprnt-button-print-title\">T\u00e9l\u00e9charger un PDF avec le contenu de cette page<\/span><\/a><\/div><\/center>&nbsp;<\/p>\n","protected":false},"excerpt":{"rendered":"<p>L\u2019admission en classe de 2\u1d48\u1d49 STHR se fait apr\u00e8s la 3\u1d49 pour les \u00e9l\u00e8ves qui ont obtenu un avis favorable pour le passage en 2\u1d48\u1d49 [&#8230;]<\/p>\n","protected":false},"author":1,"featured_media":0,"parent":86,"menu_order":0,"comment_status":"closed","ping_status":"closed","template":"","meta":{"footnotes":""},"class_list":["post-80","page","type-page","status-publish","hentry"],"_links":{"self":[{"href":"https:\/\/lyceedechamalieres.fr\/index.php?rest_route=\/wp\/v2\/pages\/80","targetHints":{"allow":["GET"]}}],"collection":[{"href":"https:\/\/lyceedechamalieres.fr\/index.php?rest_route=\/wp\/v2\/pages"}],"about":[{"href":"https:\/\/lyceedechamalieres.fr\/index.php?rest_route=\/wp\/v2\/types\/page"}],"author":[{"embeddable":true,"href":"https:\/\/lyceedechamalieres.fr\/index.php?rest_route=\/wp\/v2\/users\/1"}],"replies":[{"embeddable":true,"href":"https:\/\/lyceedechamalieres.fr\/index.php?rest_route=%2Fwp%2Fv2%2Fcomments&post=80"}],"version-history":[{"count":22,"href":"https:\/\/lyceedechamalieres.fr\/index.php?rest_route=\/wp\/v2\/pages\/80\/revisions"}],"predecessor-version":[{"id":15029,"href":"https:\/\/lyceedechamalieres.fr\/index.php?rest_route=\/wp\/v2\/pages\/80\/revisions\/15029"}],"up":[{"embeddable":true,"href":"https:\/\/lyceedechamalieres.fr\/index.php?rest_route=\/wp\/v2\/pages\/86"}],"wp:attachment":[{"href":"https:\/\/lyceedechamalieres.fr\/index.php?rest_route=%2Fwp%2Fv2%2Fmedia&parent=80"}],"curies":[{"name":"wp","href":"https:\/\/api.w.org\/{rel}","templated":true}]}}