{"id":9837,"date":"2020-03-23T09:51:21","date_gmt":"2020-03-23T08:51:21","guid":{"rendered":"http:\/\/www.lyceedechamalieres.fr\/?page_id=9837"},"modified":"2025-11-29T15:46:32","modified_gmt":"2025-11-29T14:46:32","slug":"la-mention-complementaire-sommellerie-2","status":"publish","type":"page","link":"https:\/\/lyceedechamalieres.fr\/?page_id=9837","title":{"rendered":"le Brevet Professionnel Sommelier par apprentissage"},"content":{"rendered":"<p><img loading=\"lazy\" decoding=\"async\" class=\"alignnone size-large wp-image-15012\" src=\"https:\/\/lyceedechamalieres.fr\/wp-content\/uploads\/2025\/11\/cs-som-1024x256.jpg\" alt=\"\" width=\"860\" height=\"215\" srcset=\"https:\/\/lyceedechamalieres.fr\/wp-content\/uploads\/2025\/11\/cs-som-1024x256.jpg 1024w, https:\/\/lyceedechamalieres.fr\/wp-content\/uploads\/2025\/11\/cs-som-300x75.jpg 300w, https:\/\/lyceedechamalieres.fr\/wp-content\/uploads\/2025\/11\/cs-som-768x192.jpg 768w, https:\/\/lyceedechamalieres.fr\/wp-content\/uploads\/2025\/11\/cs-som-1536x384.jpg 1536w, https:\/\/lyceedechamalieres.fr\/wp-content\/uploads\/2025\/11\/cs-som-1320x330.jpg 1320w, https:\/\/lyceedechamalieres.fr\/wp-content\/uploads\/2025\/11\/cs-som.jpg 1600w\" sizes=\"auto, (max-width: 860px) 100vw, 860px\" \/><\/p>\n<p>Le ou la titulaire d\u2019un Brevet Professionnel Sommelier intervient dans le secteur de l\u2019h\u00f4tellerie, de la restauration ou du commerce.<br \/>\nIl (elle) est un(e) sp\u00e9cialiste des vins de France et du Monde et des autres boissons.<\/p>\n<p>Il (elle) est en mesure de s\u00e9lectionner les vins et autres boissons, de les conseiller et de les vendre \u00e0 la client\u00e8le, de les accorder avec les mets et de les servir de mani\u00e8re \u00e0 les mettre en valeur aupr\u00e8s de ses clients.<br \/>\nIl (elle) poss\u00e8de \u00e9galement des bases solides de gestion ainsi qu&rsquo;une grande culture g\u00e9n\u00e9rale li\u00e9e au secteur viti-vinicole.<br \/>\nIl (elle) est en mesure d&rsquo;encadrer un ou plusieurs membres de son \u00e9quipe et de participer \u00e0 leur formation.<\/p>\n<p>Apr\u00e8s une ou plusieurs exp\u00e9riences professionnelles, le ou la titulaire du Brevet Professionnel Sommelier pourra se voir proposer des postes de responsabilit\u00e9 tels que par exemple :<\/p>\n<ul>\n<li>Chef Sommelier Ma\u00eetre d\u2019h\u00f4tel<\/li>\n<li>Directeur de Salle Directeur de la Restauration<\/li>\n<li>Responsable de Bar \u00e0 Vin Responsable de Magasin de type Cave<\/li>\n<li>Agent Commercial Directeur Commercial (structure viticole)<\/li>\n<li>Chef de Rayon cave (grande distribution)<\/li>\n<\/ul>\n<h5>Condition d&rsquo;acc\u00e8s<\/h5>\n<p>Tout candidat(e) doit obligatoirement compl\u00e9ter et renvoyer un dossier de candidature en y joignant la totalit\u00e9 des pi\u00e8ces demand\u00e9es.<\/p>\n<p>Des entretiens de recrutement, en plus de l\u2019\u00e9tude des dossiers, auront lieu courant mai afin d&rsquo;affiner la s\u00e9lection. Les convocations seront envoy\u00e9es par mail.<\/p>\n<p>Un accompagnement pour le choix de l&rsquo;entreprise d&rsquo;accueil peut \u00eatre fourni. Il n\u2019est donc pas n\u00e9cessaire d\u2019avoir d\u00e9j\u00e0 une entreprise pour postuler.<\/p>\n<h5>Alternance<\/h5>\n<p>Rythme d&rsquo;alternance non r\u00e9gulier tenant compte de l&rsquo;activit\u00e9 des entreprises<br \/>\n40 semaines en entreprise par ann\u00e9e (dont cong\u00e9s pay\u00e9s)<br \/>\n12 semaines de 35h au lyc\u00e9e par ann\u00e9e (dont 4 semaines consacr\u00e9es \u00e0 l&rsquo;Approche Pratique des Vignobles)<br \/>\nTrois visites par an : 1\u1d49\u02b3 entretien au lyc\u00e9e entre le tuteur, l\u2019apprenti et le coordinateur dans les deux premiers mois, les autres visites ont lieu en entreprise.<br \/>\nPas de vacances scolaires pour l\u2019apprenti, gain de cong\u00e9s pay\u00e9s comme tout salari\u00e9 (du 1\u1d49\u02b3 juin au 31 mai)<br \/>\nContrat de 24 mois (possibilit\u00e9 d\u2019aide \u00e0 la recherche d\u2019entreprise)<br \/>\nPoste de commis-sommelier avec prises de responsabilit\u00e9s au fur et \u00e0 mesure de l\u2019apprentissage dans un restaurant.<\/p>\n<h5>R\u00e9mun\u00e9ration<\/h5>\n<p>Voir ce lien : <a href=\"https:\/\/www.lapprenti.com\/html\/apprenti\/salaire.asp\" target=\"_blank\" rel=\"noopener\">https:\/\/www.lapprenti.com\/html\/apprenti\/salaire.asp<\/a><\/p>\n<h5>R\u00e9partition de l&rsquo;enseignement<\/h5>\n<p>35h de cours par semaine (consid\u00e9r\u00e9es comme du temps de travail donc soumises aux r\u00e8gles du code du travail pour les absences) r\u00e9partis entre les mati\u00e8res suivantes :<\/p>\n<ul>\n<li>Connaissance des Vignobles<\/li>\n<li>Connaissance des Vignobles du Monde<\/li>\n<li>Analyse Sensorielle<\/li>\n<li>Connaissance des Autres Boissons<\/li>\n<li>Technologie professionnelle et l\u00e9gislation<\/li>\n<li>\u0152nologie<\/li>\n<li>Culture Gastronomique et accords mets et vins<\/li>\n<li>Fran\u00e7ais Communication \/ Commercialisation<\/li>\n<li>Expression Fran\u00e7aise<\/li>\n<li>Connaissance du Monde<\/li>\n<li>Gestion \/ Droit<\/li>\n<li>LV1 Anglais<\/li>\n<\/ul>\n<p>Cette formation propose de mettre l&rsquo;accent sur les connaissances sur des vins bio, biodynamiques et nature.<\/p>\n<h5>Approche Pratique des Vignobles<\/h5>\n<p>Il s&rsquo;agit de d\u00e9placement dans les grands vignobles, \u00e0 la d\u00e9couverte des terroirs et de leurs caract\u00e9ristiques et \u00e0 la rencontre des vignerons et des structures de production vitivinicoles consid\u00e9r\u00e9es parmi les meilleures.<br \/>\nCes d\u00e9placements sont obligatoires (consid\u00e9r\u00e9s comme du temps de travail donc soumis aux r\u00e8gles du code du travail pour les absences) et feront l&rsquo;objet de comptes-rendus \u00e9valu\u00e9s en vue de l&rsquo;examen sous forme de CCF.<\/p>\n<p>Huit d\u00e9placements en France sont organis\u00e9s :<br \/>\nAlsace \/ Lorraine \/ Champagne Languedoc \/ Roussillon<br \/>\nBourgogne Sud-Ouest \/ Armagnac<br \/>\nBeaujolais \/ Jura \/ Savoie Bordelais \/ Cognac<br \/>\nVall\u00e9e du Rh\u00f4ne \/ Provence \/ Corse Vall\u00e9e de la Loire<\/p>\n<h5>R\u00e9sultats<\/h5>\n<p>Taux de r\u00e9ussite 2024 en apprentissage : 100%<br \/>\nTaux d\u2019insertion professionnelle : 100%<\/p>\n<p><img loading=\"lazy\" decoding=\"async\" class=\"alignnone size-large wp-image-14979\" src=\"https:\/\/lyceedechamalieres.fr\/wp-content\/uploads\/2025\/11\/ppage-1024x173.png\" alt=\"\" width=\"860\" height=\"145\" srcset=\"https:\/\/lyceedechamalieres.fr\/wp-content\/uploads\/2025\/11\/ppage-1024x173.png 1024w, https:\/\/lyceedechamalieres.fr\/wp-content\/uploads\/2025\/11\/ppage-300x51.png 300w, https:\/\/lyceedechamalieres.fr\/wp-content\/uploads\/2025\/11\/ppage-768x130.png 768w, https:\/\/lyceedechamalieres.fr\/wp-content\/uploads\/2025\/11\/ppage-1320x223.png 1320w, https:\/\/lyceedechamalieres.fr\/wp-content\/uploads\/2025\/11\/ppage.png 1467w\" sizes=\"auto, (max-width: 860px) 100vw, 860px\" \/><\/p>\n<hr \/>\n<p>&nbsp;<\/p>\n<p><center><img loading=\"lazy\" decoding=\"async\" class=\"\" src=\"http:\/\/www.lyceedechamalieres.fr\/picto.gif\" alt=\"\" width=\"41\" height=\"41\" \/><br \/>\n<div class=\"pdfprnt-buttons\"><a href=\"https:\/\/lyceedechamalieres.fr\/index.php?rest_route=wpv2pages9837&print=print\" class=\"pdfprnt-button pdfprnt-button-print\" target=\"_blank\" ><span class=\"pdfprnt-button-title pdfprnt-button-print-title\">T\u00e9l\u00e9charger un PDF avec le contenu de cette page<\/span><\/a><\/div><\/center>&nbsp;<\/p>\n<h6>T\u00e9l\u00e9charger le dossier d&rsquo;inscription<\/h6>\n<a href=\"\/_pdf\/fiche-bpsom.pdf\" class=\"pdfemb-viewer\" style=\"\" data-width=\"max\" data-height=\"max\" data-mobile-width=\"500\"  data-scrollbar=\"none\" data-download=\"on\" data-tracking=\"on\" data-newwindow=\"on\" data-pagetextbox=\"off\" data-scrolltotop=\"off\" data-startzoom=\"100\" data-startfpzoom=\"100\" data-toolbar=\"both\" data-toolbar-fixed=\"off\">fiche-bpsom<br\/><\/a>\n","protected":false},"excerpt":{"rendered":"<p>Le ou la titulaire d\u2019un Brevet Professionnel Sommelier intervient dans le secteur de l\u2019h\u00f4tellerie, de la restauration ou du commerce. Il (elle) est un(e) sp\u00e9cialiste [&#8230;]<\/p>\n","protected":false},"author":1,"featured_media":0,"parent":71,"menu_order":0,"comment_status":"closed","ping_status":"open","template":"","meta":{"footnotes":""},"class_list":["post-9837","page","type-page","status-publish","hentry"],"_links":{"self":[{"href":"https:\/\/lyceedechamalieres.fr\/index.php?rest_route=\/wp\/v2\/pages\/9837","targetHints":{"allow":["GET"]}}],"collection":[{"href":"https:\/\/lyceedechamalieres.fr\/index.php?rest_route=\/wp\/v2\/pages"}],"about":[{"href":"https:\/\/lyceedechamalieres.fr\/index.php?rest_route=\/wp\/v2\/types\/page"}],"author":[{"embeddable":true,"href":"https:\/\/lyceedechamalieres.fr\/index.php?rest_route=\/wp\/v2\/users\/1"}],"replies":[{"embeddable":true,"href":"https:\/\/lyceedechamalieres.fr\/index.php?rest_route=%2Fwp%2Fv2%2Fcomments&post=9837"}],"version-history":[{"count":12,"href":"https:\/\/lyceedechamalieres.fr\/index.php?rest_route=\/wp\/v2\/pages\/9837\/revisions"}],"predecessor-version":[{"id":15045,"href":"https:\/\/lyceedechamalieres.fr\/index.php?rest_route=\/wp\/v2\/pages\/9837\/revisions\/15045"}],"up":[{"embeddable":true,"href":"https:\/\/lyceedechamalieres.fr\/index.php?rest_route=\/wp\/v2\/pages\/71"}],"wp:attachment":[{"href":"https:\/\/lyceedechamalieres.fr\/index.php?rest_route=%2Fwp%2Fv2%2Fmedia&parent=9837"}],"curies":[{"name":"wp","href":"https:\/\/api.w.org\/{rel}","templated":true}]}}