{"id":9969,"date":"2020-07-01T10:49:50","date_gmt":"2020-07-01T08:49:50","guid":{"rendered":"http:\/\/www.lyceedechamalieres.fr\/?page_id=9969"},"modified":"2020-07-01T10:49:59","modified_gmt":"2020-07-01T08:49:59","slug":"contacter-le-bureau-des-stages-bac-pro-et-cap-2-2","status":"publish","type":"page","link":"https:\/\/lyceedechamalieres.fr\/?page_id=9969","title":{"rendered":"Contacter le bureau des stages du lyc\u00e9e"},"content":{"rendered":"\r\n        \r\n\r\n                <form class=\"wpuf-form-add weforms-9963  wpuf-style\" action=\"\" method=\"post\"   id=\"\">\r\n\r\n            <ul class=\"wpuf-form form-label-above\">\r\n\r\n                        <li class=\"wpuf-el custom_html\" data-label=\"Custom HTML\">\r\n            <div class=\"wpuf-fields html_9963 wpuf_custom_html_9963\" data-style=\"wpuf-style\">\r\n                <center>Ceci est un formulaire de contact r\u00e9serv\u00e9 aux professionnels souhaitant communiquer avec le bureau des stages du lyc\u00e9e.<\/center>            <\/div>\r\n\r\n        <\/li>\r\n                <li class=\"wpuf-el nom field-size-large\" data-label=\"Nom\">\r\n                    <div class=\"wpuf-label\">\r\n            <label for=\"nom_9963\">Nom <span class=\"required\">*<\/span><\/label>\r\n        <\/div>\r\n        \r\n            <div class=\"wpuf-fields\">\r\n                <div class=\"wpuf-name-field-wrap format-first-last\" data-style=\"wpuf-style\">\r\n                    <div class=\"wpuf-name-field-first-name\">\r\n                        <input\r\n                            name=\"nom[first]\"\r\n                            type=\"text\"\r\n                            placeholder=\"\"\r\n                            value=\"\"\r\n                            size=\"40\"\r\n                            data-required=\"yes\"\r\n                            data-type=\"text\"\r\n                            data-style=\"wpuf-style\"\r\n                            class=\"textfield wpuf_nom_9963\"\r\n                            autocomplete=\"given-name\"\r\n                        >\r\n                                                    <label class=\"wpuf-form-sub-label\" data-style=\"wpuf-style\">First<\/label>\r\n                                            <\/div>\r\n\r\n                                            <input type=\"hidden\" name=\"nom[middle]\" value=\"\">\r\n                    \r\n                    <div class=\"wpuf-name-field-last-name\">\r\n                        <input\r\n                            name=\"nom[last]\"\r\n                            type=\"text\" class=\"textfield\"\r\n                            placeholder=\"\"\r\n                            value=\"\"\r\n                            size=\"40\"\r\n                            autocomplete=\"family-name\"\r\n                            data-style=\"wpuf-style\"\r\n                        >\r\n                                                    <label class=\"wpuf-form-sub-label\" data-style=\"wpuf-style\">Last<\/label>\r\n                                            <\/div>\r\n                <\/div>\r\n                            <\/div>\r\n        <\/li>\r\n                <li class=\"wpuf-el e_mail field-size-large\" data-label=\"E-mail\">\r\n                    <div class=\"wpuf-label\">\r\n            <label for=\"e_mail_9963\">E-mail <span class=\"required\">*<\/span><\/label>\r\n        <\/div>\r\n        \r\n            <div class=\"wpuf-fields\">\r\n                <input\r\n                    id=\"e_mail_9963\"\r\n                    type=\"email\"\r\n                    class=\"email  wpuf_e_mail_9963\"\r\n                    data-duplicate=\"\"\r\n                    data-required=\"yes\"\r\n                    data-type=\"email\"\r\n                    data-style=\"wpuf-style\"\r\n                    name=\"e_mail\"\r\n                    placeholder=\"\"\r\n                    value=\"\"\r\n                    size=\"40\"\r\n                    autocomplete=\"email\"\r\n                \/>\r\n                            <\/div>\r\n        <\/li>\r\n                <li class=\"wpuf-el message field-size-large\" data-label=\"Message\">\r\n                    <div class=\"wpuf-label\">\r\n            <label for=\"message_9963\">Message <span class=\"required\">*<\/span><\/label>\r\n        <\/div>\r\n                                    <div class=\"wpuf-fields\">\r\n            \r\n                                    <textarea\r\n                        class=\"textareafield  wpuf_message_9963\"\r\n                        id=\"message_9963\"\r\n                        name=\"message\"\r\n                        data-required=\"yes\"\r\n                        data-type=\"textarea\"\r\n                        placeholder=\"\"\r\n                        rows=\"5\"\r\n                        cols=\"25\"\r\n                        data-style=\"wpuf-style\"\r\n                    ><\/textarea>\r\n                    <span class=\"wpuf-wordlimit-message wpuf-help\"><\/span>\r\n\r\n                \r\n                        <\/div><\/li>\r\n         <li class=\"wpuf-el recaptcha\" data-label=\"\">\r\n\r\n                    <div class=\"wpuf-label\">\r\n            <label for=\"recaptcha_0\"><\/label>\r\n        <\/div>\r\n        \r\n                <div class=\"wpuf-fields  wpuf_recaptcha_9963\">\r\n                    <script>\r\n                        function weformsRecaptchaCallback(token) {\r\n                            jQuery('[name=\"g-recaptcha-response\"]').val(token);\r\n                            jQuery('.weforms_submit_btn').attr('disabled',false).show();\r\n                            jQuery('.weforms_submit_btn_recaptcha').hide();\r\n                        }\r\n\r\n                        jQuery(document).ready( function($) {\r\n                            $('.weforms_submit_btn').attr('disabled',true);\r\n                        });\r\n                    <\/script>\r\n\r\n                    <input type=\"hidden\" name=\"g-recaptcha-response\">\r\n                \r\n                    <script src=\"https:\/\/www.google.com\/recaptcha\/api.js\"><\/script>\r\n                    <div id='recaptcha' data-theme=\"light\" class=\"g-recaptcha\" data-sitekey=\"6LeFGKEUAAAAAIjOCxo6i8K0UnRSvekph9J5VQTv\" data-callback=\"weformsRecaptchaCallback\"><\/div>\r\n                \r\n                <\/div>\r\n\r\n            \r\n        <\/li>\r\n                <li class=\"wpuf-submit\">\r\n            <div class=\"wpuf-label\">\r\n                &nbsp;\r\n            <\/div>\r\n\r\n            <input type=\"hidden\" id=\"_wpnonce\" name=\"_wpnonce\" value=\"8c3d4b70c5\" \/><input type=\"hidden\" name=\"_wp_http_referer\" value=\"\/index.php?rest_route=%2Fwp%2Fv2%2Fpages%2F9969\" \/>\r\n            <input type=\"hidden\" name=\"form_id\" value=\"9963\">\r\n            <input type=\"hidden\" name=\"page_id\" value=\"9969\">\r\n            <input type=\"hidden\" name=\"action\" value=\"weforms_frontend_submit\">\r\n\r\n                            <input type=\"hidden\" name=\"weforms-front-report\" value=\"no\">\r\n            \r\n            \r\n                            <input type=\"submit\" class=\"weforms_submit_btn wpuf_submit_9963\" name=\"submit\" value=\"Envoyez le message\" \/>\r\n                    <\/li>\r\n                <\/ul>\r\n\r\n        <\/form>\r\n                \n","protected":false},"excerpt":{"rendered":"","protected":false},"author":1,"featured_media":0,"parent":0,"menu_order":5,"comment_status":"closed","ping_status":"closed","template":"","meta":{"footnotes":""},"class_list":["post-9969","page","type-page","status-publish","hentry"],"_links":{"self":[{"href":"https:\/\/lyceedechamalieres.fr\/index.php?rest_route=\/wp\/v2\/pages\/9969","targetHints":{"allow":["GET"]}}],"collection":[{"href":"https:\/\/lyceedechamalieres.fr\/index.php?rest_route=\/wp\/v2\/pages"}],"about":[{"href":"https:\/\/lyceedechamalieres.fr\/index.php?rest_route=\/wp\/v2\/types\/page"}],"author":[{"embeddable":true,"href":"https:\/\/lyceedechamalieres.fr\/index.php?rest_route=\/wp\/v2\/users\/1"}],"replies":[{"embeddable":true,"href":"https:\/\/lyceedechamalieres.fr\/index.php?rest_route=%2Fwp%2Fv2%2Fcomments&post=9969"}],"version-history":[{"count":1,"href":"https:\/\/lyceedechamalieres.fr\/index.php?rest_route=\/wp\/v2\/pages\/9969\/revisions"}],"predecessor-version":[{"id":9970,"href":"https:\/\/lyceedechamalieres.fr\/index.php?rest_route=\/wp\/v2\/pages\/9969\/revisions\/9970"}],"wp:attachment":[{"href":"https:\/\/lyceedechamalieres.fr\/index.php?rest_route=%2Fwp%2Fv2%2Fmedia&parent=9969"}],"curies":[{"name":"wp","href":"https:\/\/api.w.org\/{rel}","templated":true}]}}